{"id":5950815,"date":"2026-02-25T00:01:26","date_gmt":"2026-02-24T23:01:26","guid":{"rendered":"https:\/\/stoic-curie.212-227-153-4.plesk.page\/product\/parker-elektricni-kuhalo-s-poklopcem-290-x-290-x-h115-mm\/"},"modified":"2026-02-25T00:01:26","modified_gmt":"2026-02-24T23:01:26","slug":"parker-elektricni-kuhalo-s-poklopcem-290-x-290-x-h115-mm","status":"publish","type":"product","link":"https:\/\/stoic-curie.212-227-153-4.plesk.page\/hr\/product\/parker-elektricni-kuhalo-s-poklopcem-290-x-290-x-h115-mm\/","title":{"rendered":"Parker Elektri\u010dni Kuhalo s Poklopcem &#8211; 290 x 290 x H115 mm"},"content":{"rendered":"<p>Parker Elektri\u010dni Kuhalo s Poklopcem &#8211; 290 x 290 x H115 mm &#8211; <\/p>\n<p>Parker elektri\u010dno kuhalo ima 220V kuhnu plo\u010du s promjerom od 180 mm i poklopcem. Pru\u017ea sna\u017ean izlaz od 1500W za u\u010dinkovito kuhanje.<\/p>\n","protected":false},"excerpt":{"rendered":"<p>Parker Elektri\u010dni Kuhalo s Poklopcem &#8211; 290 x 290 x H115 mm &#8211; Parker elektri\u010dno kuhalo ima 220V kuhnu plo\u010du<\/p>\n","protected":false},"featured_media":5949276,"comment_status":"open","ping_status":"closed","template":"","meta":[],"product_brand":[3206],"product_cat":[1641],"product_tag":[],"class_list":{"0":"post-5950815","1":"product","2":"type-product","3":"status-publish","4":"has-post-thumbnail","6":"product_brand-nova-argonautica-hr","7":"product_cat-brodski-stednjaci","9":"first","10":"instock","11":"shipping-taxable","12":"purchasable","13":"product-type-simple"},"_links":{"self":[{"href":"https:\/\/stoic-curie.212-227-153-4.plesk.page\/hr\/wp-json\/wp\/v2\/product\/5950815","targetHints":{"allow":["GET"]}}],"collection":[{"href":"https:\/\/stoic-curie.212-227-153-4.plesk.page\/hr\/wp-json\/wp\/v2\/product"}],"about":[{"href":"https:\/\/stoic-curie.212-227-153-4.plesk.page\/hr\/wp-json\/wp\/v2\/types\/product"}],"replies":[{"embeddable":true,"href":"https:\/\/stoic-curie.212-227-153-4.plesk.page\/hr\/wp-json\/wp\/v2\/comments?post=5950815"}],"version-history":[{"count":0,"href":"https:\/\/stoic-curie.212-227-153-4.plesk.page\/hr\/wp-json\/wp\/v2\/product\/5950815\/revisions"}],"wp:featuredmedia":[{"embeddable":true,"href":"https:\/\/stoic-curie.212-227-153-4.plesk.page\/hr\/wp-json\/wp\/v2\/media\/5949276"}],"wp:attachment":[{"href":"https:\/\/stoic-curie.212-227-153-4.plesk.page\/hr\/wp-json\/wp\/v2\/media?parent=5950815"}],"wp:term":[{"taxonomy":"product_brand","embeddable":true,"href":"https:\/\/stoic-curie.212-227-153-4.plesk.page\/hr\/wp-json\/wp\/v2\/product_brand?post=5950815"},{"taxonomy":"product_cat","embeddable":true,"href":"https:\/\/stoic-curie.212-227-153-4.plesk.page\/hr\/wp-json\/wp\/v2\/product_cat?post=5950815"},{"taxonomy":"product_tag","embeddable":true,"href":"https:\/\/stoic-curie.212-227-153-4.plesk.page\/hr\/wp-json\/wp\/v2\/product_tag?post=5950815"}],"curies":[{"name":"wp","href":"https:\/\/api.w.org\/{rel}","templated":true}]}}