{"id":5950820,"date":"2026-02-25T00:01:30","date_gmt":"2026-02-24T23:01:30","guid":{"rendered":"https:\/\/stoic-curie.212-227-153-4.plesk.page\/product\/bd-brza-kutacna-spojnica-g-1-2-navoja-za-crijeva-o-13-mm\/"},"modified":"2026-02-25T00:01:30","modified_gmt":"2026-02-24T23:01:30","slug":"bd-brza-kutacna-spojnica-g-1-2-navoja-za-crijeva-o-13-mm","status":"publish","type":"product","link":"https:\/\/stoic-curie.212-227-153-4.plesk.page\/hr\/product\/bd-brza-kutacna-spojnica-g-1-2-navoja-za-crijeva-o-13-mm\/","title":{"rendered":"Bd Brza Kuta\u010dna Spojnica G 1\/2 Navoja za Crijeva \u00d8 13 mm"},"content":{"rendered":"<p>Bd Brza Kuta\u010dna Spojnica G 1\/2 Navoja za Crijeva \u00d8 13 mm &#8211; <\/p>\n<p>Oja\u010dana brza kuta\u010dna spojnica od polipropilena. Idealna za brzo povezivanje bilo koje vrste fleksibilnog crijeva. Eliminira potrebu za tradicionalnom klamom za crijeva. Osigurava vodonepropusnu brtvu do 16 bara.<\/p>\n","protected":false},"excerpt":{"rendered":"<p>Bd Brza Kuta\u010dna Spojnica G 1\/2 Navoja za Crijeva \u00d8 13 mm &#8211; Oja\u010dana brza kuta\u010dna spojnica od polipropilena. Idealna<\/p>\n","protected":false},"featured_media":5949298,"comment_status":"open","ping_status":"closed","template":"","meta":[],"product_brand":[3356],"product_cat":[1661],"product_tag":[],"class_list":{"0":"post-5950820","1":"product","2":"type-product","3":"status-publish","4":"has-post-thumbnail","6":"product_brand-seaflow-hr","7":"product_cat-elementi-brodskog-vovovoda-plastika","9":"first","10":"instock","11":"shipping-taxable","12":"purchasable","13":"product-type-simple"},"_links":{"self":[{"href":"https:\/\/stoic-curie.212-227-153-4.plesk.page\/hr\/wp-json\/wp\/v2\/product\/5950820","targetHints":{"allow":["GET"]}}],"collection":[{"href":"https:\/\/stoic-curie.212-227-153-4.plesk.page\/hr\/wp-json\/wp\/v2\/product"}],"about":[{"href":"https:\/\/stoic-curie.212-227-153-4.plesk.page\/hr\/wp-json\/wp\/v2\/types\/product"}],"replies":[{"embeddable":true,"href":"https:\/\/stoic-curie.212-227-153-4.plesk.page\/hr\/wp-json\/wp\/v2\/comments?post=5950820"}],"version-history":[{"count":0,"href":"https:\/\/stoic-curie.212-227-153-4.plesk.page\/hr\/wp-json\/wp\/v2\/product\/5950820\/revisions"}],"wp:featuredmedia":[{"embeddable":true,"href":"https:\/\/stoic-curie.212-227-153-4.plesk.page\/hr\/wp-json\/wp\/v2\/media\/5949298"}],"wp:attachment":[{"href":"https:\/\/stoic-curie.212-227-153-4.plesk.page\/hr\/wp-json\/wp\/v2\/media?parent=5950820"}],"wp:term":[{"taxonomy":"product_brand","embeddable":true,"href":"https:\/\/stoic-curie.212-227-153-4.plesk.page\/hr\/wp-json\/wp\/v2\/product_brand?post=5950820"},{"taxonomy":"product_cat","embeddable":true,"href":"https:\/\/stoic-curie.212-227-153-4.plesk.page\/hr\/wp-json\/wp\/v2\/product_cat?post=5950820"},{"taxonomy":"product_tag","embeddable":true,"href":"https:\/\/stoic-curie.212-227-153-4.plesk.page\/hr\/wp-json\/wp\/v2\/product_tag?post=5950820"}],"curies":[{"name":"wp","href":"https:\/\/api.w.org\/{rel}","templated":true}]}}