{"id":5950824,"date":"2026-02-25T00:01:33","date_gmt":"2026-02-24T23:01:33","guid":{"rendered":"https:\/\/stoic-curie.212-227-153-4.plesk.page\/product\/preklopnik-s-polugom-i-led-om-ukljuceno-iskljuceno-kapacitet-16a-3-pinovi\/"},"modified":"2026-02-25T00:01:33","modified_gmt":"2026-02-24T23:01:33","slug":"preklopnik-s-polugom-i-led-om-ukljuceno-iskljuceno-kapacitet-16a-3-pinovi","status":"publish","type":"product","link":"https:\/\/stoic-curie.212-227-153-4.plesk.page\/hr\/product\/preklopnik-s-polugom-i-led-om-ukljuceno-iskljuceno-kapacitet-16a-3-pinovi\/","title":{"rendered":"Preklopnik s polugom i LED-om (Uklju\u010deno) &#8211; Isklju\u010deno, Kapacitet 16A, 3 Pinovi"},"content":{"rendered":"<p>Preklopnik s polugom i LED-om (Uklju\u010deno) &#8211; Isklju\u010deno, Kapacitet 16A, 3 Pinovi &#8211; <\/p>\n<p>12V preklopni prekida\u010d s tijelom od smole i LED svjetlom, opremljen plasti\u010dnom ru\u010dkom. Pozicija &#8216;Uklju\u010deno&#8217; (nazna\u010dena u zagradama) ozna\u010dava trenutnu radnju.<\/p>\n","protected":false},"excerpt":{"rendered":"<p>Preklopnik s polugom i LED-om (Uklju\u010deno) &#8211; Isklju\u010deno, Kapacitet 16A, 3 Pinovi &#8211; 12V preklopni prekida\u010d s tijelom od smole<\/p>\n","protected":false},"featured_media":5949313,"comment_status":"open","ping_status":"closed","template":"","meta":[],"product_brand":[2831],"product_cat":[1743],"product_tag":[],"class_list":{"0":"post-5950824","1":"product","2":"type-product","3":"status-publish","4":"has-post-thumbnail","6":"product_brand-blue-sea-systems-hr","7":"product_cat-elektricni-prekidaci","9":"first","10":"instock","11":"shipping-taxable","12":"purchasable","13":"product-type-simple"},"_links":{"self":[{"href":"https:\/\/stoic-curie.212-227-153-4.plesk.page\/hr\/wp-json\/wp\/v2\/product\/5950824","targetHints":{"allow":["GET"]}}],"collection":[{"href":"https:\/\/stoic-curie.212-227-153-4.plesk.page\/hr\/wp-json\/wp\/v2\/product"}],"about":[{"href":"https:\/\/stoic-curie.212-227-153-4.plesk.page\/hr\/wp-json\/wp\/v2\/types\/product"}],"replies":[{"embeddable":true,"href":"https:\/\/stoic-curie.212-227-153-4.plesk.page\/hr\/wp-json\/wp\/v2\/comments?post=5950824"}],"version-history":[{"count":0,"href":"https:\/\/stoic-curie.212-227-153-4.plesk.page\/hr\/wp-json\/wp\/v2\/product\/5950824\/revisions"}],"wp:featuredmedia":[{"embeddable":true,"href":"https:\/\/stoic-curie.212-227-153-4.plesk.page\/hr\/wp-json\/wp\/v2\/media\/5949313"}],"wp:attachment":[{"href":"https:\/\/stoic-curie.212-227-153-4.plesk.page\/hr\/wp-json\/wp\/v2\/media?parent=5950824"}],"wp:term":[{"taxonomy":"product_brand","embeddable":true,"href":"https:\/\/stoic-curie.212-227-153-4.plesk.page\/hr\/wp-json\/wp\/v2\/product_brand?post=5950824"},{"taxonomy":"product_cat","embeddable":true,"href":"https:\/\/stoic-curie.212-227-153-4.plesk.page\/hr\/wp-json\/wp\/v2\/product_cat?post=5950824"},{"taxonomy":"product_tag","embeddable":true,"href":"https:\/\/stoic-curie.212-227-153-4.plesk.page\/hr\/wp-json\/wp\/v2\/product_tag?post=5950824"}],"curies":[{"name":"wp","href":"https:\/\/api.w.org\/{rel}","templated":true}]}}