{"id":5950826,"date":"2026-02-25T00:01:34","date_gmt":"2026-02-24T23:01:34","guid":{"rendered":"https:\/\/stoic-curie.212-227-153-4.plesk.page\/product\/fln-ip65-zeleni-led-prekidac-ukljuceno-iskljuceno-ukljuceno-6-pinova-kapacitet-20a\/"},"modified":"2026-02-25T00:01:34","modified_gmt":"2026-02-24T23:01:34","slug":"fln-ip65-zeleni-led-prekidac-ukljuceno-iskljuceno-ukljuceno-6-pinova-kapacitet-20a","status":"publish","type":"product","link":"https:\/\/stoic-curie.212-227-153-4.plesk.page\/hr\/product\/fln-ip65-zeleni-led-prekidac-ukljuceno-iskljuceno-ukljuceno-6-pinova-kapacitet-20a\/","title":{"rendered":"FLN IP65 Zeleni LED Prekida\u010d &#8211; Uklju\u010deno-Isklju\u010deno-Uklju\u010deno, 6 Pinova, Kapacitet 20A"},"content":{"rendered":"<p>FLN IP65 Zeleni LED Prekida\u010d &#8211; Uklju\u010deno-Isklju\u010deno-Uklju\u010deno, 6 Pinova, Kapacitet 20A &#8211; <\/p>\n<p>Prekida\u010d s IP65 vodonepropusnom brtvom i zelenom LED indikacijom. Pogodan za bipolarne sklopove s 12\/24V i maksimalnim kapacitetom od 20A.<\/p>\n","protected":false},"excerpt":{"rendered":"<p>FLN IP65 Zeleni LED Prekida\u010d &#8211; Uklju\u010deno-Isklju\u010deno-Uklju\u010deno, 6 Pinova, Kapacitet 20A &#8211; Prekida\u010d s IP65 vodonepropusnom brtvom i zelenom LED<\/p>\n","protected":false},"featured_media":5949320,"comment_status":"open","ping_status":"closed","template":"","meta":[],"product_brand":[2831],"product_cat":[1743],"product_tag":[],"class_list":{"0":"post-5950826","1":"product","2":"type-product","3":"status-publish","4":"has-post-thumbnail","6":"product_brand-blue-sea-systems-hr","7":"product_cat-elektricni-prekidaci","9":"first","10":"instock","11":"shipping-taxable","12":"purchasable","13":"product-type-simple"},"_links":{"self":[{"href":"https:\/\/stoic-curie.212-227-153-4.plesk.page\/hr\/wp-json\/wp\/v2\/product\/5950826","targetHints":{"allow":["GET"]}}],"collection":[{"href":"https:\/\/stoic-curie.212-227-153-4.plesk.page\/hr\/wp-json\/wp\/v2\/product"}],"about":[{"href":"https:\/\/stoic-curie.212-227-153-4.plesk.page\/hr\/wp-json\/wp\/v2\/types\/product"}],"replies":[{"embeddable":true,"href":"https:\/\/stoic-curie.212-227-153-4.plesk.page\/hr\/wp-json\/wp\/v2\/comments?post=5950826"}],"version-history":[{"count":0,"href":"https:\/\/stoic-curie.212-227-153-4.plesk.page\/hr\/wp-json\/wp\/v2\/product\/5950826\/revisions"}],"wp:featuredmedia":[{"embeddable":true,"href":"https:\/\/stoic-curie.212-227-153-4.plesk.page\/hr\/wp-json\/wp\/v2\/media\/5949320"}],"wp:attachment":[{"href":"https:\/\/stoic-curie.212-227-153-4.plesk.page\/hr\/wp-json\/wp\/v2\/media?parent=5950826"}],"wp:term":[{"taxonomy":"product_brand","embeddable":true,"href":"https:\/\/stoic-curie.212-227-153-4.plesk.page\/hr\/wp-json\/wp\/v2\/product_brand?post=5950826"},{"taxonomy":"product_cat","embeddable":true,"href":"https:\/\/stoic-curie.212-227-153-4.plesk.page\/hr\/wp-json\/wp\/v2\/product_cat?post=5950826"},{"taxonomy":"product_tag","embeddable":true,"href":"https:\/\/stoic-curie.212-227-153-4.plesk.page\/hr\/wp-json\/wp\/v2\/product_tag?post=5950826"}],"curies":[{"name":"wp","href":"https:\/\/api.w.org\/{rel}","templated":true}]}}