{"id":5950847,"date":"2026-02-25T00:01:49","date_gmt":"2026-02-24T23:01:49","guid":{"rendered":"https:\/\/stoic-curie.212-227-153-4.plesk.page\/product\/sprenger-prstenovi-o-180-mm-s-rupom-od-7-mm-za-uze-od-5-mm-radno-opterecenje-280-kg\/"},"modified":"2026-02-25T00:01:49","modified_gmt":"2026-02-24T23:01:49","slug":"sprenger-prstenovi-o-180-mm-s-rupom-od-7-mm-za-uze-od-5-mm-radno-opterecenje-280-kg","status":"publish","type":"product","link":"https:\/\/stoic-curie.212-227-153-4.plesk.page\/hr\/product\/sprenger-prstenovi-o-180-mm-s-rupom-od-7-mm-za-uze-od-5-mm-radno-opterecenje-280-kg\/","title":{"rendered":"Sprenger prstenovi \u00d8 18,0 mm s rupom od 7 mm za u\u017ee od 5 mm &#8211; radno optere\u0107enje 280 kg"},"content":{"rendered":"<p>Sprenger prstenovi \u00d8 18,0 mm s rupom od 7 mm za u\u017ee od 5 mm &#8211; radno optere\u0107enje 280 kg &#8211; <\/p>\n<p>Sprenger prstenovi su jaki, a istovremeno lagani, izra\u0111eni od crnog anodiziranog aluminija &#8211; idealni za sve primjene na palubi.<\/p>\n","protected":false},"excerpt":{"rendered":"<p>Sprenger prstenovi \u00d8 18,0 mm s rupom od 7 mm za u\u017ee od 5 mm &#8211; radno optere\u0107enje 280 kg<\/p>\n","protected":false},"featured_media":5949552,"comment_status":"open","ping_status":"closed","template":"","meta":[],"product_brand":[3431],"product_cat":[1769],"product_tag":[],"class_list":{"0":"post-5950847","1":"product","2":"type-product","3":"status-publish","4":"has-post-thumbnail","6":"product_brand-sprenger-hs-hr","7":"product_cat-koloture-za-jedrilice-sprenger","9":"first","10":"instock","11":"shipping-taxable","12":"purchasable","13":"product-type-simple"},"_links":{"self":[{"href":"https:\/\/stoic-curie.212-227-153-4.plesk.page\/hr\/wp-json\/wp\/v2\/product\/5950847","targetHints":{"allow":["GET"]}}],"collection":[{"href":"https:\/\/stoic-curie.212-227-153-4.plesk.page\/hr\/wp-json\/wp\/v2\/product"}],"about":[{"href":"https:\/\/stoic-curie.212-227-153-4.plesk.page\/hr\/wp-json\/wp\/v2\/types\/product"}],"replies":[{"embeddable":true,"href":"https:\/\/stoic-curie.212-227-153-4.plesk.page\/hr\/wp-json\/wp\/v2\/comments?post=5950847"}],"version-history":[{"count":0,"href":"https:\/\/stoic-curie.212-227-153-4.plesk.page\/hr\/wp-json\/wp\/v2\/product\/5950847\/revisions"}],"wp:featuredmedia":[{"embeddable":true,"href":"https:\/\/stoic-curie.212-227-153-4.plesk.page\/hr\/wp-json\/wp\/v2\/media\/5949552"}],"wp:attachment":[{"href":"https:\/\/stoic-curie.212-227-153-4.plesk.page\/hr\/wp-json\/wp\/v2\/media?parent=5950847"}],"wp:term":[{"taxonomy":"product_brand","embeddable":true,"href":"https:\/\/stoic-curie.212-227-153-4.plesk.page\/hr\/wp-json\/wp\/v2\/product_brand?post=5950847"},{"taxonomy":"product_cat","embeddable":true,"href":"https:\/\/stoic-curie.212-227-153-4.plesk.page\/hr\/wp-json\/wp\/v2\/product_cat?post=5950847"},{"taxonomy":"product_tag","embeddable":true,"href":"https:\/\/stoic-curie.212-227-153-4.plesk.page\/hr\/wp-json\/wp\/v2\/product_tag?post=5950847"}],"curies":[{"name":"wp","href":"https:\/\/api.w.org\/{rel}","templated":true}]}}