{"id":5950849,"date":"2026-02-25T00:01:50","date_gmt":"2026-02-24T23:01:50","guid":{"rendered":"https:\/\/stoic-curie.212-227-153-4.plesk.page\/product\/sprenger-prstenovi-o-340-mm-oznaka-14-o-mm-za-10-uze-o-mm-rad-1015-opterecenje-kg\/"},"modified":"2026-02-25T00:01:50","modified_gmt":"2026-02-24T23:01:50","slug":"sprenger-prstenovi-o-340-mm-oznaka-14-o-mm-za-10-uze-o-mm-rad-1015-opterecenje-kg","status":"publish","type":"product","link":"https:\/\/stoic-curie.212-227-153-4.plesk.page\/hr\/product\/sprenger-prstenovi-o-340-mm-oznaka-14-o-mm-za-10-uze-o-mm-rad-1015-opterecenje-kg\/","title":{"rendered":"Sprenger Prstenovi \u00d8 34,0 mm Oznaka 14 \u00d8 mm za 10 U\u017ee \u00d8 mm Rad 1015 Optere\u0107enje kg"},"content":{"rendered":"<p>Sprenger Prstenovi \u00d8 34,0 mm Oznaka 14 \u00d8 mm za 10 U\u017ee \u00d8 mm Rad 1015 Optere\u0107enje kg &#8211; <\/p>\n<p>Sprenger prstenovi su jaki i laki, izra\u0111eni od crno anodiziranog aluminija, idealni za sve aplikacije na palubi.<\/p>\n","protected":false},"excerpt":{"rendered":"<p>Sprenger Prstenovi \u00d8 34,0 mm Oznaka 14 \u00d8 mm za 10 U\u017ee \u00d8 mm Rad 1015 Optere\u0107enje kg &#8211; Sprenger<\/p>\n","protected":false},"featured_media":5949562,"comment_status":"open","ping_status":"closed","template":"","meta":[],"product_brand":[3431],"product_cat":[1769],"product_tag":[],"class_list":{"0":"post-5950849","1":"product","2":"type-product","3":"status-publish","4":"has-post-thumbnail","6":"product_brand-sprenger-hs-hr","7":"product_cat-koloture-za-jedrilice-sprenger","9":"first","10":"instock","11":"shipping-taxable","12":"purchasable","13":"product-type-simple"},"_links":{"self":[{"href":"https:\/\/stoic-curie.212-227-153-4.plesk.page\/hr\/wp-json\/wp\/v2\/product\/5950849","targetHints":{"allow":["GET"]}}],"collection":[{"href":"https:\/\/stoic-curie.212-227-153-4.plesk.page\/hr\/wp-json\/wp\/v2\/product"}],"about":[{"href":"https:\/\/stoic-curie.212-227-153-4.plesk.page\/hr\/wp-json\/wp\/v2\/types\/product"}],"replies":[{"embeddable":true,"href":"https:\/\/stoic-curie.212-227-153-4.plesk.page\/hr\/wp-json\/wp\/v2\/comments?post=5950849"}],"version-history":[{"count":0,"href":"https:\/\/stoic-curie.212-227-153-4.plesk.page\/hr\/wp-json\/wp\/v2\/product\/5950849\/revisions"}],"wp:featuredmedia":[{"embeddable":true,"href":"https:\/\/stoic-curie.212-227-153-4.plesk.page\/hr\/wp-json\/wp\/v2\/media\/5949562"}],"wp:attachment":[{"href":"https:\/\/stoic-curie.212-227-153-4.plesk.page\/hr\/wp-json\/wp\/v2\/media?parent=5950849"}],"wp:term":[{"taxonomy":"product_brand","embeddable":true,"href":"https:\/\/stoic-curie.212-227-153-4.plesk.page\/hr\/wp-json\/wp\/v2\/product_brand?post=5950849"},{"taxonomy":"product_cat","embeddable":true,"href":"https:\/\/stoic-curie.212-227-153-4.plesk.page\/hr\/wp-json\/wp\/v2\/product_cat?post=5950849"},{"taxonomy":"product_tag","embeddable":true,"href":"https:\/\/stoic-curie.212-227-153-4.plesk.page\/hr\/wp-json\/wp\/v2\/product_tag?post=5950849"}],"curies":[{"name":"wp","href":"https:\/\/api.w.org\/{rel}","templated":true}]}}