{"id":5950863,"date":"2026-02-25T00:02:03","date_gmt":"2026-02-24T23:02:03","guid":{"rendered":"https:\/\/stoic-curie.212-227-153-4.plesk.page\/product\/brtva-osovine-propelera-tor-marine-za-osovinu-promjera-50-mm\/"},"modified":"2026-02-25T00:02:03","modified_gmt":"2026-02-24T23:02:03","slug":"brtva-osovine-propelera-tor-marine-za-osovinu-promjera-50-mm","status":"publish","type":"product","link":"https:\/\/stoic-curie.212-227-153-4.plesk.page\/hr\/product\/brtva-osovine-propelera-tor-marine-za-osovinu-promjera-50-mm\/","title":{"rendered":"Brtva osovine propelera Tor Marine za osovinu promjera 50 mm"},"content":{"rendered":"<p>Brtva osovine propelera Tor Marine za osovinu promjera 50 mm &#8211; <\/p>\n<p>Visoko precizna i kvalitetna mehani\u010dka brtva osovine izra\u0111ena od kombinacije 316 nehr\u0111aju\u0107eg \u010delika i grafita, dizajnirana za jednostavnu instalaciju i odr\u017eavanje. Mehani\u010dka brtva postavljena je zahvaljuju\u0107i savr\u0161enoj vezi izme\u0111u nehr\u0111aju\u0107eg \u010deli\u010dnog prstena i grafitnog dijela. Nehr\u0111aju\u0107i \u010deli\u010dni prsten pri\u010dvr\u0161\u0107en je bezglavim vijcima na osovini (tako da se rotira s njom), dok grafitni dio ostaje fiksiran na brtvi osovine. Mehani\u010dke brtve mogu se izravno montirati na sterntube s gumenom rukavicom pri\u010dvr\u0161\u0107enom stezaljkama. Standardna veli\u010dina pri\u010dvr\u0161\u0107enja gumene rukavice na sterntube je 87 mm, ali uz upotrebu redukcija mehani\u010dka brtva mo\u017ee se montirati \u010dak i na sterntube od 70 mm ili od 2\u00bd in\u010da i 3 in\u010da. Mo\u017ee se dopuniti s bron\u010danim adapterom za brtvu osovine za zidnu monta\u017eu koji je kompletan s le\u017eajem podmazanim vodom (vidi kodove 49006354900680).<\/p>\n","protected":false},"excerpt":{"rendered":"<p>Brtva osovine propelera Tor Marine za osovinu promjera 50 mm &#8211; Visoko precizna i kvalitetna mehani\u010dka brtva osovine izra\u0111ena od<\/p>\n","protected":false},"featured_media":5949656,"comment_status":"open","ping_status":"closed","template":"","meta":[],"product_brand":[2931],"product_cat":[1808],"product_tag":[],"class_list":{"0":"post-5950863","1":"product","2":"type-product","3":"status-publish","4":"has-post-thumbnail","6":"product_brand-exalto-marine-hr","7":"product_cat-brtve-osovine-propelera","9":"first","10":"outofstock","11":"shipping-taxable","12":"purchasable","13":"product-type-simple"},"_links":{"self":[{"href":"https:\/\/stoic-curie.212-227-153-4.plesk.page\/hr\/wp-json\/wp\/v2\/product\/5950863","targetHints":{"allow":["GET"]}}],"collection":[{"href":"https:\/\/stoic-curie.212-227-153-4.plesk.page\/hr\/wp-json\/wp\/v2\/product"}],"about":[{"href":"https:\/\/stoic-curie.212-227-153-4.plesk.page\/hr\/wp-json\/wp\/v2\/types\/product"}],"replies":[{"embeddable":true,"href":"https:\/\/stoic-curie.212-227-153-4.plesk.page\/hr\/wp-json\/wp\/v2\/comments?post=5950863"}],"version-history":[{"count":0,"href":"https:\/\/stoic-curie.212-227-153-4.plesk.page\/hr\/wp-json\/wp\/v2\/product\/5950863\/revisions"}],"wp:featuredmedia":[{"embeddable":true,"href":"https:\/\/stoic-curie.212-227-153-4.plesk.page\/hr\/wp-json\/wp\/v2\/media\/5949656"}],"wp:attachment":[{"href":"https:\/\/stoic-curie.212-227-153-4.plesk.page\/hr\/wp-json\/wp\/v2\/media?parent=5950863"}],"wp:term":[{"taxonomy":"product_brand","embeddable":true,"href":"https:\/\/stoic-curie.212-227-153-4.plesk.page\/hr\/wp-json\/wp\/v2\/product_brand?post=5950863"},{"taxonomy":"product_cat","embeddable":true,"href":"https:\/\/stoic-curie.212-227-153-4.plesk.page\/hr\/wp-json\/wp\/v2\/product_cat?post=5950863"},{"taxonomy":"product_tag","embeddable":true,"href":"https:\/\/stoic-curie.212-227-153-4.plesk.page\/hr\/wp-json\/wp\/v2\/product_tag?post=5950863"}],"curies":[{"name":"wp","href":"https:\/\/api.w.org\/{rel}","templated":true}]}}