{"id":5950866,"date":"2026-02-25T00:02:05","date_gmt":"2026-02-24T23:02:05","guid":{"rendered":"https:\/\/stoic-curie.212-227-153-4.plesk.page\/product\/brtva-osovine-propellera-tor-marine-za-osovinu-promjera-2-1-4\/"},"modified":"2026-02-25T00:02:05","modified_gmt":"2026-02-24T23:02:05","slug":"brtva-osovine-propellera-tor-marine-za-osovinu-promjera-2-1-4","status":"publish","type":"product","link":"https:\/\/stoic-curie.212-227-153-4.plesk.page\/hr\/product\/brtva-osovine-propellera-tor-marine-za-osovinu-promjera-2-1-4\/","title":{"rendered":"Brtva osovine propellera Tor Marine za osovinu promjera 2 1\/4&#8243;"},"content":{"rendered":"<p>Brtva osovine propellera Tor Marine za osovinu promjera 2 1\/4&#8243; &#8211; <\/p>\n<p>Visoko precizna i kvalitetna mehani\u010dka brtvila osovine izra\u0111ena od kombinacije 316 nehr\u0111aju\u0107eg \u010delika i grafita, dizajnirana za laku instalaciju i odr\u017eavanje. Mehani\u010dka brtvila posti\u017ee se savr\u0161enim spojem izme\u0111u prstena od nehr\u0111aju\u0107eg \u010delika i grafitnog dijela. Prsten od nehr\u0111aju\u0107eg \u010delika montiran je na osovinu bezglavnim vijcima (\u0161to mu omogu\u0107ava da se rotira s njom), dok grafitni dio ostaje nepomi\u010dan na brtvilu osovine. Mehani\u010dke brtvila mogu se izravno montirati na tube s gumenom \u010da\u0161icom pri\u010dvr\u0161\u0107enom steznim trakama. Standardna veli\u010dina gumene \u010da\u0161ice je 87 mm, ali uz upotrebu adaptera, mehani\u010dka brtva mo\u017ee se montirati na tube od 70 mm ili dimenzije 2\u00bd\u201d i 3\u201d. Mo\u017ee se nadopuniti zidno montiranim bron\u010danim adapterom brtve osovine koji sadr\u017ei podmazivano le\u017eaj (vidi kodove 49006354900680).<\/p>\n","protected":false},"excerpt":{"rendered":"<p>Brtva osovine propellera Tor Marine za osovinu promjera 2 1\/4&#8243; &#8211; Visoko precizna i kvalitetna mehani\u010dka brtvila osovine izra\u0111ena od<\/p>\n","protected":false},"featured_media":5949665,"comment_status":"open","ping_status":"closed","template":"","meta":[],"product_brand":[2931],"product_cat":[1808],"product_tag":[],"class_list":{"0":"post-5950866","1":"product","2":"type-product","3":"status-publish","4":"has-post-thumbnail","6":"product_brand-exalto-marine-hr","7":"product_cat-brtve-osovine-propelera","9":"first","10":"outofstock","11":"shipping-taxable","12":"purchasable","13":"product-type-simple"},"_links":{"self":[{"href":"https:\/\/stoic-curie.212-227-153-4.plesk.page\/hr\/wp-json\/wp\/v2\/product\/5950866","targetHints":{"allow":["GET"]}}],"collection":[{"href":"https:\/\/stoic-curie.212-227-153-4.plesk.page\/hr\/wp-json\/wp\/v2\/product"}],"about":[{"href":"https:\/\/stoic-curie.212-227-153-4.plesk.page\/hr\/wp-json\/wp\/v2\/types\/product"}],"replies":[{"embeddable":true,"href":"https:\/\/stoic-curie.212-227-153-4.plesk.page\/hr\/wp-json\/wp\/v2\/comments?post=5950866"}],"version-history":[{"count":0,"href":"https:\/\/stoic-curie.212-227-153-4.plesk.page\/hr\/wp-json\/wp\/v2\/product\/5950866\/revisions"}],"wp:featuredmedia":[{"embeddable":true,"href":"https:\/\/stoic-curie.212-227-153-4.plesk.page\/hr\/wp-json\/wp\/v2\/media\/5949665"}],"wp:attachment":[{"href":"https:\/\/stoic-curie.212-227-153-4.plesk.page\/hr\/wp-json\/wp\/v2\/media?parent=5950866"}],"wp:term":[{"taxonomy":"product_brand","embeddable":true,"href":"https:\/\/stoic-curie.212-227-153-4.plesk.page\/hr\/wp-json\/wp\/v2\/product_brand?post=5950866"},{"taxonomy":"product_cat","embeddable":true,"href":"https:\/\/stoic-curie.212-227-153-4.plesk.page\/hr\/wp-json\/wp\/v2\/product_cat?post=5950866"},{"taxonomy":"product_tag","embeddable":true,"href":"https:\/\/stoic-curie.212-227-153-4.plesk.page\/hr\/wp-json\/wp\/v2\/product_tag?post=5950866"}],"curies":[{"name":"wp","href":"https:\/\/api.w.org\/{rel}","templated":true}]}}