{"id":5950867,"date":"2026-02-25T00:02:06","date_gmt":"2026-02-24T23:02:06","guid":{"rendered":"https:\/\/stoic-curie.212-227-153-4.plesk.page\/product\/zaptivka-propelerne-osovine-tor-marine-za-osovinu-promjera-60-mm\/"},"modified":"2026-02-25T00:02:06","modified_gmt":"2026-02-24T23:02:06","slug":"zaptivka-propelerne-osovine-tor-marine-za-osovinu-promjera-60-mm","status":"publish","type":"product","link":"https:\/\/stoic-curie.212-227-153-4.plesk.page\/hr\/product\/zaptivka-propelerne-osovine-tor-marine-za-osovinu-promjera-60-mm\/","title":{"rendered":"Zaptivka propelerne osovine Tor Marine za osovinu promjera 60 mm"},"content":{"rendered":"<p>Zaptivka propelerne osovine Tor Marine za osovinu promjera 60 mm &#8211; <\/p>\n<p>Visoko precizna i kvalitetna mehani\u010dka brtva osovine izra\u0111ena od kombinacije 316 nehr\u0111aju\u0107eg \u010delika i grafita, dizajnirana za jednostavnu instalaciju i odr\u017eavanje. Mehani\u010dka brtva funkcionira zahvaljuju\u0107i savr\u0161enoj vezi izme\u0111u prstena od nehr\u0111aju\u0107eg \u010delika i grafitnog dijela. Prsten od nehr\u0111aju\u0107eg \u010delika montira se s be\u0161avnim vijcima na osovini, rotira s njom, dok grafitni dio ostaje nepomi\u010dan na brtvi osovine. Mehani\u010dke brtve osovine mogu se izravno montirati na krmne cijevi s gumenom man\u017eetom pri\u010dvr\u0161\u0107enom kop\u010dama. Standardna veli\u010dina pri\u010dvr\u0161\u0107ivanja gumene man\u017eetne na krmenoj cijevi iznosi 113 mm, ali pomo\u0107u reducira mehani\u010dka brtva mo\u017ee se montirati i na krmne cijevi veli\u010dine 80 mm ili 3\u00bc i 4 in\u010da. Mo\u017ee se nadopuniti adapterom za brtvu osovine od bronce za zidno monta\u017eu, kompletnim s vodenim podmazanim le\u017eajem (vidi kodove 49006354900680).<\/p>\n","protected":false},"excerpt":{"rendered":"<p>Zaptivka propelerne osovine Tor Marine za osovinu promjera 60 mm &#8211; Visoko precizna i kvalitetna mehani\u010dka brtva osovine izra\u0111ena od<\/p>\n","protected":false},"featured_media":5949668,"comment_status":"open","ping_status":"closed","template":"","meta":[],"product_brand":[2931],"product_cat":[1808],"product_tag":[],"class_list":{"0":"post-5950867","1":"product","2":"type-product","3":"status-publish","4":"has-post-thumbnail","6":"product_brand-exalto-marine-hr","7":"product_cat-brtve-osovine-propelera","9":"first","10":"instock","11":"shipping-taxable","12":"purchasable","13":"product-type-simple"},"_links":{"self":[{"href":"https:\/\/stoic-curie.212-227-153-4.plesk.page\/hr\/wp-json\/wp\/v2\/product\/5950867","targetHints":{"allow":["GET"]}}],"collection":[{"href":"https:\/\/stoic-curie.212-227-153-4.plesk.page\/hr\/wp-json\/wp\/v2\/product"}],"about":[{"href":"https:\/\/stoic-curie.212-227-153-4.plesk.page\/hr\/wp-json\/wp\/v2\/types\/product"}],"replies":[{"embeddable":true,"href":"https:\/\/stoic-curie.212-227-153-4.plesk.page\/hr\/wp-json\/wp\/v2\/comments?post=5950867"}],"version-history":[{"count":0,"href":"https:\/\/stoic-curie.212-227-153-4.plesk.page\/hr\/wp-json\/wp\/v2\/product\/5950867\/revisions"}],"wp:featuredmedia":[{"embeddable":true,"href":"https:\/\/stoic-curie.212-227-153-4.plesk.page\/hr\/wp-json\/wp\/v2\/media\/5949668"}],"wp:attachment":[{"href":"https:\/\/stoic-curie.212-227-153-4.plesk.page\/hr\/wp-json\/wp\/v2\/media?parent=5950867"}],"wp:term":[{"taxonomy":"product_brand","embeddable":true,"href":"https:\/\/stoic-curie.212-227-153-4.plesk.page\/hr\/wp-json\/wp\/v2\/product_brand?post=5950867"},{"taxonomy":"product_cat","embeddable":true,"href":"https:\/\/stoic-curie.212-227-153-4.plesk.page\/hr\/wp-json\/wp\/v2\/product_cat?post=5950867"},{"taxonomy":"product_tag","embeddable":true,"href":"https:\/\/stoic-curie.212-227-153-4.plesk.page\/hr\/wp-json\/wp\/v2\/product_tag?post=5950867"}],"curies":[{"name":"wp","href":"https:\/\/api.w.org\/{rel}","templated":true}]}}