{"id":5950868,"date":"2026-02-25T00:02:06","date_gmt":"2026-02-24T23:02:06","guid":{"rendered":"https:\/\/stoic-curie.212-227-153-4.plesk.page\/product\/brtva-osovine-propelera-tor-marine-za-osovinu-2-1-2\/"},"modified":"2026-02-25T00:02:06","modified_gmt":"2026-02-24T23:02:06","slug":"brtva-osovine-propelera-tor-marine-za-osovinu-2-1-2","status":"publish","type":"product","link":"https:\/\/stoic-curie.212-227-153-4.plesk.page\/hr\/product\/brtva-osovine-propelera-tor-marine-za-osovinu-2-1-2\/","title":{"rendered":"Brtva osovine propelera Tor Marine za osovinu 2 1\/2&#8243;"},"content":{"rendered":"<p>Brtva osovine propelera Tor Marine za osovinu 2 1\/2&#8243; &#8211; <\/p>\n<p>Visoko precizna i kvalitetna mehani\u010dka brtva osovine napravljena od kombinacije 316 nehr\u0111aju\u0107eg \u010delika i grafita, dizajnirana za jednostavnu instalaciju i odr\u017eavanje. Mehani\u010dka brtva stvara savr\u0161enu vezu izme\u0111u prstena od nehr\u0111aju\u0107eg \u010delika i grafitnog dijela. Prsten od nehr\u0111aju\u0107eg \u010delika montira se pomo\u0107u glavolike vijka na osovini, \u0161to omogu\u0107ava rotaciju zajedno s osovinom, dok grafitni dio ostaje nepomi\u010dan na brtvi osovine. Ove mehani\u010dke brtve osovine mogu se izravno montirati na sterntube sa gumenom \u010da\u0161om pri\u010dvr\u0161\u0107enom steznicama. Standardna veli\u010dina pri\u010dvr\u0161\u0107enja gumene \u010da\u0161e na sterntubeu je 113 mm, ali uz upotrebu smanjenja, mehani\u010dka brtva mo\u017ee se montirati i na sterntube od 80 mm, kao i na one od 3&#8243;1\/4 i 4&#8243;. Tako\u0111er se mo\u017ee dopuniti s adapterom za brtvu osovine od bron\u010danog materijala montiranim na zid, kompletan s le\u017eajem podmazivanim vodom (vidi kodove 49006354900680).<\/p>\n","protected":false},"excerpt":{"rendered":"<p>Brtva osovine propelera Tor Marine za osovinu 2 1\/2&#8243; &#8211; Visoko precizna i kvalitetna mehani\u010dka brtva osovine napravljena od kombinacije<\/p>\n","protected":false},"featured_media":5949671,"comment_status":"open","ping_status":"closed","template":"","meta":[],"product_brand":[2931],"product_cat":[1808],"product_tag":[],"class_list":{"0":"post-5950868","1":"product","2":"type-product","3":"status-publish","4":"has-post-thumbnail","6":"product_brand-exalto-marine-hr","7":"product_cat-brtve-osovine-propelera","9":"first","10":"outofstock","11":"shipping-taxable","12":"purchasable","13":"product-type-simple"},"_links":{"self":[{"href":"https:\/\/stoic-curie.212-227-153-4.plesk.page\/hr\/wp-json\/wp\/v2\/product\/5950868","targetHints":{"allow":["GET"]}}],"collection":[{"href":"https:\/\/stoic-curie.212-227-153-4.plesk.page\/hr\/wp-json\/wp\/v2\/product"}],"about":[{"href":"https:\/\/stoic-curie.212-227-153-4.plesk.page\/hr\/wp-json\/wp\/v2\/types\/product"}],"replies":[{"embeddable":true,"href":"https:\/\/stoic-curie.212-227-153-4.plesk.page\/hr\/wp-json\/wp\/v2\/comments?post=5950868"}],"version-history":[{"count":0,"href":"https:\/\/stoic-curie.212-227-153-4.plesk.page\/hr\/wp-json\/wp\/v2\/product\/5950868\/revisions"}],"wp:featuredmedia":[{"embeddable":true,"href":"https:\/\/stoic-curie.212-227-153-4.plesk.page\/hr\/wp-json\/wp\/v2\/media\/5949671"}],"wp:attachment":[{"href":"https:\/\/stoic-curie.212-227-153-4.plesk.page\/hr\/wp-json\/wp\/v2\/media?parent=5950868"}],"wp:term":[{"taxonomy":"product_brand","embeddable":true,"href":"https:\/\/stoic-curie.212-227-153-4.plesk.page\/hr\/wp-json\/wp\/v2\/product_brand?post=5950868"},{"taxonomy":"product_cat","embeddable":true,"href":"https:\/\/stoic-curie.212-227-153-4.plesk.page\/hr\/wp-json\/wp\/v2\/product_cat?post=5950868"},{"taxonomy":"product_tag","embeddable":true,"href":"https:\/\/stoic-curie.212-227-153-4.plesk.page\/hr\/wp-json\/wp\/v2\/product_tag?post=5950868"}],"curies":[{"name":"wp","href":"https:\/\/api.w.org\/{rel}","templated":true}]}}