{"id":5950873,"date":"2026-02-25T00:02:09","date_gmt":"2026-02-24T23:02:09","guid":{"rendered":"https:\/\/stoic-curie.212-227-153-4.plesk.page\/product\/3c-gelcoat-s-parafinom-limenka-050-kg-bijela\/"},"modified":"2026-02-25T00:02:09","modified_gmt":"2026-02-24T23:02:09","slug":"3c-gelcoat-s-parafinom-limenka-050-kg-bijela","status":"publish","type":"product","link":"https:\/\/stoic-curie.212-227-153-4.plesk.page\/hr\/product\/3c-gelcoat-s-parafinom-limenka-050-kg-bijela\/","title":{"rendered":"3C Gelcoat s Parafinom &#8211; Limenka 0,50 kg &#8211; Bijela"},"content":{"rendered":"<p>3C Gelcoat s Parafinom &#8211; Limenka 0,50 kg &#8211; Bijela &#8211; <\/p>\n<p>3C Gelcoat dostupan je u limenci, s ili bez parafina, kompletan s u\u010dvr\u0161\u0107iva\u010dem.<\/p>\n","protected":false},"excerpt":{"rendered":"<p>3C Gelcoat s Parafinom &#8211; Limenka 0,50 kg &#8211; Bijela &#8211; 3C Gelcoat dostupan je u limenci, s ili bez<\/p>\n","protected":false},"featured_media":5949696,"comment_status":"open","ping_status":"closed","template":"","meta":[],"product_brand":[2871],"product_cat":[1634],"product_tag":[],"class_list":{"0":"post-5950873","1":"product","2":"type-product","3":"status-publish","4":"has-post-thumbnail","6":"product_brand-crc-marine-hr","7":"product_cat-brodske-boje","9":"first","10":"instock","11":"shipping-taxable","12":"purchasable","13":"product-type-simple"},"_links":{"self":[{"href":"https:\/\/stoic-curie.212-227-153-4.plesk.page\/hr\/wp-json\/wp\/v2\/product\/5950873","targetHints":{"allow":["GET"]}}],"collection":[{"href":"https:\/\/stoic-curie.212-227-153-4.plesk.page\/hr\/wp-json\/wp\/v2\/product"}],"about":[{"href":"https:\/\/stoic-curie.212-227-153-4.plesk.page\/hr\/wp-json\/wp\/v2\/types\/product"}],"replies":[{"embeddable":true,"href":"https:\/\/stoic-curie.212-227-153-4.plesk.page\/hr\/wp-json\/wp\/v2\/comments?post=5950873"}],"version-history":[{"count":0,"href":"https:\/\/stoic-curie.212-227-153-4.plesk.page\/hr\/wp-json\/wp\/v2\/product\/5950873\/revisions"}],"wp:featuredmedia":[{"embeddable":true,"href":"https:\/\/stoic-curie.212-227-153-4.plesk.page\/hr\/wp-json\/wp\/v2\/media\/5949696"}],"wp:attachment":[{"href":"https:\/\/stoic-curie.212-227-153-4.plesk.page\/hr\/wp-json\/wp\/v2\/media?parent=5950873"}],"wp:term":[{"taxonomy":"product_brand","embeddable":true,"href":"https:\/\/stoic-curie.212-227-153-4.plesk.page\/hr\/wp-json\/wp\/v2\/product_brand?post=5950873"},{"taxonomy":"product_cat","embeddable":true,"href":"https:\/\/stoic-curie.212-227-153-4.plesk.page\/hr\/wp-json\/wp\/v2\/product_cat?post=5950873"},{"taxonomy":"product_tag","embeddable":true,"href":"https:\/\/stoic-curie.212-227-153-4.plesk.page\/hr\/wp-json\/wp\/v2\/product_tag?post=5950873"}],"curies":[{"name":"wp","href":"https:\/\/api.w.org\/{rel}","templated":true}]}}