{"id":5950876,"date":"2026-02-25T00:02:11","date_gmt":"2026-02-24T23:02:11","guid":{"rendered":"https:\/\/stoic-curie.212-227-153-4.plesk.page\/product\/tk-sampon-za-ciscenje-brodova-pakiranje-1-l\/"},"modified":"2026-02-25T00:02:11","modified_gmt":"2026-02-24T23:02:11","slug":"tk-sampon-za-ciscenje-brodova-pakiranje-1-l","status":"publish","type":"product","link":"https:\/\/stoic-curie.212-227-153-4.plesk.page\/hr\/product\/tk-sampon-za-ciscenje-brodova-pakiranje-1-l\/","title":{"rendered":"TK \u0160ampon za \u010ci\u0161\u0107enje Brodova Pakiranje 1 L"},"content":{"rendered":"<p>TK \u0160ampon za \u010ci\u0161\u0107enje Brodova Pakiranje 1 L &#8211; <\/p>\n<p>Visoko koncentrirani neutralni \u0161ampon namijenjen vanjskom pranju brodova i za sve unutarnje primjene. Zadr\u017eava svoja svojstva \u010dak i kada se mije\u0161a sa slanom vodom.<\/p>\n","protected":false},"excerpt":{"rendered":"<p>TK \u0160ampon za \u010ci\u0161\u0107enje Brodova Pakiranje 1 L &#8211; Visoko koncentrirani neutralni \u0161ampon namijenjen vanjskom pranju brodova i za sve<\/p>\n","protected":false},"featured_media":5949706,"comment_status":"open","ping_status":"closed","template":"","meta":[],"product_brand":[3401],"product_cat":[1628],"product_tag":[],"class_list":{"0":"post-5950876","1":"product","2":"type-product","3":"status-publish","4":"has-post-thumbnail","6":"product_brand-silpar-tk-hr","7":"product_cat-proizvodi-za-ciscenje","9":"first","10":"instock","11":"shipping-taxable","12":"purchasable","13":"product-type-simple"},"_links":{"self":[{"href":"https:\/\/stoic-curie.212-227-153-4.plesk.page\/hr\/wp-json\/wp\/v2\/product\/5950876","targetHints":{"allow":["GET"]}}],"collection":[{"href":"https:\/\/stoic-curie.212-227-153-4.plesk.page\/hr\/wp-json\/wp\/v2\/product"}],"about":[{"href":"https:\/\/stoic-curie.212-227-153-4.plesk.page\/hr\/wp-json\/wp\/v2\/types\/product"}],"replies":[{"embeddable":true,"href":"https:\/\/stoic-curie.212-227-153-4.plesk.page\/hr\/wp-json\/wp\/v2\/comments?post=5950876"}],"version-history":[{"count":0,"href":"https:\/\/stoic-curie.212-227-153-4.plesk.page\/hr\/wp-json\/wp\/v2\/product\/5950876\/revisions"}],"wp:featuredmedia":[{"embeddable":true,"href":"https:\/\/stoic-curie.212-227-153-4.plesk.page\/hr\/wp-json\/wp\/v2\/media\/5949706"}],"wp:attachment":[{"href":"https:\/\/stoic-curie.212-227-153-4.plesk.page\/hr\/wp-json\/wp\/v2\/media?parent=5950876"}],"wp:term":[{"taxonomy":"product_brand","embeddable":true,"href":"https:\/\/stoic-curie.212-227-153-4.plesk.page\/hr\/wp-json\/wp\/v2\/product_brand?post=5950876"},{"taxonomy":"product_cat","embeddable":true,"href":"https:\/\/stoic-curie.212-227-153-4.plesk.page\/hr\/wp-json\/wp\/v2\/product_cat?post=5950876"},{"taxonomy":"product_tag","embeddable":true,"href":"https:\/\/stoic-curie.212-227-153-4.plesk.page\/hr\/wp-json\/wp\/v2\/product_tag?post=5950876"}],"curies":[{"name":"wp","href":"https:\/\/api.w.org\/{rel}","templated":true}]}}