{"id":5950879,"date":"2026-02-25T00:02:13","date_gmt":"2026-02-24T23:02:13","guid":{"rendered":"https:\/\/stoic-curie.212-227-153-4.plesk.page\/product\/plavi-kljucni-prsten-banana\/"},"modified":"2026-02-25T00:02:13","modified_gmt":"2026-02-24T23:02:13","slug":"plavi-kljucni-prsten-banana","status":"publish","type":"product","link":"https:\/\/stoic-curie.212-227-153-4.plesk.page\/hr\/product\/plavi-kljucni-prsten-banana\/","title":{"rendered":"Plavi Klju\u010dni Prsten Banana"},"content":{"rendered":"<p>Plavi Klju\u010dni Prsten Banana &#8211; <\/p>\n<p>Meki PVC klju\u010dni prsten u obliku smije\u0161ne &#8216;banane&#8217; koji pluta.<\/p>\n","protected":false},"excerpt":{"rendered":"<p>Plavi Klju\u010dni Prsten Banana &#8211; Meki PVC klju\u010dni prsten u obliku smije\u0161ne &#8216;banane&#8217; koji pluta.<\/p>\n","protected":false},"featured_media":5949715,"comment_status":"open","ping_status":"closed","template":"","meta":[],"product_brand":[3206],"product_cat":[1853],"product_tag":[],"class_list":{"0":"post-5950879","1":"product","2":"type-product","3":"status-publish","4":"has-post-thumbnail","6":"product_brand-nova-argonautica-hr","7":"product_cat-nauticki-privjesci-za-kljuceve","9":"first","10":"instock","11":"shipping-taxable","12":"purchasable","13":"product-type-simple"},"_links":{"self":[{"href":"https:\/\/stoic-curie.212-227-153-4.plesk.page\/hr\/wp-json\/wp\/v2\/product\/5950879","targetHints":{"allow":["GET"]}}],"collection":[{"href":"https:\/\/stoic-curie.212-227-153-4.plesk.page\/hr\/wp-json\/wp\/v2\/product"}],"about":[{"href":"https:\/\/stoic-curie.212-227-153-4.plesk.page\/hr\/wp-json\/wp\/v2\/types\/product"}],"replies":[{"embeddable":true,"href":"https:\/\/stoic-curie.212-227-153-4.plesk.page\/hr\/wp-json\/wp\/v2\/comments?post=5950879"}],"version-history":[{"count":0,"href":"https:\/\/stoic-curie.212-227-153-4.plesk.page\/hr\/wp-json\/wp\/v2\/product\/5950879\/revisions"}],"wp:featuredmedia":[{"embeddable":true,"href":"https:\/\/stoic-curie.212-227-153-4.plesk.page\/hr\/wp-json\/wp\/v2\/media\/5949715"}],"wp:attachment":[{"href":"https:\/\/stoic-curie.212-227-153-4.plesk.page\/hr\/wp-json\/wp\/v2\/media?parent=5950879"}],"wp:term":[{"taxonomy":"product_brand","embeddable":true,"href":"https:\/\/stoic-curie.212-227-153-4.plesk.page\/hr\/wp-json\/wp\/v2\/product_brand?post=5950879"},{"taxonomy":"product_cat","embeddable":true,"href":"https:\/\/stoic-curie.212-227-153-4.plesk.page\/hr\/wp-json\/wp\/v2\/product_cat?post=5950879"},{"taxonomy":"product_tag","embeddable":true,"href":"https:\/\/stoic-curie.212-227-153-4.plesk.page\/hr\/wp-json\/wp\/v2\/product_tag?post=5950879"}],"curies":[{"name":"wp","href":"https:\/\/api.w.org\/{rel}","templated":true}]}}