{"id":5950881,"date":"2026-02-25T00:02:14","date_gmt":"2026-02-24T23:02:14","guid":{"rendered":"https:\/\/stoic-curie.212-227-153-4.plesk.page\/product\/plutajuci-privjesak-za-kljuceve-banana-zuta\/"},"modified":"2026-02-25T00:02:14","modified_gmt":"2026-02-24T23:02:14","slug":"plutajuci-privjesak-za-kljuceve-banana-zuta","status":"publish","type":"product","link":"https:\/\/stoic-curie.212-227-153-4.plesk.page\/hr\/product\/plutajuci-privjesak-za-kljuceve-banana-zuta\/","title":{"rendered":"Plutaju\u0107i Privjesak za Klju\u010deve &#8216;Banana&#8217; &#8211; \u017duta"},"content":{"rendered":"<p>Plutaju\u0107i Privjesak za Klju\u010deve &#8216;Banana&#8217; &#8211; \u017duta &#8211; <\/p>\n<p>Mekani PVC plutaju\u0107i privjesci za klju\u010deve u veseloj bananastom dizajnu.<\/p>\n","protected":false},"excerpt":{"rendered":"<p>Plutaju\u0107i Privjesak za Klju\u010deve &#8216;Banana&#8217; &#8211; \u017duta &#8211; Mekani PVC plutaju\u0107i privjesci za klju\u010deve u veseloj bananastom dizajnu.<\/p>\n","protected":false},"featured_media":5949719,"comment_status":"open","ping_status":"closed","template":"","meta":[],"product_brand":[3206],"product_cat":[1853],"product_tag":[],"class_list":{"0":"post-5950881","1":"product","2":"type-product","3":"status-publish","4":"has-post-thumbnail","6":"product_brand-nova-argonautica-hr","7":"product_cat-nauticki-privjesci-za-kljuceve","9":"first","10":"instock","11":"shipping-taxable","12":"purchasable","13":"product-type-simple"},"_links":{"self":[{"href":"https:\/\/stoic-curie.212-227-153-4.plesk.page\/hr\/wp-json\/wp\/v2\/product\/5950881","targetHints":{"allow":["GET"]}}],"collection":[{"href":"https:\/\/stoic-curie.212-227-153-4.plesk.page\/hr\/wp-json\/wp\/v2\/product"}],"about":[{"href":"https:\/\/stoic-curie.212-227-153-4.plesk.page\/hr\/wp-json\/wp\/v2\/types\/product"}],"replies":[{"embeddable":true,"href":"https:\/\/stoic-curie.212-227-153-4.plesk.page\/hr\/wp-json\/wp\/v2\/comments?post=5950881"}],"version-history":[{"count":0,"href":"https:\/\/stoic-curie.212-227-153-4.plesk.page\/hr\/wp-json\/wp\/v2\/product\/5950881\/revisions"}],"wp:featuredmedia":[{"embeddable":true,"href":"https:\/\/stoic-curie.212-227-153-4.plesk.page\/hr\/wp-json\/wp\/v2\/media\/5949719"}],"wp:attachment":[{"href":"https:\/\/stoic-curie.212-227-153-4.plesk.page\/hr\/wp-json\/wp\/v2\/media?parent=5950881"}],"wp:term":[{"taxonomy":"product_brand","embeddable":true,"href":"https:\/\/stoic-curie.212-227-153-4.plesk.page\/hr\/wp-json\/wp\/v2\/product_brand?post=5950881"},{"taxonomy":"product_cat","embeddable":true,"href":"https:\/\/stoic-curie.212-227-153-4.plesk.page\/hr\/wp-json\/wp\/v2\/product_cat?post=5950881"},{"taxonomy":"product_tag","embeddable":true,"href":"https:\/\/stoic-curie.212-227-153-4.plesk.page\/hr\/wp-json\/wp\/v2\/product_tag?post=5950881"}],"curies":[{"name":"wp","href":"https:\/\/api.w.org\/{rel}","templated":true}]}}