{"id":739151,"date":"2025-03-03T18:02:37","date_gmt":"2025-03-03T17:02:37","guid":{"rendered":"https:\/\/stoic-curie.212-227-153-4.plesk.page\/producto\/kontrola-morse-teleflex-mt3-twin\/"},"modified":"2026-02-25T00:00:27","modified_gmt":"2026-02-25T00:00:27","slug":"kontrola-morse-teleflex-mt3-twin","status":"publish","type":"product","link":"https:\/\/stoic-curie.212-227-153-4.plesk.page\/hr\/product\/kontrola-morse-teleflex-mt3-twin\/","title":{"rendered":"Kontrola Morse Teleflex MT3 Twin"},"content":{"rendered":"<p>Kontrola Morse Teleflex MT3 Twin &#8211; <\/p>\n<p>Kontrola s dvostrukom akcijom za gasa i mjenja\u010d za unutarnje i vanbrodske motore. Hromirana inox ru\u010dka i tijelo, monta\u017ea na vrhu. Koristi C2 \/ C8 \/ C33 \/ MACHZero kontrolne kabele.<\/p>\n","protected":false},"excerpt":{"rendered":"<p>Kontrola Morse Teleflex MT3 Twin &#8211; Kontrola s dvostrukom akcijom za gasa i mjenja\u010d za unutarnje i vanbrodske motore. Hromirana<\/p>\n","protected":false},"featured_media":5935629,"comment_status":"open","ping_status":"closed","template":"","meta":[],"product_brand":[3361],"product_cat":[1791],"product_tag":[],"class_list":{"0":"post-739151","1":"product","2":"type-product","3":"status-publish","4":"has-post-thumbnail","6":"product_brand-seastar-teleflex-hr","7":"product_cat-morse-poluge-gasa","9":"first","10":"instock","11":"shipping-taxable","12":"purchasable","13":"product-type-simple"},"_links":{"self":[{"href":"https:\/\/stoic-curie.212-227-153-4.plesk.page\/hr\/wp-json\/wp\/v2\/product\/739151","targetHints":{"allow":["GET"]}}],"collection":[{"href":"https:\/\/stoic-curie.212-227-153-4.plesk.page\/hr\/wp-json\/wp\/v2\/product"}],"about":[{"href":"https:\/\/stoic-curie.212-227-153-4.plesk.page\/hr\/wp-json\/wp\/v2\/types\/product"}],"replies":[{"embeddable":true,"href":"https:\/\/stoic-curie.212-227-153-4.plesk.page\/hr\/wp-json\/wp\/v2\/comments?post=739151"}],"version-history":[{"count":0,"href":"https:\/\/stoic-curie.212-227-153-4.plesk.page\/hr\/wp-json\/wp\/v2\/product\/739151\/revisions"}],"wp:featuredmedia":[{"embeddable":true,"href":"https:\/\/stoic-curie.212-227-153-4.plesk.page\/hr\/wp-json\/wp\/v2\/media\/5935629"}],"wp:attachment":[{"href":"https:\/\/stoic-curie.212-227-153-4.plesk.page\/hr\/wp-json\/wp\/v2\/media?parent=739151"}],"wp:term":[{"taxonomy":"product_brand","embeddable":true,"href":"https:\/\/stoic-curie.212-227-153-4.plesk.page\/hr\/wp-json\/wp\/v2\/product_brand?post=739151"},{"taxonomy":"product_cat","embeddable":true,"href":"https:\/\/stoic-curie.212-227-153-4.plesk.page\/hr\/wp-json\/wp\/v2\/product_cat?post=739151"},{"taxonomy":"product_tag","embeddable":true,"href":"https:\/\/stoic-curie.212-227-153-4.plesk.page\/hr\/wp-json\/wp\/v2\/product_tag?post=739151"}],"curies":[{"name":"wp","href":"https:\/\/api.w.org\/{rel}","templated":true}]}}