{"id":739153,"date":"2025-03-03T18:02:38","date_gmt":"2025-03-03T17:02:38","guid":{"rendered":"https:\/\/stoic-curie.212-227-153-4.plesk.page\/producto\/hidraulicna-pumpa-kormila-ultraflex-up33f-svs\/"},"modified":"2026-02-25T00:00:27","modified_gmt":"2026-02-25T00:00:27","slug":"hidraulicna-pumpa-kormila-ultraflex-up33f-svs","status":"publish","type":"product","link":"https:\/\/stoic-curie.212-227-153-4.plesk.page\/hr\/product\/hidraulicna-pumpa-kormila-ultraflex-up33f-svs\/","title":{"rendered":"Hidraulicna pumpa Ultraflex UP33F-SVS"},"content":{"rendered":"<p>Hidraulicna pumpa Ultraflex UP33F-SVS &#8211; <\/p>\n<p><strong>UP33F-SVS 42475 N Hidrauli\u010dni upravlja\u010dki sustav &#8211; 1500 PSI, 2.0 CU IN<\/strong><\/p>\n<ul>\n<li>Posjeduje ugra\u0111eni sigurnosni ventil za sigurno zaklju\u010davanje kormila<\/li>\n<li>Dolazi s integriranim za\u0161titnim ventilom kako bi se sprije\u010dilo prekomjerno pritisak<\/li>\n<li>Izra\u0111en je s konusnom osovinom od nehr\u0111aju\u0107eg \u010delika promjera 3\/4\u2033 za dodatnu \u010dvrsto\u0107u<\/li>\n<li>Ventil za zaklju\u010davanje i brtva osovine lako su dostupni za jednostavnu zamjenu<\/li>\n<li>Uklju\u010duje 90\u00b0 prilagodljive spojnice prikladne za crijevo promjera 3\/8\u201d<\/li>\n<li>Opremljen je kliznim le\u017eajem za glatko funkcioniranje<\/li>\n<li>Izra\u0111en s rotoru od lijevanog \u017eeljeza za pobolj\u0161anu izdr\u017eljivost i du\u017ei radni vijek<\/li>\n<li>Kompatibilan s X64 kvadratnom ili X57 okruglom flangom za instalaciju na me\u0111udashboard lokacijama<\/li>\n<li>Mehanizam nagiba: X72 raspon nagiba od 60\u00b0 s pet pozicija zaklju\u010davanja<\/li>\n<\/ul>\n<p><strong>Specifikacije:<\/strong><\/p>\n<ul>\n<li>Vrsta monta\u017ee: Prednja monta\u017ea<\/li>\n<li>Pomak po okretaju: 33 cc &#8211; 2.0 cu.in<\/li>\n<li>Broj klipova: 7<\/li>\n<li>Podesavanje za\u0161titnog ventila: 70 Bar &#8211; 1000 PSI<\/li>\n<li>Maksimalni promjer volana: 710 mm (28&#8243;)<\/li>\n<li>Te\u017eina: 5 kg (11 lbs)<\/li>\n<\/ul>\n<p>SilverSteer\u2122 je posebno dizajniran za primjenu visoke u\u010dinkovitosti i visokog okretnog momenta. Posjeduje upravlja\u010dki sustav od 1500 psi i klju\u010deve na cilindru, \u0161to osigurava izuzetnu izdr\u017eljivost i minimalno izgubljeno kretanje. Bilo da posjedujete ribarsku \u010damac, splav ili ribolovni brod, SilverSteer\u2122 pru\u017ea glatko, responzivno i precizno upravljanje.<\/p>\n<p>Prilagodljive spojnice tipa boss olak\u0161avaju to\u010dno usmjeravanje crijeva, minimiziraju\u0107i \u0161anse za lom povezivanja zbog prekomjernog zatezanja ili curenja tijekom instalacije \u2014 uobi\u010dajeni problemi s konkurentskim cilindrima.<\/p>\n<p><strong>Klju\u010dne zna\u010dajke:<\/strong><\/p>\n<ul>\n<li>Klizni le\u017eaj klipa i konusna osovina od nehr\u0111aju\u0107eg \u010delika promjera 3\/4&#8243;<\/li>\n<li>Ugra\u0111eni sigurnosni ventil za sigurno zaklju\u010davanje kormila<\/li>\n<li>Integrirani za\u0161titni ventil za za\u0161titu od prekomernog pritiska<\/li>\n<li>Jednostavno dostupni ventil za zaklju\u010davanje i brtva osovine za zamjenu<\/li>\n<li>Rotor od lijevanog \u017eeljeza za pobolj\u0161anu izdr\u017eljivost i dugovje\u010dnost<\/li>\n<li>1\/4&#8243; NPT priklju\u010dak za cijev promjera 3\/8&#8243;<\/li>\n<li>U kompletu s laktovnim spojnicama<\/li>\n<li>Maksimalni promjer volana: 28&#8243;<\/li>\n<li>Pomak: 2.0 in\u00b3 za model UP33F<\/li>\n<\/ul>\n","protected":false},"excerpt":{"rendered":"<p>Hidraulicna pumpa Ultraflex UP33F-SVS &#8211; UP33F-SVS 42475 N Hidrauli\u010dni upravlja\u010dki sustav &#8211; 1500 PSI, 2.0 CU IN Posjeduje ugra\u0111eni sigurnosni<\/p>\n","protected":false},"featured_media":5935634,"comment_status":"open","ping_status":"closed","template":"","meta":[],"product_brand":[3501],"product_cat":[1823],"product_tag":[],"class_list":{"0":"post-739153","1":"product","2":"type-product","3":"status-publish","4":"has-post-thumbnail","6":"product_brand-ultraflex-uflex-hr","7":"product_cat-hidraulicno-kormilarenje","9":"first","10":"instock","11":"shipping-taxable","12":"purchasable","13":"product-type-simple"},"_links":{"self":[{"href":"https:\/\/stoic-curie.212-227-153-4.plesk.page\/hr\/wp-json\/wp\/v2\/product\/739153","targetHints":{"allow":["GET"]}}],"collection":[{"href":"https:\/\/stoic-curie.212-227-153-4.plesk.page\/hr\/wp-json\/wp\/v2\/product"}],"about":[{"href":"https:\/\/stoic-curie.212-227-153-4.plesk.page\/hr\/wp-json\/wp\/v2\/types\/product"}],"replies":[{"embeddable":true,"href":"https:\/\/stoic-curie.212-227-153-4.plesk.page\/hr\/wp-json\/wp\/v2\/comments?post=739153"}],"version-history":[{"count":0,"href":"https:\/\/stoic-curie.212-227-153-4.plesk.page\/hr\/wp-json\/wp\/v2\/product\/739153\/revisions"}],"wp:featuredmedia":[{"embeddable":true,"href":"https:\/\/stoic-curie.212-227-153-4.plesk.page\/hr\/wp-json\/wp\/v2\/media\/5935634"}],"wp:attachment":[{"href":"https:\/\/stoic-curie.212-227-153-4.plesk.page\/hr\/wp-json\/wp\/v2\/media?parent=739153"}],"wp:term":[{"taxonomy":"product_brand","embeddable":true,"href":"https:\/\/stoic-curie.212-227-153-4.plesk.page\/hr\/wp-json\/wp\/v2\/product_brand?post=739153"},{"taxonomy":"product_cat","embeddable":true,"href":"https:\/\/stoic-curie.212-227-153-4.plesk.page\/hr\/wp-json\/wp\/v2\/product_cat?post=739153"},{"taxonomy":"product_tag","embeddable":true,"href":"https:\/\/stoic-curie.212-227-153-4.plesk.page\/hr\/wp-json\/wp\/v2\/product_tag?post=739153"}],"curies":[{"name":"wp","href":"https:\/\/api.w.org\/{rel}","templated":true}]}}