{"id":739157,"date":"2025-03-03T18:02:39","date_gmt":"2025-03-03T17:02:39","guid":{"rendered":"https:\/\/stoic-curie.212-227-153-4.plesk.page\/producto\/relej-24v-za-opruge-poklopaca\/"},"modified":"2026-02-25T00:00:27","modified_gmt":"2026-02-25T00:00:27","slug":"relej-24v-za-opruge-poklopaca","status":"publish","type":"product","link":"https:\/\/stoic-curie.212-227-153-4.plesk.page\/hr\/product\/relej-24v-za-opruge-poklopaca\/","title":{"rendered":"Relej 24V za opruge poklopaca"},"content":{"rendered":"<p>Relej 24V za opruge poklopaca &#8211; <\/p>\n<p>Laki linearni elektri\u010dni liftovi za poklopce za monta\u017eu kao pojedina\u010dna jedinica. Dizajnirani za otvaranje &#8211; \u010dak i napola &#8211; poklopaca palube i vrata strojarnice. Vodootporni IP65 sa osovinom od nehr\u0111aju\u0107eg \u010delika. Maksimalno optere\u0107enje 120 kg.<\/p>\n","protected":false},"excerpt":{"rendered":"<p>Relej 24V za opruge poklopaca &#8211; Laki linearni elektri\u010dni liftovi za poklopce za monta\u017eu kao pojedina\u010dna jedinica. Dizajnirani za otvaranje<\/p>\n","protected":false},"featured_media":5935644,"comment_status":"open","ping_status":"closed","template":"","meta":[],"product_brand":[3501],"product_cat":[1688],"product_tag":[],"class_list":{"0":"post-739157","1":"product","2":"type-product","3":"status-publish","4":"has-post-thumbnail","6":"product_brand-ultraflex-uflex-hr","7":"product_cat-plinske-opruge-za-poklopce","9":"first","10":"instock","11":"shipping-taxable","12":"purchasable","13":"product-type-simple"},"_links":{"self":[{"href":"https:\/\/stoic-curie.212-227-153-4.plesk.page\/hr\/wp-json\/wp\/v2\/product\/739157","targetHints":{"allow":["GET"]}}],"collection":[{"href":"https:\/\/stoic-curie.212-227-153-4.plesk.page\/hr\/wp-json\/wp\/v2\/product"}],"about":[{"href":"https:\/\/stoic-curie.212-227-153-4.plesk.page\/hr\/wp-json\/wp\/v2\/types\/product"}],"replies":[{"embeddable":true,"href":"https:\/\/stoic-curie.212-227-153-4.plesk.page\/hr\/wp-json\/wp\/v2\/comments?post=739157"}],"version-history":[{"count":0,"href":"https:\/\/stoic-curie.212-227-153-4.plesk.page\/hr\/wp-json\/wp\/v2\/product\/739157\/revisions"}],"wp:featuredmedia":[{"embeddable":true,"href":"https:\/\/stoic-curie.212-227-153-4.plesk.page\/hr\/wp-json\/wp\/v2\/media\/5935644"}],"wp:attachment":[{"href":"https:\/\/stoic-curie.212-227-153-4.plesk.page\/hr\/wp-json\/wp\/v2\/media?parent=739157"}],"wp:term":[{"taxonomy":"product_brand","embeddable":true,"href":"https:\/\/stoic-curie.212-227-153-4.plesk.page\/hr\/wp-json\/wp\/v2\/product_brand?post=739157"},{"taxonomy":"product_cat","embeddable":true,"href":"https:\/\/stoic-curie.212-227-153-4.plesk.page\/hr\/wp-json\/wp\/v2\/product_cat?post=739157"},{"taxonomy":"product_tag","embeddable":true,"href":"https:\/\/stoic-curie.212-227-153-4.plesk.page\/hr\/wp-json\/wp\/v2\/product_tag?post=739157"}],"curies":[{"name":"wp","href":"https:\/\/api.w.org\/{rel}","templated":true}]}}