{"id":739159,"date":"2025-03-03T18:02:39","date_gmt":"2025-03-03T17:02:39","guid":{"rendered":"https:\/\/stoic-curie.212-227-153-4.plesk.page\/producto\/tk-line-cistac-santina-5lt\/"},"modified":"2026-02-25T00:00:27","modified_gmt":"2026-02-25T00:00:27","slug":"tk-line-cistac-santina-5lt","status":"publish","type":"product","link":"https:\/\/stoic-curie.212-227-153-4.plesk.page\/hr\/product\/tk-line-cistac-santina-5lt\/","title":{"rendered":"TK Line \u010dista\u010d santina 5lt"},"content":{"rendered":"<p>TK Line \u010dista\u010d santina 5lt &#8211; <\/p>\n<p>Konzcentrirani emulgator za odma\u0161\u0107ivanje, idealan za \u010di\u0161\u0107enje odjeljka za vodu i prostorije motora. Izvrsna u\u010dinkovitost protiv masti, djeluje \u010dak i kada je pomije\u0161an s morskom vodom.<\/p>\n","protected":false},"excerpt":{"rendered":"<p>TK Line \u010dista\u010d santina 5lt &#8211; Konzcentrirani emulgator za odma\u0161\u0107ivanje, idealan za \u010di\u0161\u0107enje odjeljka za vodu i prostorije motora. Izvrsna<\/p>\n","protected":false},"featured_media":5935668,"comment_status":"open","ping_status":"closed","template":"","meta":[],"product_brand":[3401,2176],"product_cat":[1628],"product_tag":[],"class_list":{"0":"post-739159","1":"product","2":"type-product","3":"status-publish","4":"has-post-thumbnail","6":"product_brand-silpar-tk-hr","7":"product_brand-silpar-tk","8":"product_cat-proizvodi-za-ciscenje","10":"first","11":"instock","12":"shipping-taxable","13":"purchasable","14":"product-type-simple"},"_links":{"self":[{"href":"https:\/\/stoic-curie.212-227-153-4.plesk.page\/hr\/wp-json\/wp\/v2\/product\/739159","targetHints":{"allow":["GET"]}}],"collection":[{"href":"https:\/\/stoic-curie.212-227-153-4.plesk.page\/hr\/wp-json\/wp\/v2\/product"}],"about":[{"href":"https:\/\/stoic-curie.212-227-153-4.plesk.page\/hr\/wp-json\/wp\/v2\/types\/product"}],"replies":[{"embeddable":true,"href":"https:\/\/stoic-curie.212-227-153-4.plesk.page\/hr\/wp-json\/wp\/v2\/comments?post=739159"}],"version-history":[{"count":0,"href":"https:\/\/stoic-curie.212-227-153-4.plesk.page\/hr\/wp-json\/wp\/v2\/product\/739159\/revisions"}],"wp:featuredmedia":[{"embeddable":true,"href":"https:\/\/stoic-curie.212-227-153-4.plesk.page\/hr\/wp-json\/wp\/v2\/media\/5935668"}],"wp:attachment":[{"href":"https:\/\/stoic-curie.212-227-153-4.plesk.page\/hr\/wp-json\/wp\/v2\/media?parent=739159"}],"wp:term":[{"taxonomy":"product_brand","embeddable":true,"href":"https:\/\/stoic-curie.212-227-153-4.plesk.page\/hr\/wp-json\/wp\/v2\/product_brand?post=739159"},{"taxonomy":"product_cat","embeddable":true,"href":"https:\/\/stoic-curie.212-227-153-4.plesk.page\/hr\/wp-json\/wp\/v2\/product_cat?post=739159"},{"taxonomy":"product_tag","embeddable":true,"href":"https:\/\/stoic-curie.212-227-153-4.plesk.page\/hr\/wp-json\/wp\/v2\/product_tag?post=739159"}],"curies":[{"name":"wp","href":"https:\/\/api.w.org\/{rel}","templated":true}]}}