{"id":739160,"date":"2025-03-03T18:02:39","date_gmt":"2025-03-03T17:02:39","guid":{"rendered":"https:\/\/stoic-curie.212-227-153-4.plesk.page\/producto\/sredstvo-za-zastitu-i-brtvljenje-tikovine-teak-wonder-dressing-sealer-4-lt\/"},"modified":"2026-02-25T00:00:27","modified_gmt":"2026-02-25T00:00:27","slug":"sredstvo-za-zastitu-i-brtvljenje-tikovine-teak-wonder-dressing-sealer-4-lt","status":"publish","type":"product","link":"https:\/\/stoic-curie.212-227-153-4.plesk.page\/hr\/product\/sredstvo-za-zastitu-i-brtvljenje-tikovine-teak-wonder-dressing-sealer-4-lt\/","title":{"rendered":"Sredstvo za za\u0161titu i brtvljenje tikovine &#8211; Teak Wonder Dressing &#038; Sealer, 4 lt"},"content":{"rendered":"<p>Sredstvo za za\u0161titu i brtvljenje tikovine &#8211; Teak Wonder Dressing &#038; Sealer, 4 lt &#8211; <\/p>\n<p>Tradicionalno ulje za tikvicu koje odr\u017eava izvorni izgled tikovine bez svakodnevnog pranja. Ovaj proizvod na bazi silikona zatvara pore drveta spre\u010davaju\u0107i prodiranje pra\u0161ine i prljav\u0161tine. Osim toga, pru\u017ea za\u0161titu od UV zraka. Bez mirisa, ne postaje sjajan, klizav ili ljepljiv, a s vremenom ne potamni.<\/p>\n","protected":false},"excerpt":{"rendered":"<p>Sredstvo za za\u0161titu i brtvljenje tikovine &#8211; Teak Wonder Dressing &#038; Sealer, 4 lt &#8211; Tradicionalno ulje za tikvicu koje<\/p>\n","protected":false},"featured_media":5935673,"comment_status":"open","ping_status":"closed","template":"","meta":[],"product_brand":[3456],"product_cat":[1625],"product_tag":[],"class_list":{"0":"post-739160","1":"product","2":"type-product","3":"status-publish","4":"has-post-thumbnail","6":"product_brand-teak-wonder-hr","7":"product_cat-brodski-lak-i-ulje-za-tikovinu","9":"first","10":"instock","11":"shipping-taxable","12":"purchasable","13":"product-type-simple"},"_links":{"self":[{"href":"https:\/\/stoic-curie.212-227-153-4.plesk.page\/hr\/wp-json\/wp\/v2\/product\/739160","targetHints":{"allow":["GET"]}}],"collection":[{"href":"https:\/\/stoic-curie.212-227-153-4.plesk.page\/hr\/wp-json\/wp\/v2\/product"}],"about":[{"href":"https:\/\/stoic-curie.212-227-153-4.plesk.page\/hr\/wp-json\/wp\/v2\/types\/product"}],"replies":[{"embeddable":true,"href":"https:\/\/stoic-curie.212-227-153-4.plesk.page\/hr\/wp-json\/wp\/v2\/comments?post=739160"}],"version-history":[{"count":0,"href":"https:\/\/stoic-curie.212-227-153-4.plesk.page\/hr\/wp-json\/wp\/v2\/product\/739160\/revisions"}],"wp:featuredmedia":[{"embeddable":true,"href":"https:\/\/stoic-curie.212-227-153-4.plesk.page\/hr\/wp-json\/wp\/v2\/media\/5935673"}],"wp:attachment":[{"href":"https:\/\/stoic-curie.212-227-153-4.plesk.page\/hr\/wp-json\/wp\/v2\/media?parent=739160"}],"wp:term":[{"taxonomy":"product_brand","embeddable":true,"href":"https:\/\/stoic-curie.212-227-153-4.plesk.page\/hr\/wp-json\/wp\/v2\/product_brand?post=739160"},{"taxonomy":"product_cat","embeddable":true,"href":"https:\/\/stoic-curie.212-227-153-4.plesk.page\/hr\/wp-json\/wp\/v2\/product_cat?post=739160"},{"taxonomy":"product_tag","embeddable":true,"href":"https:\/\/stoic-curie.212-227-153-4.plesk.page\/hr\/wp-json\/wp\/v2\/product_tag?post=739160"}],"curies":[{"name":"wp","href":"https:\/\/api.w.org\/{rel}","templated":true}]}}