{"id":739168,"date":"2025-03-03T18:02:41","date_gmt":"2025-03-03T17:02:41","guid":{"rendered":"https:\/\/stoic-curie.212-227-153-4.plesk.page\/producto\/reflektor-od-nehrdajuceg-celika-aquasignal-island\/"},"modified":"2026-02-25T00:00:27","modified_gmt":"2026-02-25T00:00:27","slug":"reflektor-od-nehrdajuceg-celika-aquasignal-island","status":"publish","type":"product","link":"https:\/\/stoic-curie.212-227-153-4.plesk.page\/hr\/product\/reflektor-od-nehrdajuceg-celika-aquasignal-island\/","title":{"rendered":"Reflektor od nehr\u0111aju\u0107eg \u010delika Aquasignal Island"},"content":{"rendered":"<p>Reflektor od nehr\u0111aju\u0107eg \u010delika Aquasignal Island &#8211; Otok reflektora, bijeli lakirani nehr\u0111aju\u0107i \u010delik. IP67, zglobna stezaljka za pode\u0161avanje. Alim12V &#8211; 100W, 24V &#8211; 200W, 220V &#8211; 100W (\u017earulja nije uklju\u010dena).<\/p>\n","protected":false},"excerpt":{"rendered":"<p>Reflektor od nehr\u0111aju\u0107eg \u010delika Aquasignal Island &#8211; Otok reflektora, bijeli lakirani nehr\u0111aju\u0107i \u010delik. IP67, zglobna stezaljka za pode\u0161avanje. Alim12V &#8211;<\/p>\n","protected":false},"featured_media":5935723,"comment_status":"open","ping_status":"closed","template":"","meta":[],"product_brand":[2791],"product_cat":[1734],"product_tag":[],"class_list":{"0":"post-739168","1":"product","2":"type-product","3":"status-publish","4":"has-post-thumbnail","6":"product_brand-aqua-signal-hr","7":"product_cat-brodski-reflektori","9":"first","10":"instock","11":"shipping-taxable","12":"purchasable","13":"product-type-simple"},"_links":{"self":[{"href":"https:\/\/stoic-curie.212-227-153-4.plesk.page\/hr\/wp-json\/wp\/v2\/product\/739168","targetHints":{"allow":["GET"]}}],"collection":[{"href":"https:\/\/stoic-curie.212-227-153-4.plesk.page\/hr\/wp-json\/wp\/v2\/product"}],"about":[{"href":"https:\/\/stoic-curie.212-227-153-4.plesk.page\/hr\/wp-json\/wp\/v2\/types\/product"}],"replies":[{"embeddable":true,"href":"https:\/\/stoic-curie.212-227-153-4.plesk.page\/hr\/wp-json\/wp\/v2\/comments?post=739168"}],"version-history":[{"count":0,"href":"https:\/\/stoic-curie.212-227-153-4.plesk.page\/hr\/wp-json\/wp\/v2\/product\/739168\/revisions"}],"wp:featuredmedia":[{"embeddable":true,"href":"https:\/\/stoic-curie.212-227-153-4.plesk.page\/hr\/wp-json\/wp\/v2\/media\/5935723"}],"wp:attachment":[{"href":"https:\/\/stoic-curie.212-227-153-4.plesk.page\/hr\/wp-json\/wp\/v2\/media?parent=739168"}],"wp:term":[{"taxonomy":"product_brand","embeddable":true,"href":"https:\/\/stoic-curie.212-227-153-4.plesk.page\/hr\/wp-json\/wp\/v2\/product_brand?post=739168"},{"taxonomy":"product_cat","embeddable":true,"href":"https:\/\/stoic-curie.212-227-153-4.plesk.page\/hr\/wp-json\/wp\/v2\/product_cat?post=739168"},{"taxonomy":"product_tag","embeddable":true,"href":"https:\/\/stoic-curie.212-227-153-4.plesk.page\/hr\/wp-json\/wp\/v2\/product_tag?post=739168"}],"curies":[{"name":"wp","href":"https:\/\/api.w.org\/{rel}","templated":true}]}}