{"id":739172,"date":"2025-03-03T18:02:42","date_gmt":"2025-03-03T17:02:42","guid":{"rendered":"https:\/\/stoic-curie.212-227-153-4.plesk.page\/producto\/sportski-prsluk-za-spasavanje-jet-pro-70n-70-80-kg\/"},"modified":"2026-02-25T00:00:27","modified_gmt":"2026-02-25T00:00:27","slug":"sportski-prsluk-za-spasavanje-jet-pro-70n-70-80-kg","status":"publish","type":"product","link":"https:\/\/stoic-curie.212-227-153-4.plesk.page\/hr\/product\/sportski-prsluk-za-spasavanje-jet-pro-70n-70-80-kg\/","title":{"rendered":"Sportski prsluk za spa\u0161avanje Jet-pro 70N 70-80 kg"},"content":{"rendered":"<p>Sportski prsluk za spa\u0161avanje Jet-pro 70N 70-80 kg &#8211; <\/p>\n<p>Jet-Pro ISO EN12402-5 odobrena jakna za pomo\u0107 u plutanju od 50N pogodna je za aktivne vodene sportove poput vodenog skijanja i vo\u017enje jet skija. Opremljena je s podstavljenom za\u0161titom na le\u0111ima i bo\u010dnim stranama te sustavom pode\u0161avanja s 4 trake i brzim stezaljkama. 50N &#8211; Pomagala za plivanje i plivanje. Ovo nije prsluk za spa\u0161avanje. Za redovne pliva\u010de. Koristiti u blizini obale.<\/p>\n","protected":false},"excerpt":{"rendered":"<p>Sportski prsluk za spa\u0161avanje Jet-pro 70N 70-80 kg &#8211; Jet-Pro ISO EN12402-5 odobrena jakna za pomo\u0107 u plutanju od 50N<\/p>\n","protected":false},"featured_media":5935781,"comment_status":"open","ping_status":"closed","template":"","meta":[],"product_brand":[2193,3516],"product_cat":[1842,1603],"product_tag":[],"class_list":{"0":"post-739172","1":"product","2":"type-product","3":"status-publish","4":"has-post-thumbnail","6":"product_brand-veleria-san-giorgio","7":"product_brand-veleria-san-giorgio-hr","8":"product_cat-prsluci-za-spasavanje-za-sportove-na-vodi","9":"product_cat-uzgonska-pomagala","11":"first","12":"instock","13":"shipping-taxable","14":"purchasable","15":"product-type-simple"},"_links":{"self":[{"href":"https:\/\/stoic-curie.212-227-153-4.plesk.page\/hr\/wp-json\/wp\/v2\/product\/739172","targetHints":{"allow":["GET"]}}],"collection":[{"href":"https:\/\/stoic-curie.212-227-153-4.plesk.page\/hr\/wp-json\/wp\/v2\/product"}],"about":[{"href":"https:\/\/stoic-curie.212-227-153-4.plesk.page\/hr\/wp-json\/wp\/v2\/types\/product"}],"replies":[{"embeddable":true,"href":"https:\/\/stoic-curie.212-227-153-4.plesk.page\/hr\/wp-json\/wp\/v2\/comments?post=739172"}],"version-history":[{"count":0,"href":"https:\/\/stoic-curie.212-227-153-4.plesk.page\/hr\/wp-json\/wp\/v2\/product\/739172\/revisions"}],"wp:featuredmedia":[{"embeddable":true,"href":"https:\/\/stoic-curie.212-227-153-4.plesk.page\/hr\/wp-json\/wp\/v2\/media\/5935781"}],"wp:attachment":[{"href":"https:\/\/stoic-curie.212-227-153-4.plesk.page\/hr\/wp-json\/wp\/v2\/media?parent=739172"}],"wp:term":[{"taxonomy":"product_brand","embeddable":true,"href":"https:\/\/stoic-curie.212-227-153-4.plesk.page\/hr\/wp-json\/wp\/v2\/product_brand?post=739172"},{"taxonomy":"product_cat","embeddable":true,"href":"https:\/\/stoic-curie.212-227-153-4.plesk.page\/hr\/wp-json\/wp\/v2\/product_cat?post=739172"},{"taxonomy":"product_tag","embeddable":true,"href":"https:\/\/stoic-curie.212-227-153-4.plesk.page\/hr\/wp-json\/wp\/v2\/product_tag?post=739172"}],"curies":[{"name":"wp","href":"https:\/\/api.w.org\/{rel}","templated":true}]}}