{"id":739173,"date":"2025-03-03T18:02:42","date_gmt":"2025-03-03T17:02:42","guid":{"rendered":"https:\/\/stoic-curie.212-227-153-4.plesk.page\/producto\/sportski-prsluk-za-spasavanje-jet-pro-80n70kg\/"},"modified":"2026-02-25T00:00:27","modified_gmt":"2026-02-25T00:00:27","slug":"sportski-prsluk-za-spasavanje-jet-pro-80n70kg","status":"publish","type":"product","link":"https:\/\/stoic-curie.212-227-153-4.plesk.page\/hr\/product\/sportski-prsluk-za-spasavanje-jet-pro-80n70kg\/","title":{"rendered":"Sportski prsluk za spa\u0161avanje Jet-Pro 80N+70kg"},"content":{"rendered":"<p>Sportski prsluk za spa\u0161avanje Jet-Pro 80N+70kg &#8211; <\/p>\n<p>Jet-Pro ISO EN12402-5 odobreni jakni za pomo\u0107 pri plutanju sa 50N pogodno je za aktivne vodene sportove kao \u0161to su vodeno skijanje i jet ski. Opremljen jastu\u010di\u0107ima za za\u0161titu le\u0111a i sa strane, te sustavom pode\u0161avanja s 4 trakama i brzim kop\u010dama. 50N &#8211; Pomagala za plivanje i plovnost. Ovo nije sigurnosni prsluk. Za redovne pliva\u010de. Koristiti blizu obale.<\/p>\n","protected":false},"excerpt":{"rendered":"<p>Sportski prsluk za spa\u0161avanje Jet-Pro 80N+70kg &#8211; Jet-Pro ISO EN12402-5 odobreni jakni za pomo\u0107 pri plutanju sa 50N pogodno je<\/p>\n","protected":false},"featured_media":5935781,"comment_status":"open","ping_status":"closed","template":"","meta":[],"product_brand":[3516,2193],"product_cat":[1842,1603],"product_tag":[],"class_list":{"0":"post-739173","1":"product","2":"type-product","3":"status-publish","4":"has-post-thumbnail","6":"product_brand-veleria-san-giorgio-hr","7":"product_brand-veleria-san-giorgio","8":"product_cat-prsluci-za-spasavanje-za-sportove-na-vodi","9":"product_cat-uzgonska-pomagala","11":"first","12":"instock","13":"shipping-taxable","14":"purchasable","15":"product-type-simple"},"_links":{"self":[{"href":"https:\/\/stoic-curie.212-227-153-4.plesk.page\/hr\/wp-json\/wp\/v2\/product\/739173","targetHints":{"allow":["GET"]}}],"collection":[{"href":"https:\/\/stoic-curie.212-227-153-4.plesk.page\/hr\/wp-json\/wp\/v2\/product"}],"about":[{"href":"https:\/\/stoic-curie.212-227-153-4.plesk.page\/hr\/wp-json\/wp\/v2\/types\/product"}],"replies":[{"embeddable":true,"href":"https:\/\/stoic-curie.212-227-153-4.plesk.page\/hr\/wp-json\/wp\/v2\/comments?post=739173"}],"version-history":[{"count":0,"href":"https:\/\/stoic-curie.212-227-153-4.plesk.page\/hr\/wp-json\/wp\/v2\/product\/739173\/revisions"}],"wp:featuredmedia":[{"embeddable":true,"href":"https:\/\/stoic-curie.212-227-153-4.plesk.page\/hr\/wp-json\/wp\/v2\/media\/5935781"}],"wp:attachment":[{"href":"https:\/\/stoic-curie.212-227-153-4.plesk.page\/hr\/wp-json\/wp\/v2\/media?parent=739173"}],"wp:term":[{"taxonomy":"product_brand","embeddable":true,"href":"https:\/\/stoic-curie.212-227-153-4.plesk.page\/hr\/wp-json\/wp\/v2\/product_brand?post=739173"},{"taxonomy":"product_cat","embeddable":true,"href":"https:\/\/stoic-curie.212-227-153-4.plesk.page\/hr\/wp-json\/wp\/v2\/product_cat?post=739173"},{"taxonomy":"product_tag","embeddable":true,"href":"https:\/\/stoic-curie.212-227-153-4.plesk.page\/hr\/wp-json\/wp\/v2\/product_tag?post=739173"}],"curies":[{"name":"wp","href":"https:\/\/api.w.org\/{rel}","templated":true}]}}