{"id":739179,"date":"2025-03-03T18:02:44","date_gmt":"2025-03-03T17:02:44","guid":{"rendered":"https:\/\/stoic-curie.212-227-153-4.plesk.page\/producto\/pramcani-valjak-s-bravom-205mm-nehrdajuci-celika\/"},"modified":"2026-02-25T00:00:32","modified_gmt":"2026-02-25T00:00:32","slug":"pramcani-valjak-s-bravom-205mm-nehrdajuci-celika","status":"publish","type":"product","link":"https:\/\/stoic-curie.212-227-153-4.plesk.page\/hr\/product\/pramcani-valjak-s-bravom-205mm-nehrdajuci-celika\/","title":{"rendered":"Pram\u010dani valjak s bravom, 205mm, nehr\u0111aju\u0107i \u010delika"},"content":{"rendered":"<p>Pram\u010dani valjak s bravom, 205mm, nehr\u0111aju\u0107i \u010delika &#8211; <\/p>\n<p>Odli\u010dno od nehr\u0111aju\u0107eg \u010delika s poliranim ogledalom i instaliranom bravom za sidro.<\/p>\n","protected":false},"excerpt":{"rendered":"<p>Pram\u010dani valjak s bravom, 205mm, nehr\u0111aju\u0107i \u010delika &#8211; Odli\u010dno od nehr\u0111aju\u0107eg \u010delika s poliranim ogledalom i instaliranom bravom za sidro.<\/p>\n","protected":false},"featured_media":5935674,"comment_status":"open","ping_status":"closed","template":"","meta":[],"product_brand":[3121],"product_cat":[1709],"product_tag":[],"class_list":{"0":"post-739179","1":"product","2":"type-product","3":"status-publish","4":"has-post-thumbnail","6":"product_brand-marinetech-hr","7":"product_cat-pramcane-koloture","9":"first","10":"instock","11":"shipping-taxable","12":"purchasable","13":"product-type-simple"},"_links":{"self":[{"href":"https:\/\/stoic-curie.212-227-153-4.plesk.page\/hr\/wp-json\/wp\/v2\/product\/739179","targetHints":{"allow":["GET"]}}],"collection":[{"href":"https:\/\/stoic-curie.212-227-153-4.plesk.page\/hr\/wp-json\/wp\/v2\/product"}],"about":[{"href":"https:\/\/stoic-curie.212-227-153-4.plesk.page\/hr\/wp-json\/wp\/v2\/types\/product"}],"replies":[{"embeddable":true,"href":"https:\/\/stoic-curie.212-227-153-4.plesk.page\/hr\/wp-json\/wp\/v2\/comments?post=739179"}],"version-history":[{"count":0,"href":"https:\/\/stoic-curie.212-227-153-4.plesk.page\/hr\/wp-json\/wp\/v2\/product\/739179\/revisions"}],"wp:featuredmedia":[{"embeddable":true,"href":"https:\/\/stoic-curie.212-227-153-4.plesk.page\/hr\/wp-json\/wp\/v2\/media\/5935674"}],"wp:attachment":[{"href":"https:\/\/stoic-curie.212-227-153-4.plesk.page\/hr\/wp-json\/wp\/v2\/media?parent=739179"}],"wp:term":[{"taxonomy":"product_brand","embeddable":true,"href":"https:\/\/stoic-curie.212-227-153-4.plesk.page\/hr\/wp-json\/wp\/v2\/product_brand?post=739179"},{"taxonomy":"product_cat","embeddable":true,"href":"https:\/\/stoic-curie.212-227-153-4.plesk.page\/hr\/wp-json\/wp\/v2\/product_cat?post=739179"},{"taxonomy":"product_tag","embeddable":true,"href":"https:\/\/stoic-curie.212-227-153-4.plesk.page\/hr\/wp-json\/wp\/v2\/product_tag?post=739179"}],"curies":[{"name":"wp","href":"https:\/\/api.w.org\/{rel}","templated":true}]}}