{"id":739190,"date":"2025-03-03T18:02:46","date_gmt":"2025-03-03T17:02:46","guid":{"rendered":"https:\/\/stoic-curie.212-227-153-4.plesk.page\/producto\/hladnjak-vitrifrigo-c51i-51lt-12-24v\/"},"modified":"2026-02-25T00:00:32","modified_gmt":"2026-02-25T00:00:32","slug":"hladnjak-vitrifrigo-c51i-51lt-12-24v","status":"publish","type":"product","link":"https:\/\/stoic-curie.212-227-153-4.plesk.page\/hr\/product\/hladnjak-vitrifrigo-c51i-51lt-12-24v\/","title":{"rendered":"Hladnjak Vitrifrigo C51i"},"content":{"rendered":"<p>Hladnjak Vitrifrigo C51i &#8211; <\/p>\n<p>Fri\u017eider- zamrziva\u010d, C51i CHR, Siva, Vitrifrigo<\/p>\n<p>Vitrifrigo C51i CHR fri\u017eider ima unutarnju Danfoss jedinicu hla\u0111enja za 12\/24V i reversible vrata koja se mogu postaviti za ventilaciju kada se ne koristi. Opremljen je LED svjetlom i mehani\u010dkim termostatom za lako upravljanje temperaturom.<\/p>\n<p>C51i model je dizajniran da odgovara standardnim dimenzijama koje se nalaze na ameri\u010dkim brodovima. Ovaj fri\u017eider-zamrziva\u010d ima ukupni kapacitet od 51 litra, od \u010dega je 3,6 litara namijenjeno odjeljku za zamrzavanje. Jedinica hla\u0111enja je smje\u0161tena unutra radi modernog dizajna.<\/p>\n<p>Istaknute zna\u010dajke uklju\u010duju siva vrata koja se mogu oblo\u017eiti s mehanizmom za zaklju\u010davanje kako bi se sprije\u010dilo slu\u010dajno otvaranje. Osim toga, vrata imaju inovativni \u201esistem za ventilaciju\u201c ugra\u0111en u ru\u010dku, omogu\u0107uju\u0107i djelomi\u010dno otvaranje kada se ne koriste. Ova zna\u010dajka poma\u017ee u spre\u010davanju plijesni i neugodnih mirisa, dok pobolj\u0161ava o\u010duvanje hrane.<\/p>\n<p>Specifikacije:<\/p>\n<ul>\n<li>Zavr\u0161etak vrata: Laminat<\/li>\n<li>Kapacitet: 51 litra<\/li>\n<li>Visina: 532 mm<\/li>\n<li>Duljina: 380 mm<\/li>\n<li>Dubina: 514 mm<\/li>\n<li>Te\u017eina: 16 kg<\/li>\n<li>Serija: CHROMELOCK<\/li>\n<li>Reverzibilna vrata: Da<\/li>\n<li>Termostat: Mehani\u010dki<\/li>\n<li>Tehnologija hla\u0111enja: Kompresor<\/li>\n<li>Hladilo: Unutarnje<\/li>\n<li>Otvaranje vrata: Jedna prednja vrata<\/li>\n<li>Napon: 12\/24 VDC<\/li>\n<\/ul>\n","protected":false},"excerpt":{"rendered":"<p>Hladnjak Vitrifrigo C51i &#8211; Fri\u017eider- zamrziva\u010d, C51i CHR, Siva, Vitrifrigo Vitrifrigo C51i CHR fri\u017eider ima unutarnju Danfoss jedinicu hla\u0111enja za<\/p>\n","protected":false},"featured_media":5935947,"comment_status":"open","ping_status":"closed","template":"","meta":[],"product_brand":[3526],"product_cat":[1751],"product_tag":[],"class_list":{"0":"post-739190","1":"product","2":"type-product","3":"status-publish","4":"has-post-thumbnail","6":"product_brand-vitrifrigo-hr","7":"product_cat-hladnjaci-i-zamrzivaci","9":"first","10":"instock","11":"shipping-taxable","12":"purchasable","13":"product-type-simple"},"_links":{"self":[{"href":"https:\/\/stoic-curie.212-227-153-4.plesk.page\/hr\/wp-json\/wp\/v2\/product\/739190","targetHints":{"allow":["GET"]}}],"collection":[{"href":"https:\/\/stoic-curie.212-227-153-4.plesk.page\/hr\/wp-json\/wp\/v2\/product"}],"about":[{"href":"https:\/\/stoic-curie.212-227-153-4.plesk.page\/hr\/wp-json\/wp\/v2\/types\/product"}],"replies":[{"embeddable":true,"href":"https:\/\/stoic-curie.212-227-153-4.plesk.page\/hr\/wp-json\/wp\/v2\/comments?post=739190"}],"version-history":[{"count":0,"href":"https:\/\/stoic-curie.212-227-153-4.plesk.page\/hr\/wp-json\/wp\/v2\/product\/739190\/revisions"}],"wp:featuredmedia":[{"embeddable":true,"href":"https:\/\/stoic-curie.212-227-153-4.plesk.page\/hr\/wp-json\/wp\/v2\/media\/5935947"}],"wp:attachment":[{"href":"https:\/\/stoic-curie.212-227-153-4.plesk.page\/hr\/wp-json\/wp\/v2\/media?parent=739190"}],"wp:term":[{"taxonomy":"product_brand","embeddable":true,"href":"https:\/\/stoic-curie.212-227-153-4.plesk.page\/hr\/wp-json\/wp\/v2\/product_brand?post=739190"},{"taxonomy":"product_cat","embeddable":true,"href":"https:\/\/stoic-curie.212-227-153-4.plesk.page\/hr\/wp-json\/wp\/v2\/product_cat?post=739190"},{"taxonomy":"product_tag","embeddable":true,"href":"https:\/\/stoic-curie.212-227-153-4.plesk.page\/hr\/wp-json\/wp\/v2\/product_tag?post=739190"}],"curies":[{"name":"wp","href":"https:\/\/api.w.org\/{rel}","templated":true}]}}