{"id":739191,"date":"2025-03-03T18:02:47","date_gmt":"2025-03-03T17:02:47","guid":{"rendered":"https:\/\/stoic-curie.212-227-153-4.plesk.page\/producto\/hladnjak-vitrifrigo-c60i-en-60lt-12-24v\/"},"modified":"2026-02-25T00:00:32","modified_gmt":"2026-02-25T00:00:32","slug":"hladnjak-vitrifrigo-c60i-en-60lt-12-24v","status":"publish","type":"product","link":"https:\/\/stoic-curie.212-227-153-4.plesk.page\/hr\/product\/hladnjak-vitrifrigo-c60i-en-60lt-12-24v\/","title":{"rendered":"Hladnjak Vitrifrigo C60i"},"content":{"rendered":"<p>Hladnjak Vitrifrigo C60i &#8211; <\/p>\n<p>Hladnjak-zamrziva\u010d, C60iA Airlock, Siva, Vitrifrigo. Vitrifrigo hladnjaci rade s unutarnjom Danfoss hladnjom jedinicama koje rade na 12\/24V i imaju reverzibilna vrata koja se mogu postaviti u ventilacijsku poziciju kada jedinica nije u upotrebi. Svaka jedinica dolazi s LED svjetlom i mehani\u010dkim termostatom.<\/p>\n<p>Hladnjak-zamrziva\u010d Airlock C60iA CHR iz Airlock serije je odli\u010dan izbor, nudi ukupni kapacitet od 60 litara, s opcionalnim zamrziva\u010dem koji dr\u017ei 10,2 litara.<\/p>\n<p>Ovaj model uklju\u010duje ispariva\u010d za hladno skladi\u0161tenje koji mo\u017ee odr\u017eavati pravu temperaturu odre\u0111eno vrijeme bez oslanjanja na kompresor, a rashladna jedinica se nalazi unutar jedinice.<\/p>\n<p>Istaknute zna\u010dajke uklju\u010duju siva panelna vrata s bravom otpu\u0161tanja koja je dizajnirana da sprije\u010di slu\u010dajno otvaranje. Ru\u010dka vrata tako\u0111er ima integrirani sustav &#8220;ventilacijska pozicija&#8221;, koji omogu\u0107ava djelomi\u010dno otvorenje tijekom neaktivnih razdoblja. Ova zna\u010dajka poma\u017ee u sprje\u010davanju plijesni i neugodnih mirisa dok osigurava optimalno o\u010duvanje hrane.<\/p>\n<p><strong>Specifikacije:<\/strong><\/p>\n<ul>\n<li><strong>Zavr\u0161na obrada vrata:<\/strong> Laminat<\/li>\n<li><strong>Kapacitet:<\/strong> 60,00 litara<\/li>\n<li><strong>Visina:<\/strong> 622,00 mm<\/li>\n<li><strong>Duljina:<\/strong> 470,00 mm<\/li>\n<li><strong>Dubina:<\/strong> 457,00 mm<\/li>\n<li><strong>Serija:<\/strong> AIRLOCK<\/li>\n<li><strong>Reverzibilna vrata:<\/strong> Da<\/li>\n<li><strong>Termostat:<\/strong> Mehani\u010dki<\/li>\n<li><strong>Tehnologija hla\u0111enja:<\/strong> Kompresor<\/li>\n<li><strong>Ure\u0111aj za hla\u0111enje:<\/strong> Unutarnji<\/li>\n<li><strong>Otvaranje vrata:<\/strong> Jednostavna prednja vrata<\/li>\n<li><strong>Napon:<\/strong> 12\/24 VDC<\/li>\n<\/ul>\n","protected":false},"excerpt":{"rendered":"<p>Hladnjak Vitrifrigo C60i &#8211; Hladnjak-zamrziva\u010d, C60iA Airlock, Siva, Vitrifrigo. Vitrifrigo hladnjaci rade s unutarnjom Danfoss hladnjom jedinicama koje rade na<\/p>\n","protected":false},"featured_media":5935950,"comment_status":"open","ping_status":"closed","template":"","meta":[],"product_brand":[3526],"product_cat":[1751],"product_tag":[],"class_list":{"0":"post-739191","1":"product","2":"type-product","3":"status-publish","4":"has-post-thumbnail","6":"product_brand-vitrifrigo-hr","7":"product_cat-hladnjaci-i-zamrzivaci","9":"first","10":"instock","11":"shipping-taxable","12":"purchasable","13":"product-type-simple"},"_links":{"self":[{"href":"https:\/\/stoic-curie.212-227-153-4.plesk.page\/hr\/wp-json\/wp\/v2\/product\/739191","targetHints":{"allow":["GET"]}}],"collection":[{"href":"https:\/\/stoic-curie.212-227-153-4.plesk.page\/hr\/wp-json\/wp\/v2\/product"}],"about":[{"href":"https:\/\/stoic-curie.212-227-153-4.plesk.page\/hr\/wp-json\/wp\/v2\/types\/product"}],"replies":[{"embeddable":true,"href":"https:\/\/stoic-curie.212-227-153-4.plesk.page\/hr\/wp-json\/wp\/v2\/comments?post=739191"}],"version-history":[{"count":0,"href":"https:\/\/stoic-curie.212-227-153-4.plesk.page\/hr\/wp-json\/wp\/v2\/product\/739191\/revisions"}],"wp:featuredmedia":[{"embeddable":true,"href":"https:\/\/stoic-curie.212-227-153-4.plesk.page\/hr\/wp-json\/wp\/v2\/media\/5935950"}],"wp:attachment":[{"href":"https:\/\/stoic-curie.212-227-153-4.plesk.page\/hr\/wp-json\/wp\/v2\/media?parent=739191"}],"wp:term":[{"taxonomy":"product_brand","embeddable":true,"href":"https:\/\/stoic-curie.212-227-153-4.plesk.page\/hr\/wp-json\/wp\/v2\/product_brand?post=739191"},{"taxonomy":"product_cat","embeddable":true,"href":"https:\/\/stoic-curie.212-227-153-4.plesk.page\/hr\/wp-json\/wp\/v2\/product_cat?post=739191"},{"taxonomy":"product_tag","embeddable":true,"href":"https:\/\/stoic-curie.212-227-153-4.plesk.page\/hr\/wp-json\/wp\/v2\/product_tag?post=739191"}],"curies":[{"name":"wp","href":"https:\/\/api.w.org\/{rel}","templated":true}]}}