{"id":739196,"date":"2025-03-03T18:02:48","date_gmt":"2025-03-03T17:02:48","guid":{"rendered":"https:\/\/stoic-curie.212-227-153-4.plesk.page\/producto\/rucni-wc-rm69-regata\/"},"modified":"2026-02-25T00:00:32","modified_gmt":"2026-02-25T00:00:32","slug":"rucni-wc-rm69-regata","status":"publish","type":"product","link":"https:\/\/stoic-curie.212-227-153-4.plesk.page\/hr\/product\/rucni-wc-rm69-regata\/","title":{"rendered":"Rucni WC RM69 Regata"},"content":{"rendered":"<p>Rucni WC RM69 Regata &#8211; <\/p>\n<p>Sigurno i jednostavno za ugradnju. Ulaz \u00d8 20 mm (3\/4 in\u010da), izlaz \u00d8 38 mm (1 in\u010d 1\/2).<\/p>\n","protected":false},"excerpt":{"rendered":"<p>Rucni WC RM69 Regata &#8211; Sigurno i jednostavno za ugradnju. Ulaz \u00d8 20 mm (3\/4 in\u010da), izlaz \u00d8 38 mm<\/p>\n","protected":false},"featured_media":5935974,"comment_status":"open","ping_status":"closed","template":"","meta":[],"product_brand":[3311],"product_cat":[1675],"product_tag":[],"class_list":{"0":"post-739196","1":"product","2":"type-product","3":"status-publish","4":"has-post-thumbnail","6":"product_brand-rm69-hr","7":"product_cat-brodski-wc","9":"first","10":"instock","11":"shipping-taxable","12":"purchasable","13":"product-type-simple"},"_links":{"self":[{"href":"https:\/\/stoic-curie.212-227-153-4.plesk.page\/hr\/wp-json\/wp\/v2\/product\/739196","targetHints":{"allow":["GET"]}}],"collection":[{"href":"https:\/\/stoic-curie.212-227-153-4.plesk.page\/hr\/wp-json\/wp\/v2\/product"}],"about":[{"href":"https:\/\/stoic-curie.212-227-153-4.plesk.page\/hr\/wp-json\/wp\/v2\/types\/product"}],"replies":[{"embeddable":true,"href":"https:\/\/stoic-curie.212-227-153-4.plesk.page\/hr\/wp-json\/wp\/v2\/comments?post=739196"}],"version-history":[{"count":0,"href":"https:\/\/stoic-curie.212-227-153-4.plesk.page\/hr\/wp-json\/wp\/v2\/product\/739196\/revisions"}],"wp:featuredmedia":[{"embeddable":true,"href":"https:\/\/stoic-curie.212-227-153-4.plesk.page\/hr\/wp-json\/wp\/v2\/media\/5935974"}],"wp:attachment":[{"href":"https:\/\/stoic-curie.212-227-153-4.plesk.page\/hr\/wp-json\/wp\/v2\/media?parent=739196"}],"wp:term":[{"taxonomy":"product_brand","embeddable":true,"href":"https:\/\/stoic-curie.212-227-153-4.plesk.page\/hr\/wp-json\/wp\/v2\/product_brand?post=739196"},{"taxonomy":"product_cat","embeddable":true,"href":"https:\/\/stoic-curie.212-227-153-4.plesk.page\/hr\/wp-json\/wp\/v2\/product_cat?post=739196"},{"taxonomy":"product_tag","embeddable":true,"href":"https:\/\/stoic-curie.212-227-153-4.plesk.page\/hr\/wp-json\/wp\/v2\/product_tag?post=739196"}],"curies":[{"name":"wp","href":"https:\/\/api.w.org\/{rel}","templated":true}]}}