{"id":739203,"date":"2025-03-03T18:02:49","date_gmt":"2025-03-03T17:02:49","guid":{"rendered":"https:\/\/stoic-curie.212-227-153-4.plesk.page\/producto\/brodski-wc-ocean-luxury-low-12-v\/"},"modified":"2026-02-25T00:00:32","modified_gmt":"2026-02-25T00:00:32","slug":"brodski-wc-ocean-luxury-low-12-v","status":"publish","type":"product","link":"https:\/\/stoic-curie.212-227-153-4.plesk.page\/hr\/product\/brodski-wc-ocean-luxury-low-12-v\/","title":{"rendered":"WC Ocean Luxury Standard 12 v H385mm"},"content":{"rendered":"<p>WC Ocean Luxury Standard 12 v H385mm &#8211; <\/p>\n<p style=\"color: rgb(34, 34, 34); font-family: Arial, Helvetica, sans-serif; font-size: small;\">Elektri\u010dni WC Ocean Luxury Standard 12 V H385mm. S ponosom predstavljamo Ocean Luxury Standard WC, savr\u0161en spoj elegancije i funkcionalnosti za va\u0161 dom. Ovaj WC nudi niz impresivnih zna\u010dajki:<\/p>\n<ul style=\"color: rgb(34, 34, 34); font-family: Arial, Helvetica, sans-serif; font-size: small;\">\n<li>Izvrsna udobnost koja podsje\u0107a na dom<\/li>\n<li>Niska potro\u0161nja vode<\/li>\n<li>Automatska kontrola za ulazak i ispu\u0161tanje vode<\/li>\n<li>Ugra\u0111ena pumpa za jednostavno uklanjanje otpada<\/li>\n<li>Prijateljski digitalni kontrolni panel<\/li>\n<li>Otpor sjedalo od Duroplasta s mekim zatvaranjem<\/li>\n<li>Otporni i materijali otporni na hr\u0111u<\/li>\n<li>Ventil povratka za pobolj\u0161anu u\u010dinkovitost<\/li>\n<li>Samopro\u010di\u0161\u0107avanje do 1,5 metara<\/li>\n<li>Svestrane mogu\u0107nosti instalacije iznad ili ispod razine vode<\/li>\n<\/ul>\n<p style=\"color: rgb(34, 34, 34); font-family: Arial, Helvetica, sans-serif; font-size: small;\">Ovaj WC djeluje s automatskim sustavom vode ili pumpom za odvod za ulaz vode. Ima elektroni\u010dki prekida\u010d koji upravlja protokom vode u dvije faze: prvo, puni zdjelu \u010distom vodom, a zatim u\u010dinkovito uklanja otpad, osiguravaju\u0107i da je zdjela \u010dista i prazna.<\/p>\n<p style=\"color: rgb(34, 34, 34); font-family: Arial, Helvetica, sans-serif; font-size: small;\">Za instalacije s vi\u0161e WC-a, jedna pumpa za vodu mo\u017ee opslu\u017eivati sve jedinice, pri \u010demu je svaki WC opremljen vlastitom elektroventilom.<\/p>\n<p style=\"color: rgb(34, 34, 34); font-family: Arial, Helvetica, sans-serif; font-size: small;\"><strong>Specifikacije:<\/strong><\/p>\n<ul style=\"color: rgb(34, 34, 34); font-family: Arial, Helvetica, sans-serif; font-size: small;\">\n<li>Ulaz: 19 mm (3\/4&#8243;)<\/li>\n<li>I\u0161ter: 25\/38 mm (1&#8243;-1 1\/2&#8243;)<\/li>\n<li>Potro\u0161nja snage: 30A na 12V<\/li>\n<\/ul>\n<p style=\"color: rgb(34, 34, 34); font-family: Arial, Helvetica, sans-serif; font-size: small;\"><strong>Klju\u010dne zna\u010dajke:<\/strong><\/p>\n<ul style=\"color: rgb(34, 34, 34); font-family: Arial, Helvetica, sans-serif; font-size: small;\">\n<li>Jednostavna instalacija<\/li>\n<li>Poklopac s mekim zatvaranjem za dodatnu udobnost<\/li>\n<li>Potpuno zatvoren dizajn za pobolj\u0161anu higijenu<\/li>\n<\/ul>\n<p style=\"color: rgb(34, 34, 34); font-family: Arial, Helvetica, sans-serif; font-size: small;\"><strong>Dodatne specifikacije:<\/strong><\/p>\n<ul style=\"color: rgb(34, 34, 34); font-family: Arial, Helvetica, sans-serif; font-size: small;\">\n<li>Potro\u0161nja vode: 1.5 \u2013 5 litara<\/li>\n<li>Napon: 12\/24V<\/li>\n<li>Povla\u010denje ampera: 18A \u2013 10A<\/li>\n<li>Povezivanje izlaza: 38mm (1 1\/2&#8243;) i 25mm (1&#8243;)<\/li>\n<li>Povezivanje ulaza: 19mm (3\/4&#8243;)<\/li>\n<\/ul>\n","protected":false},"excerpt":{"rendered":"<p>WC Ocean Luxury Standard 12 v H385mm &#8211; Elektri\u010dni WC Ocean Luxury Standard 12 V H385mm. S ponosom predstavljamo Ocean<\/p>\n","protected":false},"featured_media":5935992,"comment_status":"open","ping_status":"closed","template":"","meta":[],"product_brand":[3141],"product_cat":[1675],"product_tag":[],"class_list":{"0":"post-739203","1":"product","2":"type-product","3":"status-publish","4":"has-post-thumbnail","6":"product_brand-matromarine-hr","7":"product_cat-brodski-wc","9":"first","10":"instock","11":"shipping-taxable","12":"purchasable","13":"product-type-simple"},"_links":{"self":[{"href":"https:\/\/stoic-curie.212-227-153-4.plesk.page\/hr\/wp-json\/wp\/v2\/product\/739203","targetHints":{"allow":["GET"]}}],"collection":[{"href":"https:\/\/stoic-curie.212-227-153-4.plesk.page\/hr\/wp-json\/wp\/v2\/product"}],"about":[{"href":"https:\/\/stoic-curie.212-227-153-4.plesk.page\/hr\/wp-json\/wp\/v2\/types\/product"}],"replies":[{"embeddable":true,"href":"https:\/\/stoic-curie.212-227-153-4.plesk.page\/hr\/wp-json\/wp\/v2\/comments?post=739203"}],"version-history":[{"count":0,"href":"https:\/\/stoic-curie.212-227-153-4.plesk.page\/hr\/wp-json\/wp\/v2\/product\/739203\/revisions"}],"wp:featuredmedia":[{"embeddable":true,"href":"https:\/\/stoic-curie.212-227-153-4.plesk.page\/hr\/wp-json\/wp\/v2\/media\/5935992"}],"wp:attachment":[{"href":"https:\/\/stoic-curie.212-227-153-4.plesk.page\/hr\/wp-json\/wp\/v2\/media?parent=739203"}],"wp:term":[{"taxonomy":"product_brand","embeddable":true,"href":"https:\/\/stoic-curie.212-227-153-4.plesk.page\/hr\/wp-json\/wp\/v2\/product_brand?post=739203"},{"taxonomy":"product_cat","embeddable":true,"href":"https:\/\/stoic-curie.212-227-153-4.plesk.page\/hr\/wp-json\/wp\/v2\/product_cat?post=739203"},{"taxonomy":"product_tag","embeddable":true,"href":"https:\/\/stoic-curie.212-227-153-4.plesk.page\/hr\/wp-json\/wp\/v2\/product_tag?post=739203"}],"curies":[{"name":"wp","href":"https:\/\/api.w.org\/{rel}","templated":true}]}}