{"id":739221,"date":"2025-03-03T18:02:53","date_gmt":"2025-03-03T17:02:53","guid":{"rendered":"https:\/\/stoic-curie.212-227-153-4.plesk.page\/producto\/zracna-sirena-marco-390mm-12v\/"},"modified":"2026-02-25T00:00:32","modified_gmt":"2026-02-25T00:00:32","slug":"zracna-sirena-marco-390mm-12v","status":"publish","type":"product","link":"https:\/\/stoic-curie.212-227-153-4.plesk.page\/hr\/product\/zracna-sirena-marco-390mm-12v\/","title":{"rendered":"Zra\u010dna sirena Marco 390mm 12v"},"content":{"rendered":"<p>Zra\u010dna sirena Marco 390mm 12v &#8211; <\/p>\n<p>Elektri\u010dni zra\u010dni kompresorski rog od kompozitnog i kromiranog mesinga. Kromirana trompeta od tehnopolimera. Kompresor, zra\u010dne cijevi, priklju\u010dci i oprema uklju\u010deni.<\/p>\n","protected":false},"excerpt":{"rendered":"<p>Zra\u010dna sirena Marco 390mm 12v &#8211; Elektri\u010dni zra\u010dni kompresorski rog od kompozitnog i kromiranog mesinga. Kromirana trompeta od tehnopolimera. Kompresor,<\/p>\n","protected":false},"featured_media":5936008,"comment_status":"open","ping_status":"closed","template":"","meta":[],"product_brand":[3096],"product_cat":[1747],"product_tag":[],"class_list":{"0":"post-739221","1":"product","2":"type-product","3":"status-publish","4":"has-post-thumbnail","6":"product_brand-marco-hr","7":"product_cat-rogovi","9":"first","10":"instock","11":"shipping-taxable","12":"purchasable","13":"product-type-simple"},"_links":{"self":[{"href":"https:\/\/stoic-curie.212-227-153-4.plesk.page\/hr\/wp-json\/wp\/v2\/product\/739221","targetHints":{"allow":["GET"]}}],"collection":[{"href":"https:\/\/stoic-curie.212-227-153-4.plesk.page\/hr\/wp-json\/wp\/v2\/product"}],"about":[{"href":"https:\/\/stoic-curie.212-227-153-4.plesk.page\/hr\/wp-json\/wp\/v2\/types\/product"}],"replies":[{"embeddable":true,"href":"https:\/\/stoic-curie.212-227-153-4.plesk.page\/hr\/wp-json\/wp\/v2\/comments?post=739221"}],"version-history":[{"count":0,"href":"https:\/\/stoic-curie.212-227-153-4.plesk.page\/hr\/wp-json\/wp\/v2\/product\/739221\/revisions"}],"wp:featuredmedia":[{"embeddable":true,"href":"https:\/\/stoic-curie.212-227-153-4.plesk.page\/hr\/wp-json\/wp\/v2\/media\/5936008"}],"wp:attachment":[{"href":"https:\/\/stoic-curie.212-227-153-4.plesk.page\/hr\/wp-json\/wp\/v2\/media?parent=739221"}],"wp:term":[{"taxonomy":"product_brand","embeddable":true,"href":"https:\/\/stoic-curie.212-227-153-4.plesk.page\/hr\/wp-json\/wp\/v2\/product_brand?post=739221"},{"taxonomy":"product_cat","embeddable":true,"href":"https:\/\/stoic-curie.212-227-153-4.plesk.page\/hr\/wp-json\/wp\/v2\/product_cat?post=739221"},{"taxonomy":"product_tag","embeddable":true,"href":"https:\/\/stoic-curie.212-227-153-4.plesk.page\/hr\/wp-json\/wp\/v2\/product_tag?post=739221"}],"curies":[{"name":"wp","href":"https:\/\/api.w.org\/{rel}","templated":true}]}}