{"id":739227,"date":"2025-03-03T18:02:55","date_gmt":"2025-03-03T17:02:55","guid":{"rendered":"https:\/\/stoic-curie.212-227-153-4.plesk.page\/producto\/sirena-marco-ew2-m-12v\/"},"modified":"2026-02-25T00:00:32","modified_gmt":"2026-02-25T00:00:32","slug":"sirena-marco-ew2-m-12v","status":"publish","type":"product","link":"https:\/\/stoic-curie.212-227-153-4.plesk.page\/hr\/product\/sirena-marco-ew2-m-12v\/","title":{"rendered":"Sirena Marco EW2-MS 12v"},"content":{"rendered":"<p>Sirena Marco EW2-MS 12v &#8211; <\/p>\n<p style=\"color: rgb(34, 34, 34); font-family: Arial, Helvetica, sans-serif; font-size: small;\">Ova visoko odobrena elektronska pi\u0161taljka opremljena je sna\u017enim zvu\u010dnikom, jednostavnim ugra\u0111enim kontrolnim panelom i naprednim elektroni\u010dkim kontrolerom. Jedna od njenih istaknutih karakteristika je inovativni ultrazvu\u010dni sustav grijanja, koji zna\u010dajno pobolj\u0161ava performanse akusti\u010dne membrane, osiguravaju\u0107i da pi\u0161taljka proizvodi jasan i sna\u017ean zvuk. Ova pi\u0161taljka dizajnirana je da zadovolji stroge zahtjeve postavljene me\u0111unarodnim propisima COLREG 1972 IMO klase IV, \u010dine\u0107i je pouzdanim izborom za pomorsku sigurnost. Tako\u0111er je dobila certifikate od nekoliko uglednih organizacija, uklju\u010duju\u0107i RINA, LLOYD&#8217;S REGISTER, MCA, BUREAU VERITAS, NMMA i BSH, \u0161to dodatno potvr\u0111uje njezinu kvalitetu i pouzdanost.<\/p>\n<p style=\"color: rgb(34, 34, 34); font-family: Arial, Helvetica, sans-serif; font-size: small;\">Specijalno dizajnirana za \u010damce du\u017eine izme\u0111u 12 i 20 metara, ova signalizacijska pi\u0161taljka dolazi s prakti\u010dnim monta\u017enim kompletom, \u0161to omogu\u0107ava jednostavnu i bezproblematnu instalaciju. Osim toga, ima VHF ulaz i mikrofon, \u0161to pru\u017ea dodatnu funkcionalnost koja pobolj\u0161ava komunikaciju i sigurnost na vodi. Ova pi\u0161taljka je esencijalni alat za svakog ljubitelja \u010damaca koji \u017eeli osigurati sigurnost i uskla\u0111enost tijekom svojih pomorskih avantura.<\/p>\n","protected":false},"excerpt":{"rendered":"<p>Sirena Marco EW2-MS 12v &#8211; Ova visoko odobrena elektronska pi\u0161taljka opremljena je sna\u017enim zvu\u010dnikom, jednostavnim ugra\u0111enim kontrolnim panelom i naprednim<\/p>\n","protected":false},"featured_media":5936012,"comment_status":"open","ping_status":"closed","template":"","meta":[],"product_brand":[3096],"product_cat":[1776,1747],"product_tag":[],"class_list":{"0":"post-739227","1":"product","2":"type-product","3":"status-publish","4":"has-post-thumbnail","6":"product_brand-marco-hr","7":"product_cat-oprema-za-signalizaciju","8":"product_cat-rogovi","10":"first","11":"instock","12":"shipping-taxable","13":"purchasable","14":"product-type-simple"},"_links":{"self":[{"href":"https:\/\/stoic-curie.212-227-153-4.plesk.page\/hr\/wp-json\/wp\/v2\/product\/739227","targetHints":{"allow":["GET"]}}],"collection":[{"href":"https:\/\/stoic-curie.212-227-153-4.plesk.page\/hr\/wp-json\/wp\/v2\/product"}],"about":[{"href":"https:\/\/stoic-curie.212-227-153-4.plesk.page\/hr\/wp-json\/wp\/v2\/types\/product"}],"replies":[{"embeddable":true,"href":"https:\/\/stoic-curie.212-227-153-4.plesk.page\/hr\/wp-json\/wp\/v2\/comments?post=739227"}],"version-history":[{"count":0,"href":"https:\/\/stoic-curie.212-227-153-4.plesk.page\/hr\/wp-json\/wp\/v2\/product\/739227\/revisions"}],"wp:featuredmedia":[{"embeddable":true,"href":"https:\/\/stoic-curie.212-227-153-4.plesk.page\/hr\/wp-json\/wp\/v2\/media\/5936012"}],"wp:attachment":[{"href":"https:\/\/stoic-curie.212-227-153-4.plesk.page\/hr\/wp-json\/wp\/v2\/media?parent=739227"}],"wp:term":[{"taxonomy":"product_brand","embeddable":true,"href":"https:\/\/stoic-curie.212-227-153-4.plesk.page\/hr\/wp-json\/wp\/v2\/product_brand?post=739227"},{"taxonomy":"product_cat","embeddable":true,"href":"https:\/\/stoic-curie.212-227-153-4.plesk.page\/hr\/wp-json\/wp\/v2\/product_cat?post=739227"},{"taxonomy":"product_tag","embeddable":true,"href":"https:\/\/stoic-curie.212-227-153-4.plesk.page\/hr\/wp-json\/wp\/v2\/product_tag?post=739227"}],"curies":[{"name":"wp","href":"https:\/\/api.w.org\/{rel}","templated":true}]}}