{"id":739233,"date":"2025-03-03T18:02:56","date_gmt":"2025-03-03T17:02:56","guid":{"rendered":"https:\/\/stoic-curie.212-227-153-4.plesk.page\/producto\/podesivi-reflektor-s-vodonepropusnom-upravljackom-plocom-od-12-v-100-300-m\/"},"modified":"2026-02-25T00:00:32","modified_gmt":"2026-02-25T00:00:32","slug":"podesivi-reflektor-s-vodonepropusnom-upravljackom-plocom-od-12-v-100-300-m","status":"publish","type":"product","link":"https:\/\/stoic-curie.212-227-153-4.plesk.page\/hr\/product\/podesivi-reflektor-s-vodonepropusnom-upravljackom-plocom-od-12-v-100-300-m\/","title":{"rendered":"Podesivi reflektor s vodonepropusnom upravlja\u010dkom plo\u010dom od 12 V (100-300 m)"},"content":{"rendered":"<p>Podesivi reflektor s vodonepropusnom upravlja\u010dkom plo\u010dom od 12 V (100-300 m) &#8211; <\/p>\n<p>Prilagodljivi reflektor s vodootpornim upravlja\u010dkim panelom i 4-metra kabelom. Otporan na udarce, UV-otpornog polimera, vodootporno tijelo. H3 halogenska zatvorena \u017earulja \u00d8 140 mm s dvostrukom svjetlosnom kombinacijom: to\u010dkasto svjetlo i floodlight na\u010din rada. Opcijska be\u017ei\u010dna kontrola s plug-and-play prijemnikom i oda\u0161ilja\u010dem do 35 m. Ako se instalira, zamjenjuje \u017ei\u010dni upravlja\u010dki panel. Da biste zadr\u017eali oba, potrebno je kupiti dvostani\u010dni panel. Dimenzije reflektora su 220 x 190 x H245 mm, baza 120 x 150 mm. Dimenzije panela su 92 x 122 mm, urezane 60 x 90 x H45 mm.<\/p>\n","protected":false},"excerpt":{"rendered":"<p>Podesivi reflektor s vodonepropusnom upravlja\u010dkom plo\u010dom od 12 V (100-300 m) &#8211; Prilagodljivi reflektor s vodootpornim upravlja\u010dkim panelom i 4-metra<\/p>\n","protected":false},"featured_media":5936031,"comment_status":"open","ping_status":"closed","template":"","meta":[],"product_brand":[3141],"product_cat":[1734],"product_tag":[],"class_list":{"0":"post-739233","1":"product","2":"type-product","3":"status-publish","4":"has-post-thumbnail","6":"product_brand-matromarine-hr","7":"product_cat-brodski-reflektori","9":"first","10":"instock","11":"shipping-taxable","12":"purchasable","13":"product-type-simple"},"_links":{"self":[{"href":"https:\/\/stoic-curie.212-227-153-4.plesk.page\/hr\/wp-json\/wp\/v2\/product\/739233","targetHints":{"allow":["GET"]}}],"collection":[{"href":"https:\/\/stoic-curie.212-227-153-4.plesk.page\/hr\/wp-json\/wp\/v2\/product"}],"about":[{"href":"https:\/\/stoic-curie.212-227-153-4.plesk.page\/hr\/wp-json\/wp\/v2\/types\/product"}],"replies":[{"embeddable":true,"href":"https:\/\/stoic-curie.212-227-153-4.plesk.page\/hr\/wp-json\/wp\/v2\/comments?post=739233"}],"version-history":[{"count":0,"href":"https:\/\/stoic-curie.212-227-153-4.plesk.page\/hr\/wp-json\/wp\/v2\/product\/739233\/revisions"}],"wp:featuredmedia":[{"embeddable":true,"href":"https:\/\/stoic-curie.212-227-153-4.plesk.page\/hr\/wp-json\/wp\/v2\/media\/5936031"}],"wp:attachment":[{"href":"https:\/\/stoic-curie.212-227-153-4.plesk.page\/hr\/wp-json\/wp\/v2\/media?parent=739233"}],"wp:term":[{"taxonomy":"product_brand","embeddable":true,"href":"https:\/\/stoic-curie.212-227-153-4.plesk.page\/hr\/wp-json\/wp\/v2\/product_brand?post=739233"},{"taxonomy":"product_cat","embeddable":true,"href":"https:\/\/stoic-curie.212-227-153-4.plesk.page\/hr\/wp-json\/wp\/v2\/product_cat?post=739233"},{"taxonomy":"product_tag","embeddable":true,"href":"https:\/\/stoic-curie.212-227-153-4.plesk.page\/hr\/wp-json\/wp\/v2\/product_tag?post=739233"}],"curies":[{"name":"wp","href":"https:\/\/api.w.org\/{rel}","templated":true}]}}