{"id":739234,"date":"2025-03-03T18:02:56","date_gmt":"2025-03-03T17:02:56","guid":{"rendered":"https:\/\/stoic-curie.212-227-153-4.plesk.page\/producto\/podesivi-reflektor-s-vodootpornom-kontrolnom-plocom-od-24-v-100-300-m\/"},"modified":"2026-02-25T00:00:32","modified_gmt":"2026-02-25T00:00:32","slug":"podesivi-reflektor-s-vodootpornom-kontrolnom-plocom-od-24-v-100-300-m","status":"publish","type":"product","link":"https:\/\/stoic-curie.212-227-153-4.plesk.page\/hr\/product\/podesivi-reflektor-s-vodootpornom-kontrolnom-plocom-od-24-v-100-300-m\/","title":{"rendered":"Podesivi reflektor s vodootpornom kontrolnom plo\u010dom od 24 V (100-300 m)"},"content":{"rendered":"<p>Podesivi reflektor s vodootpornom kontrolnom plo\u010dom od 24 V (100-300 m) &#8211; <\/p>\n<p>Podesivi reflektor s vodootpornim kontrolnim panelom i 4 metra dugim kabelom. Otporan na udarce, UV otporna vodootporna tijelo od polimera. H3 halogena \u017earulja zatvorenog tipa \u00c3\u00b8 140 mm s dualnom svjetlosnom kombinacijom: usmjereno svjetlo i rasvjeta \u0161irokog polja. Opcijska be\u017ei\u010dna kontrola s &#8216;plug and play&#8217; prijemnikom i oda\u0161ilja\u010dem do 35 m. Ako je instalirana, zamjenjuje \u017ei\u010dani kontrolni panel. Za odr\u017eavanje oba, treba kupiti dvojak panel. Dimenzije reflektora 220 x 190 x H245 mm, baza 120 x 150 mm. Dimenzije panela 92 x 122 mm, ugradne 60 x 90 x H45 mm.<\/p>\n","protected":false},"excerpt":{"rendered":"<p>Podesivi reflektor s vodootpornom kontrolnom plo\u010dom od 24 V (100-300 m) &#8211; Podesivi reflektor s vodootpornim kontrolnim panelom i 4<\/p>\n","protected":false},"featured_media":5936031,"comment_status":"open","ping_status":"closed","template":"","meta":[],"product_brand":[3141],"product_cat":[1734],"product_tag":[],"class_list":{"0":"post-739234","1":"product","2":"type-product","3":"status-publish","4":"has-post-thumbnail","6":"product_brand-matromarine-hr","7":"product_cat-brodski-reflektori","9":"first","10":"instock","11":"shipping-taxable","12":"purchasable","13":"product-type-simple"},"_links":{"self":[{"href":"https:\/\/stoic-curie.212-227-153-4.plesk.page\/hr\/wp-json\/wp\/v2\/product\/739234","targetHints":{"allow":["GET"]}}],"collection":[{"href":"https:\/\/stoic-curie.212-227-153-4.plesk.page\/hr\/wp-json\/wp\/v2\/product"}],"about":[{"href":"https:\/\/stoic-curie.212-227-153-4.plesk.page\/hr\/wp-json\/wp\/v2\/types\/product"}],"replies":[{"embeddable":true,"href":"https:\/\/stoic-curie.212-227-153-4.plesk.page\/hr\/wp-json\/wp\/v2\/comments?post=739234"}],"version-history":[{"count":0,"href":"https:\/\/stoic-curie.212-227-153-4.plesk.page\/hr\/wp-json\/wp\/v2\/product\/739234\/revisions"}],"wp:featuredmedia":[{"embeddable":true,"href":"https:\/\/stoic-curie.212-227-153-4.plesk.page\/hr\/wp-json\/wp\/v2\/media\/5936031"}],"wp:attachment":[{"href":"https:\/\/stoic-curie.212-227-153-4.plesk.page\/hr\/wp-json\/wp\/v2\/media?parent=739234"}],"wp:term":[{"taxonomy":"product_brand","embeddable":true,"href":"https:\/\/stoic-curie.212-227-153-4.plesk.page\/hr\/wp-json\/wp\/v2\/product_brand?post=739234"},{"taxonomy":"product_cat","embeddable":true,"href":"https:\/\/stoic-curie.212-227-153-4.plesk.page\/hr\/wp-json\/wp\/v2\/product_cat?post=739234"},{"taxonomy":"product_tag","embeddable":true,"href":"https:\/\/stoic-curie.212-227-153-4.plesk.page\/hr\/wp-json\/wp\/v2\/product_tag?post=739234"}],"curies":[{"name":"wp","href":"https:\/\/api.w.org\/{rel}","templated":true}]}}