{"id":739235,"date":"2025-03-03T18:02:57","date_gmt":"2025-03-03T17:02:57","guid":{"rendered":"https:\/\/stoic-curie.212-227-153-4.plesk.page\/producto\/reflektor-dhr-210-1000w-220v-s-podesavanjem-iz-kabine\/"},"modified":"2026-02-25T00:00:32","modified_gmt":"2026-02-25T00:00:32","slug":"reflektor-dhr-210-1000w-220v-s-podesavanjem-iz-kabine","status":"publish","type":"product","link":"https:\/\/stoic-curie.212-227-153-4.plesk.page\/hr\/product\/reflektor-dhr-210-1000w-220v-s-podesavanjem-iz-kabine\/","title":{"rendered":"Reflektor DHR 210 1000W 220V s pode\u0161avanjem iz kabine"},"content":{"rendered":"<p>Reflektor DHR 210 1000W 220V s pode\u0161avanjem iz kabine &#8211; <\/p>\n<p>Profesionalni ku\u0107i\u0161te od anodiziranog aluminija otporno na UV zra\u010denje, lakirano RAL9016, s podesivim i kontroliranim reflektorom. Sva oprema je nemagnetna i otporna na koroziju.<\/p>\n","protected":false},"excerpt":{"rendered":"<p>Reflektor DHR 210 1000W 220V s pode\u0161avanjem iz kabine &#8211; Profesionalni ku\u0107i\u0161te od anodiziranog aluminija otporno na UV zra\u010denje, lakirano<\/p>\n","protected":false},"featured_media":5936034,"comment_status":"open","ping_status":"closed","template":"","meta":[],"product_brand":[2881],"product_cat":[1734],"product_tag":[],"class_list":{"0":"post-739235","1":"product","2":"type-product","3":"status-publish","4":"has-post-thumbnail","6":"product_brand-dhr-hr","7":"product_cat-brodski-reflektori","9":"first","10":"instock","11":"shipping-taxable","12":"purchasable","13":"product-type-simple"},"_links":{"self":[{"href":"https:\/\/stoic-curie.212-227-153-4.plesk.page\/hr\/wp-json\/wp\/v2\/product\/739235","targetHints":{"allow":["GET"]}}],"collection":[{"href":"https:\/\/stoic-curie.212-227-153-4.plesk.page\/hr\/wp-json\/wp\/v2\/product"}],"about":[{"href":"https:\/\/stoic-curie.212-227-153-4.plesk.page\/hr\/wp-json\/wp\/v2\/types\/product"}],"replies":[{"embeddable":true,"href":"https:\/\/stoic-curie.212-227-153-4.plesk.page\/hr\/wp-json\/wp\/v2\/comments?post=739235"}],"version-history":[{"count":0,"href":"https:\/\/stoic-curie.212-227-153-4.plesk.page\/hr\/wp-json\/wp\/v2\/product\/739235\/revisions"}],"wp:featuredmedia":[{"embeddable":true,"href":"https:\/\/stoic-curie.212-227-153-4.plesk.page\/hr\/wp-json\/wp\/v2\/media\/5936034"}],"wp:attachment":[{"href":"https:\/\/stoic-curie.212-227-153-4.plesk.page\/hr\/wp-json\/wp\/v2\/media?parent=739235"}],"wp:term":[{"taxonomy":"product_brand","embeddable":true,"href":"https:\/\/stoic-curie.212-227-153-4.plesk.page\/hr\/wp-json\/wp\/v2\/product_brand?post=739235"},{"taxonomy":"product_cat","embeddable":true,"href":"https:\/\/stoic-curie.212-227-153-4.plesk.page\/hr\/wp-json\/wp\/v2\/product_cat?post=739235"},{"taxonomy":"product_tag","embeddable":true,"href":"https:\/\/stoic-curie.212-227-153-4.plesk.page\/hr\/wp-json\/wp\/v2\/product_tag?post=739235"}],"curies":[{"name":"wp","href":"https:\/\/api.w.org\/{rel}","templated":true}]}}