{"id":739239,"date":"2025-03-03T18:02:57","date_gmt":"2025-03-03T17:02:57","guid":{"rendered":"https:\/\/stoic-curie.212-227-153-4.plesk.page\/producto\/ukrasna-svjetiljka-od-poliranog-mesinga-old-navy-260-x-v310mm\/"},"modified":"2026-02-25T00:00:32","modified_gmt":"2026-02-25T00:00:32","slug":"ukrasna-svjetiljka-od-poliranog-mesinga-old-navy-260-x-v310mm","status":"publish","type":"product","link":"https:\/\/stoic-curie.212-227-153-4.plesk.page\/hr\/product\/ukrasna-svjetiljka-od-poliranog-mesinga-old-navy-260-x-v310mm\/","title":{"rendered":"Ukrasna svjetiljka od poliranog mesinga Old Navy 260 x V310mm"},"content":{"rendered":"<p>Ukrasna svjetiljka od poliranog mesinga Old Navy 260 x V310mm &#8211; <\/p>\n<p>Klasi\u010dna stropna lampa u ribolovnom stilu od mesinga. Duljina lanca 45 cm. 220V le\u017ei\u0161te za \u017earulje.<\/p>\n","protected":false},"excerpt":{"rendered":"<p>Ukrasna svjetiljka od poliranog mesinga Old Navy 260 x V310mm &#8211; Klasi\u010dna stropna lampa u ribolovnom stilu od mesinga. Duljina<\/p>\n","protected":false},"featured_media":5936044,"comment_status":"open","ping_status":"closed","template":"","meta":[],"product_brand":[2946],"product_cat":[1640,1739],"product_tag":[],"class_list":{"0":"post-739239","1":"product","2":"type-product","3":"status-publish","4":"has-post-thumbnail","6":"product_brand-foresti-suardi-hr","7":"product_cat-nauticki-dekor","8":"product_cat-rasvjeta","10":"first","11":"instock","12":"shipping-taxable","13":"purchasable","14":"product-type-simple"},"_links":{"self":[{"href":"https:\/\/stoic-curie.212-227-153-4.plesk.page\/hr\/wp-json\/wp\/v2\/product\/739239","targetHints":{"allow":["GET"]}}],"collection":[{"href":"https:\/\/stoic-curie.212-227-153-4.plesk.page\/hr\/wp-json\/wp\/v2\/product"}],"about":[{"href":"https:\/\/stoic-curie.212-227-153-4.plesk.page\/hr\/wp-json\/wp\/v2\/types\/product"}],"replies":[{"embeddable":true,"href":"https:\/\/stoic-curie.212-227-153-4.plesk.page\/hr\/wp-json\/wp\/v2\/comments?post=739239"}],"version-history":[{"count":0,"href":"https:\/\/stoic-curie.212-227-153-4.plesk.page\/hr\/wp-json\/wp\/v2\/product\/739239\/revisions"}],"wp:featuredmedia":[{"embeddable":true,"href":"https:\/\/stoic-curie.212-227-153-4.plesk.page\/hr\/wp-json\/wp\/v2\/media\/5936044"}],"wp:attachment":[{"href":"https:\/\/stoic-curie.212-227-153-4.plesk.page\/hr\/wp-json\/wp\/v2\/media?parent=739239"}],"wp:term":[{"taxonomy":"product_brand","embeddable":true,"href":"https:\/\/stoic-curie.212-227-153-4.plesk.page\/hr\/wp-json\/wp\/v2\/product_brand?post=739239"},{"taxonomy":"product_cat","embeddable":true,"href":"https:\/\/stoic-curie.212-227-153-4.plesk.page\/hr\/wp-json\/wp\/v2\/product_cat?post=739239"},{"taxonomy":"product_tag","embeddable":true,"href":"https:\/\/stoic-curie.212-227-153-4.plesk.page\/hr\/wp-json\/wp\/v2\/product_tag?post=739239"}],"curies":[{"name":"wp","href":"https:\/\/api.w.org\/{rel}","templated":true}]}}