{"id":739243,"date":"2025-03-03T18:02:58","date_gmt":"2025-03-03T17:02:58","guid":{"rendered":"https:\/\/stoic-curie.212-227-153-4.plesk.page\/producto\/rucni-kompas-rivijera-orion-plavi\/"},"modified":"2026-02-25T00:00:32","modified_gmt":"2026-02-25T00:00:32","slug":"rucni-kompas-rivijera-orion-plavi","status":"publish","type":"product","link":"https:\/\/stoic-curie.212-227-153-4.plesk.page\/hr\/product\/rucni-kompas-rivijera-orion-plavi\/","title":{"rendered":"Ru\u010dni kompas Rivijera Orion, plavi"},"content":{"rendered":"<p>Ru\u010dni kompas Rivijera Orion, plavi &#8211; <\/p>\n<p>Plutaju\u0107i ru\u010dni kompas Riviera Orion. <br \/>\u2022 O\u010digledni promjer 1&#8243;7\/8 (50 mm) <br \/>\u2022 Direktno o\u010ditavanje (graduacija karte 10\u00b0) <br \/>\u2022 Plutaju\u0107i &#8211; Otporan na udarce. <br \/>\u2022 Rotiraju\u0107a be\u0161ela &#8211; Luminescentna karta <br \/>\u2022 Dimenzije: 100x70x27 mm.<\/p>\n","protected":false},"excerpt":{"rendered":"<p>Ru\u010dni kompas Rivijera Orion, plavi &#8211; Plutaju\u0107i ru\u010dni kompas Riviera Orion. \u2022 O\u010digledni promjer 1&#8243;7\/8 (50 mm) \u2022 Direktno o\u010ditavanje<\/p>\n","protected":false},"featured_media":2899669,"comment_status":"open","ping_status":"closed","template":"","meta":[],"product_brand":[2160,3306],"product_cat":[1780,1775],"product_tag":[],"class_list":{"0":"post-739243","1":"product","2":"type-product","3":"status-publish","4":"has-post-thumbnail","6":"product_brand-riviera","7":"product_brand-riviera-hr","8":"product_cat-navigacijski-kompas","9":"product_cat-rucni-brodski-kompasi","11":"first","12":"instock","13":"shipping-taxable","14":"purchasable","15":"product-type-simple"},"_links":{"self":[{"href":"https:\/\/stoic-curie.212-227-153-4.plesk.page\/hr\/wp-json\/wp\/v2\/product\/739243","targetHints":{"allow":["GET"]}}],"collection":[{"href":"https:\/\/stoic-curie.212-227-153-4.plesk.page\/hr\/wp-json\/wp\/v2\/product"}],"about":[{"href":"https:\/\/stoic-curie.212-227-153-4.plesk.page\/hr\/wp-json\/wp\/v2\/types\/product"}],"replies":[{"embeddable":true,"href":"https:\/\/stoic-curie.212-227-153-4.plesk.page\/hr\/wp-json\/wp\/v2\/comments?post=739243"}],"version-history":[{"count":0,"href":"https:\/\/stoic-curie.212-227-153-4.plesk.page\/hr\/wp-json\/wp\/v2\/product\/739243\/revisions"}],"wp:featuredmedia":[{"embeddable":true,"href":"https:\/\/stoic-curie.212-227-153-4.plesk.page\/hr\/wp-json\/wp\/v2\/media\/2899669"}],"wp:attachment":[{"href":"https:\/\/stoic-curie.212-227-153-4.plesk.page\/hr\/wp-json\/wp\/v2\/media?parent=739243"}],"wp:term":[{"taxonomy":"product_brand","embeddable":true,"href":"https:\/\/stoic-curie.212-227-153-4.plesk.page\/hr\/wp-json\/wp\/v2\/product_brand?post=739243"},{"taxonomy":"product_cat","embeddable":true,"href":"https:\/\/stoic-curie.212-227-153-4.plesk.page\/hr\/wp-json\/wp\/v2\/product_cat?post=739243"},{"taxonomy":"product_tag","embeddable":true,"href":"https:\/\/stoic-curie.212-227-153-4.plesk.page\/hr\/wp-json\/wp\/v2\/product_tag?post=739243"}],"curies":[{"name":"wp","href":"https:\/\/api.w.org\/{rel}","templated":true}]}}