{"id":739259,"date":"2025-03-03T18:03:02","date_gmt":"2025-03-03T17:03:02","guid":{"rendered":"https:\/\/stoic-curie.212-227-153-4.plesk.page\/producto\/odobreni-prsluk-za-spasavanje-securmar-bravo-100n-10-15kg\/"},"modified":"2026-02-25T00:00:32","modified_gmt":"2026-02-25T00:00:32","slug":"odobreni-prsluk-za-spasavanje-securmar-bravo-100n-10-15kg","status":"publish","type":"product","link":"https:\/\/stoic-curie.212-227-153-4.plesk.page\/hr\/product\/odobreni-prsluk-za-spasavanje-securmar-bravo-100n-10-15kg\/","title":{"rendered":"Odobreni prsluk za spa\u0161avanje Securmar Bravo 100n 10-15kg"},"content":{"rendered":"<p>Odobreni prsluk za spa\u0161avanje Securmar Bravo 100n 10-15kg &#8211; <\/p>\n<p>100N vrlo udoban i nosiv pjenasti prsluk za spa\u0161avanje EN ISO 12402-4 certificiran za plovidbu u zadovoljstvu unutar 6 nauti\u010dkih milja od obale. Karakteristike: tkanina otporna na kidanje s mekim punjenjem, zatvara\u010d, pojas s brzim otpu\u0161tanjem, donja i preponska u\u010dvr\u0161\u0107uju\u0107a traka, reflektiraju\u0107e oznake i zvi\u017edaljka. 100N &#8211; Za upotrebu u obalnim vodama, prikladno \u010dak i za nepliva\u010de, ali s laganom odje\u0107om. Nije prikladno za osobe bez svijesti.<\/p>\n","protected":false},"excerpt":{"rendered":"<p>Odobreni prsluk za spa\u0161avanje Securmar Bravo 100n 10-15kg &#8211; 100N vrlo udoban i nosiv pjenasti prsluk za spa\u0161avanje EN ISO<\/p>\n","protected":false},"featured_media":5936080,"comment_status":"open","ping_status":"closed","template":"","meta":[],"product_brand":[3366],"product_cat":[1606],"product_tag":[],"class_list":{"0":"post-739259","1":"product","2":"type-product","3":"status-publish","4":"has-post-thumbnail","6":"product_brand-securmar-hr","7":"product_cat-djecji-prsluci-za-spasavanje","9":"first","10":"instock","11":"shipping-taxable","12":"purchasable","13":"product-type-simple"},"_links":{"self":[{"href":"https:\/\/stoic-curie.212-227-153-4.plesk.page\/hr\/wp-json\/wp\/v2\/product\/739259","targetHints":{"allow":["GET"]}}],"collection":[{"href":"https:\/\/stoic-curie.212-227-153-4.plesk.page\/hr\/wp-json\/wp\/v2\/product"}],"about":[{"href":"https:\/\/stoic-curie.212-227-153-4.plesk.page\/hr\/wp-json\/wp\/v2\/types\/product"}],"replies":[{"embeddable":true,"href":"https:\/\/stoic-curie.212-227-153-4.plesk.page\/hr\/wp-json\/wp\/v2\/comments?post=739259"}],"version-history":[{"count":0,"href":"https:\/\/stoic-curie.212-227-153-4.plesk.page\/hr\/wp-json\/wp\/v2\/product\/739259\/revisions"}],"wp:featuredmedia":[{"embeddable":true,"href":"https:\/\/stoic-curie.212-227-153-4.plesk.page\/hr\/wp-json\/wp\/v2\/media\/5936080"}],"wp:attachment":[{"href":"https:\/\/stoic-curie.212-227-153-4.plesk.page\/hr\/wp-json\/wp\/v2\/media?parent=739259"}],"wp:term":[{"taxonomy":"product_brand","embeddable":true,"href":"https:\/\/stoic-curie.212-227-153-4.plesk.page\/hr\/wp-json\/wp\/v2\/product_brand?post=739259"},{"taxonomy":"product_cat","embeddable":true,"href":"https:\/\/stoic-curie.212-227-153-4.plesk.page\/hr\/wp-json\/wp\/v2\/product_cat?post=739259"},{"taxonomy":"product_tag","embeddable":true,"href":"https:\/\/stoic-curie.212-227-153-4.plesk.page\/hr\/wp-json\/wp\/v2\/product_tag?post=739259"}],"curies":[{"name":"wp","href":"https:\/\/api.w.org\/{rel}","templated":true}]}}