{"id":739261,"date":"2025-03-03T18:03:03","date_gmt":"2025-03-03T17:03:03","guid":{"rendered":"https:\/\/stoic-curie.212-227-153-4.plesk.page\/producto\/odobreni-prsluk-za-spasavanje-secumar-bravo-100n-30-40kg\/"},"modified":"2026-02-25T00:00:32","modified_gmt":"2026-02-25T00:00:32","slug":"odobreni-prsluk-za-spasavanje-secumar-bravo-100n-30-40kg","status":"publish","type":"product","link":"https:\/\/stoic-curie.212-227-153-4.plesk.page\/hr\/product\/odobreni-prsluk-za-spasavanje-secumar-bravo-100n-30-40kg\/","title":{"rendered":"Odobreni prsluk za spa\u0161avanje Secumar Bravo 100n 30-40kg"},"content":{"rendered":"<p>Odobreni prsluk za spa\u0161avanje Secumar Bravo 100n 30-40kg &#8211; <\/p>\n<p>100N vrlo udobna i nosiva pjena za spa\u0161avanje EN ISO 12402-4 certificirana za ugodno navigiranje unutar 6 milja od obale. Zna\u010dajke: tkanina otporna na kidanje s mekanim jastu\u010di\u0107em, patentni zatvara\u010d, pojas s brzim otpu\u0161tanjem, donja i prepone vezna traka, reflektiraju\u0107e zakrpe i zvi\u017edaljka. 100N &#8211; Za kori\u0161tenje u obalnim vodama, prikladno \u010dak i za nepliva\u010de, ali s laganom odje\u0107om. Nije prikladno za besvjesne osobe.<\/p>\n","protected":false},"excerpt":{"rendered":"<p>Odobreni prsluk za spa\u0161avanje Secumar Bravo 100n 30-40kg &#8211; 100N vrlo udobna i nosiva pjena za spa\u0161avanje EN ISO 12402-4<\/p>\n","protected":false},"featured_media":5936080,"comment_status":"open","ping_status":"closed","template":"","meta":[],"product_brand":[3366],"product_cat":[1606],"product_tag":[],"class_list":{"0":"post-739261","1":"product","2":"type-product","3":"status-publish","4":"has-post-thumbnail","6":"product_brand-securmar-hr","7":"product_cat-djecji-prsluci-za-spasavanje","9":"first","10":"instock","11":"shipping-taxable","12":"purchasable","13":"product-type-simple"},"_links":{"self":[{"href":"https:\/\/stoic-curie.212-227-153-4.plesk.page\/hr\/wp-json\/wp\/v2\/product\/739261","targetHints":{"allow":["GET"]}}],"collection":[{"href":"https:\/\/stoic-curie.212-227-153-4.plesk.page\/hr\/wp-json\/wp\/v2\/product"}],"about":[{"href":"https:\/\/stoic-curie.212-227-153-4.plesk.page\/hr\/wp-json\/wp\/v2\/types\/product"}],"replies":[{"embeddable":true,"href":"https:\/\/stoic-curie.212-227-153-4.plesk.page\/hr\/wp-json\/wp\/v2\/comments?post=739261"}],"version-history":[{"count":0,"href":"https:\/\/stoic-curie.212-227-153-4.plesk.page\/hr\/wp-json\/wp\/v2\/product\/739261\/revisions"}],"wp:featuredmedia":[{"embeddable":true,"href":"https:\/\/stoic-curie.212-227-153-4.plesk.page\/hr\/wp-json\/wp\/v2\/media\/5936080"}],"wp:attachment":[{"href":"https:\/\/stoic-curie.212-227-153-4.plesk.page\/hr\/wp-json\/wp\/v2\/media?parent=739261"}],"wp:term":[{"taxonomy":"product_brand","embeddable":true,"href":"https:\/\/stoic-curie.212-227-153-4.plesk.page\/hr\/wp-json\/wp\/v2\/product_brand?post=739261"},{"taxonomy":"product_cat","embeddable":true,"href":"https:\/\/stoic-curie.212-227-153-4.plesk.page\/hr\/wp-json\/wp\/v2\/product_cat?post=739261"},{"taxonomy":"product_tag","embeddable":true,"href":"https:\/\/stoic-curie.212-227-153-4.plesk.page\/hr\/wp-json\/wp\/v2\/product_tag?post=739261"}],"curies":[{"name":"wp","href":"https:\/\/api.w.org\/{rel}","templated":true}]}}