{"id":739262,"date":"2025-03-03T18:03:03","date_gmt":"2025-03-03T17:03:03","guid":{"rendered":"https:\/\/stoic-curie.212-227-153-4.plesk.page\/producto\/odobreni-prsluk-za-spasavanje-securmar-bravo-100n-40-50kg\/"},"modified":"2026-02-25T00:00:32","modified_gmt":"2026-02-25T00:00:32","slug":"odobreni-prsluk-za-spasavanje-securmar-bravo-100n-40-50kg","status":"publish","type":"product","link":"https:\/\/stoic-curie.212-227-153-4.plesk.page\/hr\/product\/odobreni-prsluk-za-spasavanje-securmar-bravo-100n-40-50kg\/","title":{"rendered":"Odobreni prsluk za spa\u0161avanje Securmar Bravo 100n 40-50kg"},"content":{"rendered":"<p>Odobreni prsluk za spa\u0161avanje Securmar Bravo 100n 40-50kg &#8211; <\/p>\n<p>100N vrlo udobna i nosiva pjenasta prsluk za spa\u0161avanje EN ISO 12402-4 certificirana za u\u017eivanje na moru na udaljenosti od 6 nauti\u010dkih milja od obale. Zna\u010dajke: tkanina otporna na kidanje s mekanim punjenjem, patentni zatvara\u010d, pojas s brzim kop\u010danjem, remeni za u\u010dvr\u0161\u0107ivanje na dnu i me\u0111uno\u017eju, reflektiraju\u0107i flasteri i zvi\u017edaljka. 100N &#8211; Za kori\u0161tenje u obalnim vodama, prikladno \u010dak i za nepliva\u010de, ali s laganom odje\u0107om. Nije prikladno za nesvjesne osobe.<\/p>\n","protected":false},"excerpt":{"rendered":"<p>Odobreni prsluk za spa\u0161avanje Securmar Bravo 100n 40-50kg &#8211; 100N vrlo udobna i nosiva pjenasta prsluk za spa\u0161avanje EN ISO<\/p>\n","protected":false},"featured_media":5936080,"comment_status":"open","ping_status":"closed","template":"","meta":[],"product_brand":[3366],"product_cat":[1606],"product_tag":[],"class_list":{"0":"post-739262","1":"product","2":"type-product","3":"status-publish","4":"has-post-thumbnail","6":"product_brand-securmar-hr","7":"product_cat-djecji-prsluci-za-spasavanje","9":"first","10":"instock","11":"shipping-taxable","12":"purchasable","13":"product-type-simple"},"_links":{"self":[{"href":"https:\/\/stoic-curie.212-227-153-4.plesk.page\/hr\/wp-json\/wp\/v2\/product\/739262","targetHints":{"allow":["GET"]}}],"collection":[{"href":"https:\/\/stoic-curie.212-227-153-4.plesk.page\/hr\/wp-json\/wp\/v2\/product"}],"about":[{"href":"https:\/\/stoic-curie.212-227-153-4.plesk.page\/hr\/wp-json\/wp\/v2\/types\/product"}],"replies":[{"embeddable":true,"href":"https:\/\/stoic-curie.212-227-153-4.plesk.page\/hr\/wp-json\/wp\/v2\/comments?post=739262"}],"version-history":[{"count":0,"href":"https:\/\/stoic-curie.212-227-153-4.plesk.page\/hr\/wp-json\/wp\/v2\/product\/739262\/revisions"}],"wp:featuredmedia":[{"embeddable":true,"href":"https:\/\/stoic-curie.212-227-153-4.plesk.page\/hr\/wp-json\/wp\/v2\/media\/5936080"}],"wp:attachment":[{"href":"https:\/\/stoic-curie.212-227-153-4.plesk.page\/hr\/wp-json\/wp\/v2\/media?parent=739262"}],"wp:term":[{"taxonomy":"product_brand","embeddable":true,"href":"https:\/\/stoic-curie.212-227-153-4.plesk.page\/hr\/wp-json\/wp\/v2\/product_brand?post=739262"},{"taxonomy":"product_cat","embeddable":true,"href":"https:\/\/stoic-curie.212-227-153-4.plesk.page\/hr\/wp-json\/wp\/v2\/product_cat?post=739262"},{"taxonomy":"product_tag","embeddable":true,"href":"https:\/\/stoic-curie.212-227-153-4.plesk.page\/hr\/wp-json\/wp\/v2\/product_tag?post=739262"}],"curies":[{"name":"wp","href":"https:\/\/api.w.org\/{rel}","templated":true}]}}