{"id":739264,"date":"2025-03-03T18:03:03","date_gmt":"2025-03-03T17:03:03","guid":{"rendered":"https:\/\/stoic-curie.212-227-153-4.plesk.page\/producto\/prsluk-za-spasavanje-securimar-100-newton-70-80-kg\/"},"modified":"2026-02-25T00:00:32","modified_gmt":"2026-02-25T00:00:32","slug":"prsluk-za-spasavanje-securimar-100-newton-70-80-kg","status":"publish","type":"product","link":"https:\/\/stoic-curie.212-227-153-4.plesk.page\/hr\/product\/prsluk-za-spasavanje-securimar-100-newton-70-80-kg\/","title":{"rendered":"Prsluk za spa\u0161avanje Securimar 100 Newton 70-80 kg"},"content":{"rendered":"<p>Prsluk za spa\u0161avanje Securimar 100 Newton 70-80 kg &#8211; <\/p>\n<p>Judica od pjene 100N koja je vrlo udobna i nosiva, certificirana prema EN ISO 12402-4 za plovidbu prema u\u017eivanju unutar 6 nauti\u010dkih milja od obale. Zna\u010dajke: tkanina otporna na kidanje s mekim punjenjem, patentni zatvara\u010d, pojas s brzim otpu\u0161tanjem, donja i prepona traka za pri\u010dvr\u0161\u0107ivanje, reflektiraju\u0107i flasteri i zvi\u017edaljka. 100N &#8211; Za kori\u0161tenje u obalnim vodama, pogodna \u010dak i za one koji ne plivaju, ali s laganom odje\u0107om. Nije pogodna za nesvjesne osobe.<\/p>\n","protected":false},"excerpt":{"rendered":"<p>Prsluk za spa\u0161avanje Securimar 100 Newton 70-80 kg &#8211; Judica od pjene 100N koja je vrlo udobna i nosiva, certificirana<\/p>\n","protected":false},"featured_media":5936080,"comment_status":"open","ping_status":"closed","template":"","meta":[],"product_brand":[3366],"product_cat":[1601],"product_tag":[],"class_list":{"0":"post-739264","1":"product","2":"type-product","3":"status-publish","4":"has-post-thumbnail","6":"product_brand-securmar-hr","7":"product_cat-odobreni-prsluci-za-spasavanje","9":"first","10":"instock","11":"shipping-taxable","12":"purchasable","13":"product-type-simple"},"_links":{"self":[{"href":"https:\/\/stoic-curie.212-227-153-4.plesk.page\/hr\/wp-json\/wp\/v2\/product\/739264","targetHints":{"allow":["GET"]}}],"collection":[{"href":"https:\/\/stoic-curie.212-227-153-4.plesk.page\/hr\/wp-json\/wp\/v2\/product"}],"about":[{"href":"https:\/\/stoic-curie.212-227-153-4.plesk.page\/hr\/wp-json\/wp\/v2\/types\/product"}],"replies":[{"embeddable":true,"href":"https:\/\/stoic-curie.212-227-153-4.plesk.page\/hr\/wp-json\/wp\/v2\/comments?post=739264"}],"version-history":[{"count":0,"href":"https:\/\/stoic-curie.212-227-153-4.plesk.page\/hr\/wp-json\/wp\/v2\/product\/739264\/revisions"}],"wp:featuredmedia":[{"embeddable":true,"href":"https:\/\/stoic-curie.212-227-153-4.plesk.page\/hr\/wp-json\/wp\/v2\/media\/5936080"}],"wp:attachment":[{"href":"https:\/\/stoic-curie.212-227-153-4.plesk.page\/hr\/wp-json\/wp\/v2\/media?parent=739264"}],"wp:term":[{"taxonomy":"product_brand","embeddable":true,"href":"https:\/\/stoic-curie.212-227-153-4.plesk.page\/hr\/wp-json\/wp\/v2\/product_brand?post=739264"},{"taxonomy":"product_cat","embeddable":true,"href":"https:\/\/stoic-curie.212-227-153-4.plesk.page\/hr\/wp-json\/wp\/v2\/product_cat?post=739264"},{"taxonomy":"product_tag","embeddable":true,"href":"https:\/\/stoic-curie.212-227-153-4.plesk.page\/hr\/wp-json\/wp\/v2\/product_tag?post=739264"}],"curies":[{"name":"wp","href":"https:\/\/api.w.org\/{rel}","templated":true}]}}