{"id":739268,"date":"2025-03-03T18:03:04","date_gmt":"2025-03-03T17:03:04","guid":{"rendered":"https:\/\/stoic-curie.212-227-153-4.plesk.page\/producto\/prsluk-za-spasavanje-bravo-baby-100n-15-20-kg\/"},"modified":"2026-02-25T00:00:32","modified_gmt":"2026-02-25T00:00:32","slug":"prsluk-za-spasavanje-bravo-baby-100n-15-20-kg","status":"publish","type":"product","link":"https:\/\/stoic-curie.212-227-153-4.plesk.page\/hr\/product\/prsluk-za-spasavanje-bravo-baby-100n-15-20-kg\/","title":{"rendered":"Prsluk za spa\u0161avanje Bravo Baby 100n 15-20 kg"},"content":{"rendered":"<p>Prsluk za spa\u0161avanje Bravo Baby 100n 15-20 kg &#8211; <\/p>\n<p>Vodootporni jakni prsluk od pjene za djecu 100N, vrlo udoban i nosiv, EN ISO 12402-4 certifikat za rekreacijsko plovidbu unutar 6 milja od obale. Zna\u010dajke: tkanina otporna na kidanje, ovratnik dizajniran za bolju za\u0161titu glave, zatvara\u010d, pojas s brzim otpu\u0161tanjem, donji i me\u0111uno\u017eni remen, reflektiraju\u0107i flasteri i zvi\u017edaljka. 100N &#8211; Za kori\u0161tenje u obalnim vodama, prikladno \u010dak i za nepliva\u010de, ali uz laganu odje\u0107u. Nije prikladno za osobe bez svijesti.<\/p>\n","protected":false},"excerpt":{"rendered":"<p>Prsluk za spa\u0161avanje Bravo Baby 100n 15-20 kg &#8211; Vodootporni jakni prsluk od pjene za djecu 100N, vrlo udoban i<\/p>\n","protected":false},"featured_media":5936088,"comment_status":"open","ping_status":"closed","template":"","meta":[],"product_brand":[3366],"product_cat":[1606],"product_tag":[],"class_list":{"0":"post-739268","1":"product","2":"type-product","3":"status-publish","4":"has-post-thumbnail","6":"product_brand-securmar-hr","7":"product_cat-djecji-prsluci-za-spasavanje","9":"first","10":"instock","11":"shipping-taxable","12":"purchasable","13":"product-type-simple"},"_links":{"self":[{"href":"https:\/\/stoic-curie.212-227-153-4.plesk.page\/hr\/wp-json\/wp\/v2\/product\/739268","targetHints":{"allow":["GET"]}}],"collection":[{"href":"https:\/\/stoic-curie.212-227-153-4.plesk.page\/hr\/wp-json\/wp\/v2\/product"}],"about":[{"href":"https:\/\/stoic-curie.212-227-153-4.plesk.page\/hr\/wp-json\/wp\/v2\/types\/product"}],"replies":[{"embeddable":true,"href":"https:\/\/stoic-curie.212-227-153-4.plesk.page\/hr\/wp-json\/wp\/v2\/comments?post=739268"}],"version-history":[{"count":0,"href":"https:\/\/stoic-curie.212-227-153-4.plesk.page\/hr\/wp-json\/wp\/v2\/product\/739268\/revisions"}],"wp:featuredmedia":[{"embeddable":true,"href":"https:\/\/stoic-curie.212-227-153-4.plesk.page\/hr\/wp-json\/wp\/v2\/media\/5936088"}],"wp:attachment":[{"href":"https:\/\/stoic-curie.212-227-153-4.plesk.page\/hr\/wp-json\/wp\/v2\/media?parent=739268"}],"wp:term":[{"taxonomy":"product_brand","embeddable":true,"href":"https:\/\/stoic-curie.212-227-153-4.plesk.page\/hr\/wp-json\/wp\/v2\/product_brand?post=739268"},{"taxonomy":"product_cat","embeddable":true,"href":"https:\/\/stoic-curie.212-227-153-4.plesk.page\/hr\/wp-json\/wp\/v2\/product_cat?post=739268"},{"taxonomy":"product_tag","embeddable":true,"href":"https:\/\/stoic-curie.212-227-153-4.plesk.page\/hr\/wp-json\/wp\/v2\/product_tag?post=739268"}],"curies":[{"name":"wp","href":"https:\/\/api.w.org\/{rel}","templated":true}]}}