{"id":739269,"date":"2025-03-03T18:03:05","date_gmt":"2025-03-03T17:03:05","guid":{"rendered":"https:\/\/stoic-curie.212-227-153-4.plesk.page\/producto\/odobreni-prsluk-za-spasavanje-vsg-martinica-150n-30-40kg\/"},"modified":"2026-02-25T00:00:32","modified_gmt":"2026-02-25T00:00:32","slug":"odobreni-prsluk-za-spasavanje-vsg-martinica-150n-30-40kg","status":"publish","type":"product","link":"https:\/\/stoic-curie.212-227-153-4.plesk.page\/hr\/product\/odobreni-prsluk-za-spasavanje-vsg-martinica-150n-30-40kg\/","title":{"rendered":"Odobreni prsluk za spa\u0161avanje VSG Martinica 150N 30-40kg"},"content":{"rendered":"<p>Odobreni prsluk za spa\u0161avanje VSG Martinica 150N 30-40kg &#8211; <\/p>\n<p>Udobna i nosiva pjenasta prsluk za spa\u0161avanje s 150N, certificiran prema EN ISO 12402-3 za rekreativno jedrenje vi\u0161e od 6 milja od obale. Zna\u010dajke: tkanina otporna na kidanje, zatvara\u010d, 2 remena s brzim otpu\u0161tanjem, donji i me\u0111uno\u017eni remen, reflektivne ovalne naljepnice i zvi\u017edaljka. 150N &#8211; Za kori\u0161tenje na otvorenom moru, \u010dak i za nesvjesne osobe.<\/p>\n","protected":false},"excerpt":{"rendered":"<p>Odobreni prsluk za spa\u0161avanje VSG Martinica 150N 30-40kg &#8211; Udobna i nosiva pjenasta prsluk za spa\u0161avanje s 150N, certificiran prema<\/p>\n","protected":false},"featured_media":5936092,"comment_status":"open","ping_status":"closed","template":"","meta":[],"product_brand":[3516,2193],"product_cat":[1606],"product_tag":[],"class_list":{"0":"post-739269","1":"product","2":"type-product","3":"status-publish","4":"has-post-thumbnail","6":"product_brand-veleria-san-giorgio-hr","7":"product_brand-veleria-san-giorgio","8":"product_cat-djecji-prsluci-za-spasavanje","10":"first","11":"instock","12":"shipping-taxable","13":"purchasable","14":"product-type-simple"},"_links":{"self":[{"href":"https:\/\/stoic-curie.212-227-153-4.plesk.page\/hr\/wp-json\/wp\/v2\/product\/739269","targetHints":{"allow":["GET"]}}],"collection":[{"href":"https:\/\/stoic-curie.212-227-153-4.plesk.page\/hr\/wp-json\/wp\/v2\/product"}],"about":[{"href":"https:\/\/stoic-curie.212-227-153-4.plesk.page\/hr\/wp-json\/wp\/v2\/types\/product"}],"replies":[{"embeddable":true,"href":"https:\/\/stoic-curie.212-227-153-4.plesk.page\/hr\/wp-json\/wp\/v2\/comments?post=739269"}],"version-history":[{"count":0,"href":"https:\/\/stoic-curie.212-227-153-4.plesk.page\/hr\/wp-json\/wp\/v2\/product\/739269\/revisions"}],"wp:featuredmedia":[{"embeddable":true,"href":"https:\/\/stoic-curie.212-227-153-4.plesk.page\/hr\/wp-json\/wp\/v2\/media\/5936092"}],"wp:attachment":[{"href":"https:\/\/stoic-curie.212-227-153-4.plesk.page\/hr\/wp-json\/wp\/v2\/media?parent=739269"}],"wp:term":[{"taxonomy":"product_brand","embeddable":true,"href":"https:\/\/stoic-curie.212-227-153-4.plesk.page\/hr\/wp-json\/wp\/v2\/product_brand?post=739269"},{"taxonomy":"product_cat","embeddable":true,"href":"https:\/\/stoic-curie.212-227-153-4.plesk.page\/hr\/wp-json\/wp\/v2\/product_cat?post=739269"},{"taxonomy":"product_tag","embeddable":true,"href":"https:\/\/stoic-curie.212-227-153-4.plesk.page\/hr\/wp-json\/wp\/v2\/product_tag?post=739269"}],"curies":[{"name":"wp","href":"https:\/\/api.w.org\/{rel}","templated":true}]}}