{"id":739271,"date":"2025-03-03T18:03:05","date_gmt":"2025-03-03T17:03:05","guid":{"rendered":"https:\/\/stoic-curie.212-227-153-4.plesk.page\/producto\/odobreni-prsluk-za-spasavanje-vsg-martinica-150n-50-70kg\/"},"modified":"2026-02-25T00:00:32","modified_gmt":"2026-02-25T00:00:32","slug":"odobreni-prsluk-za-spasavanje-vsg-martinica-150n-50-70kg","status":"publish","type":"product","link":"https:\/\/stoic-curie.212-227-153-4.plesk.page\/hr\/product\/odobreni-prsluk-za-spasavanje-vsg-martinica-150n-50-70kg\/","title":{"rendered":"Odobreni prsluk za spa\u0161avanje VSG Martinica 150N 50-70kg"},"content":{"rendered":"<p>Odobreni prsluk za spa\u0161avanje VSG Martinica 150N 50-70kg &#8211; <\/p>\n<p>Udobni i nosivi pjenasti prsluk za spa\u0161avanje 150N, certificiran prema EN ISO 12402-3 za offshore rekreativno plovidbu vi\u0161e od 6 milja od obale. Zna\u010dajke: tkanina otporna na kidanje, patentni zatvara\u010d, 2 remena s brzim otpu\u0161tanjem, donja i me\u0111ufestna traka, reflektiraju\u0107i paketi i zvi\u017edaljka. 150N &#8211; Za offshore upotrebu \u010dak i za nesvjesne osobe.<\/p>\n","protected":false},"excerpt":{"rendered":"<p>Odobreni prsluk za spa\u0161avanje VSG Martinica 150N 50-70kg &#8211; Udobni i nosivi pjenasti prsluk za spa\u0161avanje 150N, certificiran prema EN<\/p>\n","protected":false},"featured_media":5936092,"comment_status":"open","ping_status":"closed","template":"","meta":[],"product_brand":[3516],"product_cat":[1601],"product_tag":[],"class_list":{"0":"post-739271","1":"product","2":"type-product","3":"status-publish","4":"has-post-thumbnail","6":"product_brand-veleria-san-giorgio-hr","7":"product_cat-odobreni-prsluci-za-spasavanje","9":"first","10":"instock","11":"shipping-taxable","12":"purchasable","13":"product-type-simple"},"_links":{"self":[{"href":"https:\/\/stoic-curie.212-227-153-4.plesk.page\/hr\/wp-json\/wp\/v2\/product\/739271","targetHints":{"allow":["GET"]}}],"collection":[{"href":"https:\/\/stoic-curie.212-227-153-4.plesk.page\/hr\/wp-json\/wp\/v2\/product"}],"about":[{"href":"https:\/\/stoic-curie.212-227-153-4.plesk.page\/hr\/wp-json\/wp\/v2\/types\/product"}],"replies":[{"embeddable":true,"href":"https:\/\/stoic-curie.212-227-153-4.plesk.page\/hr\/wp-json\/wp\/v2\/comments?post=739271"}],"version-history":[{"count":0,"href":"https:\/\/stoic-curie.212-227-153-4.plesk.page\/hr\/wp-json\/wp\/v2\/product\/739271\/revisions"}],"wp:featuredmedia":[{"embeddable":true,"href":"https:\/\/stoic-curie.212-227-153-4.plesk.page\/hr\/wp-json\/wp\/v2\/media\/5936092"}],"wp:attachment":[{"href":"https:\/\/stoic-curie.212-227-153-4.plesk.page\/hr\/wp-json\/wp\/v2\/media?parent=739271"}],"wp:term":[{"taxonomy":"product_brand","embeddable":true,"href":"https:\/\/stoic-curie.212-227-153-4.plesk.page\/hr\/wp-json\/wp\/v2\/product_brand?post=739271"},{"taxonomy":"product_cat","embeddable":true,"href":"https:\/\/stoic-curie.212-227-153-4.plesk.page\/hr\/wp-json\/wp\/v2\/product_cat?post=739271"},{"taxonomy":"product_tag","embeddable":true,"href":"https:\/\/stoic-curie.212-227-153-4.plesk.page\/hr\/wp-json\/wp\/v2\/product_tag?post=739271"}],"curies":[{"name":"wp","href":"https:\/\/api.w.org\/{rel}","templated":true}]}}