{"id":739274,"date":"2025-03-03T18:03:06","date_gmt":"2025-03-03T17:03:06","guid":{"rendered":"https:\/\/stoic-curie.212-227-153-4.plesk.page\/producto\/mob-sustav-za-spasavanje-covjek-u-moru-40mt\/"},"modified":"2026-02-25T00:00:32","modified_gmt":"2026-02-25T00:00:32","slug":"mob-sustav-za-spasavanje-covjek-u-moru-40mt","status":"publish","type":"product","link":"https:\/\/stoic-curie.212-227-153-4.plesk.page\/hr\/product\/mob-sustav-za-spasavanje-covjek-u-moru-40mt\/","title":{"rendered":"MOB sustav za spa\u0161avanje &#8220;\u010covjek u moru&#8221;, 40mt"},"content":{"rendered":"<p>MOB sustav za spa\u0161avanje &#8220;\u010covjek u moru&#8221;, 40mt &#8211; <\/p>\n<p>Naju\u010dinkovitiji M.O.B. (\u010covjek over Board) sustav za spa\u0161avanje. Torba uklju\u010duje kop\u010de i 40 metara dugu u\u017ead za spa\u0161avanje. U skladu s europskom direktivom 89\/686 EEC. Dolazi u torbi s remenima za pri\u010dvr\u0161\u0107ivanje na tra\u010dnicu.<\/p>\n","protected":false},"excerpt":{"rendered":"<p>MOB sustav za spa\u0161avanje &#8220;\u010covjek u moru&#8221;, 40mt &#8211; Naju\u010dinkovitiji M.O.B. (\u010covjek over Board) sustav za spa\u0161avanje. Torba uklju\u010duje kop\u010de<\/p>\n","protected":false},"featured_media":5936093,"comment_status":"open","ping_status":"closed","template":"","meta":[],"product_brand":[3516],"product_cat":[1604],"product_tag":[],"class_list":{"0":"post-739274","1":"product","2":"type-product","3":"status-publish","4":"has-post-thumbnail","6":"product_brand-veleria-san-giorgio-hr","7":"product_cat-pojasevi-za-spasavanje-i-remenje","9":"first","10":"outofstock","11":"shipping-taxable","12":"purchasable","13":"product-type-simple"},"_links":{"self":[{"href":"https:\/\/stoic-curie.212-227-153-4.plesk.page\/hr\/wp-json\/wp\/v2\/product\/739274","targetHints":{"allow":["GET"]}}],"collection":[{"href":"https:\/\/stoic-curie.212-227-153-4.plesk.page\/hr\/wp-json\/wp\/v2\/product"}],"about":[{"href":"https:\/\/stoic-curie.212-227-153-4.plesk.page\/hr\/wp-json\/wp\/v2\/types\/product"}],"replies":[{"embeddable":true,"href":"https:\/\/stoic-curie.212-227-153-4.plesk.page\/hr\/wp-json\/wp\/v2\/comments?post=739274"}],"version-history":[{"count":0,"href":"https:\/\/stoic-curie.212-227-153-4.plesk.page\/hr\/wp-json\/wp\/v2\/product\/739274\/revisions"}],"wp:featuredmedia":[{"embeddable":true,"href":"https:\/\/stoic-curie.212-227-153-4.plesk.page\/hr\/wp-json\/wp\/v2\/media\/5936093"}],"wp:attachment":[{"href":"https:\/\/stoic-curie.212-227-153-4.plesk.page\/hr\/wp-json\/wp\/v2\/media?parent=739274"}],"wp:term":[{"taxonomy":"product_brand","embeddable":true,"href":"https:\/\/stoic-curie.212-227-153-4.plesk.page\/hr\/wp-json\/wp\/v2\/product_brand?post=739274"},{"taxonomy":"product_cat","embeddable":true,"href":"https:\/\/stoic-curie.212-227-153-4.plesk.page\/hr\/wp-json\/wp\/v2\/product_cat?post=739274"},{"taxonomy":"product_tag","embeddable":true,"href":"https:\/\/stoic-curie.212-227-153-4.plesk.page\/hr\/wp-json\/wp\/v2\/product_tag?post=739274"}],"curies":[{"name":"wp","href":"https:\/\/api.w.org\/{rel}","templated":true}]}}