{"id":739275,"date":"2025-03-03T18:03:06","date_gmt":"2025-03-03T17:03:06","guid":{"rendered":"https:\/\/stoic-curie.212-227-153-4.plesk.page\/producto\/sportski-prsluk-za-spasavanje-securimar-jump-50-newtona-30-40-kg\/"},"modified":"2026-02-25T00:00:32","modified_gmt":"2026-02-25T00:00:32","slug":"sportski-prsluk-za-spasavanje-securimar-jump-50-newtona-30-40-kg","status":"publish","type":"product","link":"https:\/\/stoic-curie.212-227-153-4.plesk.page\/hr\/product\/sportski-prsluk-za-spasavanje-securimar-jump-50-newtona-30-40-kg\/","title":{"rendered":"Sportski prsluk za spa\u0161avanje Securimar Jump 50 Newtona 30-40 kg"},"content":{"rendered":"<p>Sportski prsluk za spa\u0161avanje Securimar Jump 50 Newtona 30-40 kg &#8211; <\/p>\n<p>Prvoklasni (od Stearns) ISO EN12402-5 odobreni prsluk za pomo\u0107 u plutanju od 50N za zahtjevne jedrili\u010dare. Bo\u010dni kop\u010danja omogu\u0107uju pode\u0161avanje prsluka za usko pristajanje. Mekani SECU-pjenasti materijal djeluje kao jastu\u010di\u0107 za tijelo, \u010dak i pod najte\u017eim uvjetima regate. 50N &#8211; Pomo\u0107 za plivanje i plutanjem. Ovo nije prsluk za spa\u0161avanje. Za redovite pliva\u010de. Koristiti u blizini obale.<\/p>\n","protected":false},"excerpt":{"rendered":"<p>Sportski prsluk za spa\u0161avanje Securimar Jump 50 Newtona 30-40 kg &#8211; Prvoklasni (od Stearns) ISO EN12402-5 odobreni prsluk za pomo\u0107<\/p>\n","protected":false},"featured_media":5936095,"comment_status":"open","ping_status":"closed","template":"","meta":[],"product_brand":[3366],"product_cat":[1842,1603],"product_tag":[],"class_list":{"0":"post-739275","1":"product","2":"type-product","3":"status-publish","4":"has-post-thumbnail","6":"product_brand-securmar-hr","7":"product_cat-prsluci-za-spasavanje-za-sportove-na-vodi","8":"product_cat-uzgonska-pomagala","10":"first","11":"instock","12":"shipping-taxable","13":"purchasable","14":"product-type-simple"},"_links":{"self":[{"href":"https:\/\/stoic-curie.212-227-153-4.plesk.page\/hr\/wp-json\/wp\/v2\/product\/739275","targetHints":{"allow":["GET"]}}],"collection":[{"href":"https:\/\/stoic-curie.212-227-153-4.plesk.page\/hr\/wp-json\/wp\/v2\/product"}],"about":[{"href":"https:\/\/stoic-curie.212-227-153-4.plesk.page\/hr\/wp-json\/wp\/v2\/types\/product"}],"replies":[{"embeddable":true,"href":"https:\/\/stoic-curie.212-227-153-4.plesk.page\/hr\/wp-json\/wp\/v2\/comments?post=739275"}],"version-history":[{"count":0,"href":"https:\/\/stoic-curie.212-227-153-4.plesk.page\/hr\/wp-json\/wp\/v2\/product\/739275\/revisions"}],"wp:featuredmedia":[{"embeddable":true,"href":"https:\/\/stoic-curie.212-227-153-4.plesk.page\/hr\/wp-json\/wp\/v2\/media\/5936095"}],"wp:attachment":[{"href":"https:\/\/stoic-curie.212-227-153-4.plesk.page\/hr\/wp-json\/wp\/v2\/media?parent=739275"}],"wp:term":[{"taxonomy":"product_brand","embeddable":true,"href":"https:\/\/stoic-curie.212-227-153-4.plesk.page\/hr\/wp-json\/wp\/v2\/product_brand?post=739275"},{"taxonomy":"product_cat","embeddable":true,"href":"https:\/\/stoic-curie.212-227-153-4.plesk.page\/hr\/wp-json\/wp\/v2\/product_cat?post=739275"},{"taxonomy":"product_tag","embeddable":true,"href":"https:\/\/stoic-curie.212-227-153-4.plesk.page\/hr\/wp-json\/wp\/v2\/product_tag?post=739275"}],"curies":[{"name":"wp","href":"https:\/\/api.w.org\/{rel}","templated":true}]}}