{"id":739279,"date":"2025-03-03T18:03:08","date_gmt":"2025-03-03T17:03:08","guid":{"rendered":"https:\/\/stoic-curie.212-227-153-4.plesk.page\/producto\/uzgonski-prsluk-securimar-50n-30-40-kg\/"},"modified":"2026-02-25T00:00:32","modified_gmt":"2026-02-25T00:00:32","slug":"uzgonski-prsluk-securimar-50n-30-40-kg","status":"publish","type":"product","link":"https:\/\/stoic-curie.212-227-153-4.plesk.page\/hr\/product\/uzgonski-prsluk-securimar-50n-30-40-kg\/","title":{"rendered":"Uzgonski prsluk Securimar 50N 30-40 kg"},"content":{"rendered":"<p>Uzgonski prsluk Securimar 50N 30-40 kg &#8211; <\/p>\n<p>Echo 50N pomo\u0107na jakna za plovnost, odobrena prema ISO EN12402-5, pogodna za sve vodene sportove. Vrlo udobna i nosiva, s mekanim podstavljanjem od platna otpornog na kidanje. Zatvaranje na rajsfer\u0161lus i podesivi remen s kop\u010dom za brzo otpu\u0161tanje. 50N &#8211; Pomaga\u010d za plovnost i plivanje. Ovo nije prsluk za spa\u0161avanje. Za redovite pliva\u010de. Koristiti blizu obale.<\/p>\n","protected":false},"excerpt":{"rendered":"<p>Uzgonski prsluk Securimar 50N 30-40 kg &#8211; Echo 50N pomo\u0107na jakna za plovnost, odobrena prema ISO EN12402-5, pogodna za sve<\/p>\n","protected":false},"featured_media":5936100,"comment_status":"open","ping_status":"closed","template":"","meta":[],"product_brand":[3366],"product_cat":[1842,1603],"product_tag":[],"class_list":{"0":"post-739279","1":"product","2":"type-product","3":"status-publish","4":"has-post-thumbnail","6":"product_brand-securmar-hr","7":"product_cat-prsluci-za-spasavanje-za-sportove-na-vodi","8":"product_cat-uzgonska-pomagala","10":"first","11":"instock","12":"shipping-taxable","13":"purchasable","14":"product-type-simple"},"_links":{"self":[{"href":"https:\/\/stoic-curie.212-227-153-4.plesk.page\/hr\/wp-json\/wp\/v2\/product\/739279","targetHints":{"allow":["GET"]}}],"collection":[{"href":"https:\/\/stoic-curie.212-227-153-4.plesk.page\/hr\/wp-json\/wp\/v2\/product"}],"about":[{"href":"https:\/\/stoic-curie.212-227-153-4.plesk.page\/hr\/wp-json\/wp\/v2\/types\/product"}],"replies":[{"embeddable":true,"href":"https:\/\/stoic-curie.212-227-153-4.plesk.page\/hr\/wp-json\/wp\/v2\/comments?post=739279"}],"version-history":[{"count":0,"href":"https:\/\/stoic-curie.212-227-153-4.plesk.page\/hr\/wp-json\/wp\/v2\/product\/739279\/revisions"}],"wp:featuredmedia":[{"embeddable":true,"href":"https:\/\/stoic-curie.212-227-153-4.plesk.page\/hr\/wp-json\/wp\/v2\/media\/5936100"}],"wp:attachment":[{"href":"https:\/\/stoic-curie.212-227-153-4.plesk.page\/hr\/wp-json\/wp\/v2\/media?parent=739279"}],"wp:term":[{"taxonomy":"product_brand","embeddable":true,"href":"https:\/\/stoic-curie.212-227-153-4.plesk.page\/hr\/wp-json\/wp\/v2\/product_brand?post=739279"},{"taxonomy":"product_cat","embeddable":true,"href":"https:\/\/stoic-curie.212-227-153-4.plesk.page\/hr\/wp-json\/wp\/v2\/product_cat?post=739279"},{"taxonomy":"product_tag","embeddable":true,"href":"https:\/\/stoic-curie.212-227-153-4.plesk.page\/hr\/wp-json\/wp\/v2\/product_tag?post=739279"}],"curies":[{"name":"wp","href":"https:\/\/api.w.org\/{rel}","templated":true}]}}