{"id":739284,"date":"2025-03-03T18:03:10","date_gmt":"2025-03-03T17:03:10","guid":{"rendered":"https:\/\/stoic-curie.212-227-153-4.plesk.page\/producto\/prijenosni-okvir-za-vanbrodske-motore-do-60-kg\/"},"modified":"2026-02-25T00:00:32","modified_gmt":"2026-02-25T00:00:32","slug":"prijenosni-okvir-za-vanbrodske-motore-do-60-kg","status":"publish","type":"product","link":"https:\/\/stoic-curie.212-227-153-4.plesk.page\/hr\/product\/prijenosni-okvir-za-vanbrodske-motore-do-60-kg\/","title":{"rendered":"Prijenosni okvir za vanbrodske motore do 60 kg"},"content":{"rendered":"<p>Prijenosni okvir za vanbrodske motore do 60 kg &#8211; <\/p>\n<p>Prijenosni kolica s napuhanim kota\u010dima. Cinkovana \u010deli\u010dna konstrukcija, drvena plo\u010da i nosa\u010d za rezervoar.<\/p>\n","protected":false},"excerpt":{"rendered":"<p>Prijenosni okvir za vanbrodske motore do 60 kg &#8211; Prijenosni kolica s napuhanim kota\u010dima. Cinkovana \u010deli\u010dna konstrukcija, drvena plo\u010da i<\/p>\n","protected":false},"featured_media":5936104,"comment_status":"open","ping_status":"closed","template":"","meta":[],"product_brand":[3491],"product_cat":[1827],"product_tag":[],"class_list":{"0":"post-739284","1":"product","2":"type-product","3":"status-publish","4":"has-post-thumbnail","6":"product_brand-trem-hr","7":"product_cat-dodatna-oprema-za-vanbrodske-motore","9":"first","10":"instock","11":"shipping-taxable","12":"purchasable","13":"product-type-simple"},"_links":{"self":[{"href":"https:\/\/stoic-curie.212-227-153-4.plesk.page\/hr\/wp-json\/wp\/v2\/product\/739284","targetHints":{"allow":["GET"]}}],"collection":[{"href":"https:\/\/stoic-curie.212-227-153-4.plesk.page\/hr\/wp-json\/wp\/v2\/product"}],"about":[{"href":"https:\/\/stoic-curie.212-227-153-4.plesk.page\/hr\/wp-json\/wp\/v2\/types\/product"}],"replies":[{"embeddable":true,"href":"https:\/\/stoic-curie.212-227-153-4.plesk.page\/hr\/wp-json\/wp\/v2\/comments?post=739284"}],"version-history":[{"count":0,"href":"https:\/\/stoic-curie.212-227-153-4.plesk.page\/hr\/wp-json\/wp\/v2\/product\/739284\/revisions"}],"wp:featuredmedia":[{"embeddable":true,"href":"https:\/\/stoic-curie.212-227-153-4.plesk.page\/hr\/wp-json\/wp\/v2\/media\/5936104"}],"wp:attachment":[{"href":"https:\/\/stoic-curie.212-227-153-4.plesk.page\/hr\/wp-json\/wp\/v2\/media?parent=739284"}],"wp:term":[{"taxonomy":"product_brand","embeddable":true,"href":"https:\/\/stoic-curie.212-227-153-4.plesk.page\/hr\/wp-json\/wp\/v2\/product_brand?post=739284"},{"taxonomy":"product_cat","embeddable":true,"href":"https:\/\/stoic-curie.212-227-153-4.plesk.page\/hr\/wp-json\/wp\/v2\/product_cat?post=739284"},{"taxonomy":"product_tag","embeddable":true,"href":"https:\/\/stoic-curie.212-227-153-4.plesk.page\/hr\/wp-json\/wp\/v2\/product_tag?post=739284"}],"curies":[{"name":"wp","href":"https:\/\/api.w.org\/{rel}","templated":true}]}}