{"id":739285,"date":"2025-03-03T18:03:10","date_gmt":"2025-03-03T17:03:10","guid":{"rendered":"https:\/\/stoic-curie.212-227-153-4.plesk.page\/producto\/crno-rucno-vitlo-1125-kg-2-brzine\/"},"modified":"2026-02-25T00:00:32","modified_gmt":"2026-02-25T00:00:32","slug":"crno-rucno-vitlo-1125-kg-2-brzine","status":"publish","type":"product","link":"https:\/\/stoic-curie.212-227-153-4.plesk.page\/hr\/product\/crno-rucno-vitlo-1125-kg-2-brzine\/","title":{"rendered":"Crno ru\u010dno vitlo 1125 kg 2 brzine"},"content":{"rendered":"<p>Crno ru\u010dno vitlo 1125 kg 2 brzine &#8211; <\/p>\n<p>Ru\u010dne vitlale za jednostavno vu\u010du \u010damaca. Maksimalno optere\u0107enje u kg: ograni\u010denje te\u017eine koje vitlo mo\u017ee podr\u017eati pri horizontalnom vu\u010dnom izvla\u010denju s optimalnim klizanjem. Kod nagnutih tereta preporu\u010duje se ne prekora\u010diti dvije tre\u0107ine ograni\u010denja te\u017eine. Isporu\u010duje se bez \u010deli\u010dne u\u017eadi ili trake.<\/p>\n","protected":false},"excerpt":{"rendered":"<p>Crno ru\u010dno vitlo 1125 kg 2 brzine &#8211; Ru\u010dne vitlale za jednostavno vu\u010du \u010damaca. Maksimalno optere\u0107enje u kg: ograni\u010denje te\u017eine<\/p>\n","protected":false},"featured_media":5936105,"comment_status":"open","ping_status":"closed","template":"","meta":[],"product_brand":[2891],"product_cat":[1834],"product_tag":[],"class_list":{"0":"post-739285","1":"product","2":"type-product","3":"status-publish","4":"has-post-thumbnail","6":"product_brand-domar-hr","7":"product_cat-vitla-za-prikolice-za-brodove","9":"first","10":"instock","11":"shipping-taxable","12":"purchasable","13":"product-type-simple"},"_links":{"self":[{"href":"https:\/\/stoic-curie.212-227-153-4.plesk.page\/hr\/wp-json\/wp\/v2\/product\/739285","targetHints":{"allow":["GET"]}}],"collection":[{"href":"https:\/\/stoic-curie.212-227-153-4.plesk.page\/hr\/wp-json\/wp\/v2\/product"}],"about":[{"href":"https:\/\/stoic-curie.212-227-153-4.plesk.page\/hr\/wp-json\/wp\/v2\/types\/product"}],"replies":[{"embeddable":true,"href":"https:\/\/stoic-curie.212-227-153-4.plesk.page\/hr\/wp-json\/wp\/v2\/comments?post=739285"}],"version-history":[{"count":0,"href":"https:\/\/stoic-curie.212-227-153-4.plesk.page\/hr\/wp-json\/wp\/v2\/product\/739285\/revisions"}],"wp:featuredmedia":[{"embeddable":true,"href":"https:\/\/stoic-curie.212-227-153-4.plesk.page\/hr\/wp-json\/wp\/v2\/media\/5936105"}],"wp:attachment":[{"href":"https:\/\/stoic-curie.212-227-153-4.plesk.page\/hr\/wp-json\/wp\/v2\/media?parent=739285"}],"wp:term":[{"taxonomy":"product_brand","embeddable":true,"href":"https:\/\/stoic-curie.212-227-153-4.plesk.page\/hr\/wp-json\/wp\/v2\/product_brand?post=739285"},{"taxonomy":"product_cat","embeddable":true,"href":"https:\/\/stoic-curie.212-227-153-4.plesk.page\/hr\/wp-json\/wp\/v2\/product_cat?post=739285"},{"taxonomy":"product_tag","embeddable":true,"href":"https:\/\/stoic-curie.212-227-153-4.plesk.page\/hr\/wp-json\/wp\/v2\/product_tag?post=739285"}],"curies":[{"name":"wp","href":"https:\/\/api.w.org\/{rel}","templated":true}]}}