{"id":739288,"date":"2025-03-03T18:03:11","date_gmt":"2025-03-03T17:03:11","guid":{"rendered":"https:\/\/stoic-curie.212-227-153-4.plesk.page\/producto\/okretni-karabiner-od-nehrdajuceg-celika-wichard-sa-zasunom-i-zglobnim-spojem-od-80-mm\/"},"modified":"2026-02-25T00:00:33","modified_gmt":"2026-02-25T00:00:33","slug":"okretni-karabiner-od-nehrdajuceg-celika-wichard-sa-zasunom-i-zglobnim-spojem-od-80-mm","status":"publish","type":"product","link":"https:\/\/stoic-curie.212-227-153-4.plesk.page\/hr\/product\/okretni-karabiner-od-nehrdajuceg-celika-wichard-sa-zasunom-i-zglobnim-spojem-od-80-mm\/","title":{"rendered":"Okretni karabiner od nehr\u0111aju\u0107eg \u010delika Wichard sa zasunom i zglobnim spojem od 80 mm"},"content":{"rendered":"<p>Okretni karabiner od nehr\u0111aju\u0107eg \u010delika Wichard sa zasunom i zglobnim spojem od 80 mm &#8211; <\/p>\n<p>Wichard 316 izdr\u017eljivi od nehr\u0111aju\u0107eg \u010delika brzi otpu\u0161taju\u0107i okretni kuki\u010dasti karabin. Optere\u0107enje pucanja (BL) testirano i zagarantirano.<\/p>\n","protected":false},"excerpt":{"rendered":"<p>Okretni karabiner od nehr\u0111aju\u0107eg \u010delika Wichard sa zasunom i zglobnim spojem od 80 mm &#8211; Wichard 316 izdr\u017eljivi od nehr\u0111aju\u0107eg<\/p>\n","protected":false},"featured_media":5936161,"comment_status":"open","ping_status":"closed","template":"","meta":[],"product_brand":[3536],"product_cat":[1705,1764],"product_tag":[],"class_list":{"0":"post-739288","1":"product","2":"type-product","3":"status-publish","4":"has-post-thumbnail","6":"product_brand-wichard-hr","7":"product_cat-karabineri-za-camce","8":"product_cat-snap-skopci-za-jedrilice","10":"first","11":"instock","12":"shipping-taxable","13":"purchasable","14":"product-type-simple"},"_links":{"self":[{"href":"https:\/\/stoic-curie.212-227-153-4.plesk.page\/hr\/wp-json\/wp\/v2\/product\/739288","targetHints":{"allow":["GET"]}}],"collection":[{"href":"https:\/\/stoic-curie.212-227-153-4.plesk.page\/hr\/wp-json\/wp\/v2\/product"}],"about":[{"href":"https:\/\/stoic-curie.212-227-153-4.plesk.page\/hr\/wp-json\/wp\/v2\/types\/product"}],"replies":[{"embeddable":true,"href":"https:\/\/stoic-curie.212-227-153-4.plesk.page\/hr\/wp-json\/wp\/v2\/comments?post=739288"}],"version-history":[{"count":0,"href":"https:\/\/stoic-curie.212-227-153-4.plesk.page\/hr\/wp-json\/wp\/v2\/product\/739288\/revisions"}],"wp:featuredmedia":[{"embeddable":true,"href":"https:\/\/stoic-curie.212-227-153-4.plesk.page\/hr\/wp-json\/wp\/v2\/media\/5936161"}],"wp:attachment":[{"href":"https:\/\/stoic-curie.212-227-153-4.plesk.page\/hr\/wp-json\/wp\/v2\/media?parent=739288"}],"wp:term":[{"taxonomy":"product_brand","embeddable":true,"href":"https:\/\/stoic-curie.212-227-153-4.plesk.page\/hr\/wp-json\/wp\/v2\/product_brand?post=739288"},{"taxonomy":"product_cat","embeddable":true,"href":"https:\/\/stoic-curie.212-227-153-4.plesk.page\/hr\/wp-json\/wp\/v2\/product_cat?post=739288"},{"taxonomy":"product_tag","embeddable":true,"href":"https:\/\/stoic-curie.212-227-153-4.plesk.page\/hr\/wp-json\/wp\/v2\/product_tag?post=739288"}],"curies":[{"name":"wp","href":"https:\/\/api.w.org\/{rel}","templated":true}]}}