{"id":739299,"date":"2025-03-03T18:03:15","date_gmt":"2025-03-03T17:03:15","guid":{"rendered":"https:\/\/stoic-curie.212-227-153-4.plesk.page\/producto\/palubni-organizatori-za-jedrilice-antal-2-valjka-16mm\/"},"modified":"2026-02-25T00:00:33","modified_gmt":"2026-02-25T00:00:33","slug":"palubni-organizatori-za-jedrilice-antal-2-valjka-16mm","status":"publish","type":"product","link":"https:\/\/stoic-curie.212-227-153-4.plesk.page\/hr\/product\/palubni-organizatori-za-jedrilice-antal-2-valjka-16mm\/","title":{"rendered":"Palubni organizatori za jedrilice Antal, 2 valjka &#8211; 16mm"},"content":{"rendered":"<p>Palubni organizatori za jedrilice Antal, 2 valjka &#8211; 16mm &#8211; <\/p>\n<p>Crni anodizirani aluminijski ku\u0107i\u0161te, plasti\u010dne koloture visoke \u010dvrsto\u0107e s dvostrukim kugli\u010dnim le\u017eajevima. Svi modeli isporu\u010duju se s vijcima, podlo\u0161kama i pri\u010dvrsnim maticama od nehr\u0111aju\u0107eg \u010delika 316.<\/p>\n","protected":false},"excerpt":{"rendered":"<p>Palubni organizatori za jedrilice Antal, 2 valjka &#8211; 16mm &#8211; Crni anodizirani aluminijski ku\u0107i\u0161te, plasti\u010dne koloture visoke \u010dvrsto\u0107e s dvostrukim<\/p>\n","protected":false},"featured_media":5936188,"comment_status":"open","ping_status":"closed","template":"","meta":[],"product_brand":[2786],"product_cat":[1762,1760],"product_tag":[],"class_list":{"0":"post-739299","1":"product","2":"type-product","3":"status-publish","4":"has-post-thumbnail","6":"product_brand-antal-hr","7":"product_cat-antal-koloture-za-jedrilice","8":"product_cat-palubni-organizatori-za-jedrilice","10":"first","11":"instock","12":"shipping-taxable","13":"purchasable","14":"product-type-simple"},"_links":{"self":[{"href":"https:\/\/stoic-curie.212-227-153-4.plesk.page\/hr\/wp-json\/wp\/v2\/product\/739299","targetHints":{"allow":["GET"]}}],"collection":[{"href":"https:\/\/stoic-curie.212-227-153-4.plesk.page\/hr\/wp-json\/wp\/v2\/product"}],"about":[{"href":"https:\/\/stoic-curie.212-227-153-4.plesk.page\/hr\/wp-json\/wp\/v2\/types\/product"}],"replies":[{"embeddable":true,"href":"https:\/\/stoic-curie.212-227-153-4.plesk.page\/hr\/wp-json\/wp\/v2\/comments?post=739299"}],"version-history":[{"count":0,"href":"https:\/\/stoic-curie.212-227-153-4.plesk.page\/hr\/wp-json\/wp\/v2\/product\/739299\/revisions"}],"wp:featuredmedia":[{"embeddable":true,"href":"https:\/\/stoic-curie.212-227-153-4.plesk.page\/hr\/wp-json\/wp\/v2\/media\/5936188"}],"wp:attachment":[{"href":"https:\/\/stoic-curie.212-227-153-4.plesk.page\/hr\/wp-json\/wp\/v2\/media?parent=739299"}],"wp:term":[{"taxonomy":"product_brand","embeddable":true,"href":"https:\/\/stoic-curie.212-227-153-4.plesk.page\/hr\/wp-json\/wp\/v2\/product_brand?post=739299"},{"taxonomy":"product_cat","embeddable":true,"href":"https:\/\/stoic-curie.212-227-153-4.plesk.page\/hr\/wp-json\/wp\/v2\/product_cat?post=739299"},{"taxonomy":"product_tag","embeddable":true,"href":"https:\/\/stoic-curie.212-227-153-4.plesk.page\/hr\/wp-json\/wp\/v2\/product_tag?post=739299"}],"curies":[{"name":"wp","href":"https:\/\/api.w.org\/{rel}","templated":true}]}}