{"id":739302,"date":"2025-03-03T18:03:16","date_gmt":"2025-03-03T17:03:16","guid":{"rendered":"https:\/\/stoic-curie.212-227-153-4.plesk.page\/producto\/palubni-organizatori-za-jedrilice-antal-5-prolaza-za-konop-do-16-mm\/"},"modified":"2026-02-25T00:00:33","modified_gmt":"2026-02-25T00:00:33","slug":"palubni-organizatori-za-jedrilice-antal-5-prolaza-za-konop-do-16-mm","status":"publish","type":"product","link":"https:\/\/stoic-curie.212-227-153-4.plesk.page\/hr\/product\/palubni-organizatori-za-jedrilice-antal-5-prolaza-za-konop-do-16-mm\/","title":{"rendered":"Palubni organizatori za jedrilice Antal 5 prolaza za konop do 16 mm"},"content":{"rendered":"<p>Palubni organizatori za jedrilice Antal 5 prolaza za konop do 16 mm &#8211; <\/p>\n<p>Crni anodizirani aluminijski ku\u0107i\u0161te, sheave od visoko otpornog smole s dvostrukim kugli\u010dnim le\u017eajevima. Svi modeli isporu\u010duju se s 316 nehr\u0111aju\u0107im \u010davlima, podlo\u0161cima i maticama za monta\u017eu.<\/p>\n","protected":false},"excerpt":{"rendered":"<p>Palubni organizatori za jedrilice Antal 5 prolaza za konop do 16 mm &#8211; Crni anodizirani aluminijski ku\u0107i\u0161te, sheave od visoko<\/p>\n","protected":false},"featured_media":5936188,"comment_status":"open","ping_status":"closed","template":"","meta":[],"product_brand":[2786],"product_cat":[1762,1760],"product_tag":[],"class_list":{"0":"post-739302","1":"product","2":"type-product","3":"status-publish","4":"has-post-thumbnail","6":"product_brand-antal-hr","7":"product_cat-antal-koloture-za-jedrilice","8":"product_cat-palubni-organizatori-za-jedrilice","10":"first","11":"outofstock","12":"shipping-taxable","13":"purchasable","14":"product-type-simple"},"_links":{"self":[{"href":"https:\/\/stoic-curie.212-227-153-4.plesk.page\/hr\/wp-json\/wp\/v2\/product\/739302","targetHints":{"allow":["GET"]}}],"collection":[{"href":"https:\/\/stoic-curie.212-227-153-4.plesk.page\/hr\/wp-json\/wp\/v2\/product"}],"about":[{"href":"https:\/\/stoic-curie.212-227-153-4.plesk.page\/hr\/wp-json\/wp\/v2\/types\/product"}],"replies":[{"embeddable":true,"href":"https:\/\/stoic-curie.212-227-153-4.plesk.page\/hr\/wp-json\/wp\/v2\/comments?post=739302"}],"version-history":[{"count":0,"href":"https:\/\/stoic-curie.212-227-153-4.plesk.page\/hr\/wp-json\/wp\/v2\/product\/739302\/revisions"}],"wp:featuredmedia":[{"embeddable":true,"href":"https:\/\/stoic-curie.212-227-153-4.plesk.page\/hr\/wp-json\/wp\/v2\/media\/5936188"}],"wp:attachment":[{"href":"https:\/\/stoic-curie.212-227-153-4.plesk.page\/hr\/wp-json\/wp\/v2\/media?parent=739302"}],"wp:term":[{"taxonomy":"product_brand","embeddable":true,"href":"https:\/\/stoic-curie.212-227-153-4.plesk.page\/hr\/wp-json\/wp\/v2\/product_brand?post=739302"},{"taxonomy":"product_cat","embeddable":true,"href":"https:\/\/stoic-curie.212-227-153-4.plesk.page\/hr\/wp-json\/wp\/v2\/product_cat?post=739302"},{"taxonomy":"product_tag","embeddable":true,"href":"https:\/\/stoic-curie.212-227-153-4.plesk.page\/hr\/wp-json\/wp\/v2\/product_tag?post=739302"}],"curies":[{"name":"wp","href":"https:\/\/api.w.org\/{rel}","templated":true}]}}