{"id":739307,"date":"2025-03-03T18:03:18","date_gmt":"2025-03-03T17:03:18","guid":{"rendered":"https:\/\/stoic-curie.212-227-153-4.plesk.page\/producto\/antal-self-tailing-vinc-xt16-2-2-brzine-112mm\/"},"modified":"2026-02-25T00:00:33","modified_gmt":"2026-02-25T00:00:33","slug":"antal-self-tailing-vinc-xt16-2-2-brzine-112mm","status":"publish","type":"product","link":"https:\/\/stoic-curie.212-227-153-4.plesk.page\/hr\/product\/antal-self-tailing-vinc-xt16-2-2-brzine-112mm\/","title":{"rendered":"Antal Self-Tailing vin\u010d XT16.2, 2 brzine"},"content":{"rendered":"<p>Antal Self-Tailing vin\u010d XT16.2, 2 brzine &#8211; <\/p>\n<p style=\"color: rgb(34, 34, 34); font-family: Arial, Helvetica, sans-serif; font-size: small;\">Antal XT16ST Cruise dv brzinski vuku za jedrenje<\/p>\n<p style=\"color: rgb(34, 34, 34); font-family: Arial, Helvetica, sans-serif; font-size: small;\">Antal XT16ST je automatski vuku dizajniran za jedrenje i natjecateljske regate, koji nudi dva radna brzina: izravnu i smanjenu. Njegova pobolj\u0161ana brzina oporavka, uz kompaktni i lagani dizajn, \u010dini ga izvrsnim izborom za one koji se bave natjecateljskim jedrenjem.<\/p>\n<p style=\"color: rgb(34, 34, 34); font-family: Arial, Helvetica, sans-serif; font-size: small;\">Ovaj vuk je kompatibilan s u\u017eetima promjera od 6 do 10 mm.<\/p>\n<p style=\"color: rgb(34, 34, 34); font-family: Arial, Helvetica, sans-serif; font-size: small;\">Antal je poznat po proizvodnji visokih performansi, izdr\u017eljivih automatskih vuku koji izvrsno funkcioniraju u jedrenju i trka\u0107im scenarijima.<\/p>\n<p style=\"color: rgb(34, 34, 34); font-family: Arial, Helvetica, sans-serif; font-size: small;\">Mo\u017eete odabrati izme\u0111u \u010dvrstog crnog anodiziranog aluminijskog bubnja ili kromirane zavr\u0161ne obrade. Vuk je opremljen sredi\u0161njom \u0161ipkom od AISI 316 nehr\u0111aju\u0107eg \u010delika, valjcima i bron\u010danim zup\u010danicima. Odr\u017eavanje je jednostavno; samo odvrnite gornji prsten kako biste rastavili vuku za lak\u0161i pristup i servisiranje.<\/p>\n<p style=\"color: rgb(34, 34, 34); font-family: Arial, Helvetica, sans-serif; font-size: small;\">Uklju\u010denje izravnog zup\u010danika uz jedan smanjen zup\u010danik nudi br\u017eu opciju oporavka, \u010dine\u0107i ga prilagodljivim raznim uvjetima jedrenja. Disk sa oprugom automatski se prilago\u0111ava kako bi odgovarao \u010dak i najtanjim konopcima. U slu\u010daju preoptere\u0107enja, pu\u0161ta konopac kako bi se izbjeglo prekomjerno optere\u0107enje na automatskom vuku.<\/p>\n<p style=\"color: rgb(34, 34, 34); font-family: Arial, Helvetica, sans-serif; font-size: small;\">Specifikacije:<\/p>\n<ul style=\"color: rgb(34, 34, 34); font-family: Arial, Helvetica, sans-serif; font-size: small;\">\n<li>Visina: 119 mm<\/li>\n<li>Promjer baze: 112 mm<\/li>\n<li>Promjer bubnja: 71 mm<\/li>\n<li>Te\u017eina: Aluminij 2,6 kg, Krom 3 kg<\/li>\n<li>Minimalni promjer u\u017eeta: 6 mm<\/li>\n<li>Maksimalni promjer u\u017eeta: 10 mm<\/li>\n<li>Pritajne vijci: 5 x 6 mm<\/li>\n<li>Omjer zup\u010danika: 1:1 &#8211; 2:1<\/li>\n<\/ul>\n","protected":false},"excerpt":{"rendered":"<p>Antal Self-Tailing vin\u010d XT16.2, 2 brzine &#8211; Antal XT16ST Cruise dv brzinski vuku za jedrenje Antal XT16ST je automatski vuku<\/p>\n","protected":false},"featured_media":5936205,"comment_status":"open","ping_status":"closed","template":"","meta":[],"product_brand":[2786],"product_cat":[1773],"product_tag":[],"class_list":{"0":"post-739307","1":"product","2":"type-product","3":"status-publish","4":"has-post-thumbnail","6":"product_brand-antal-hr","7":"product_cat-antal-vincevi-za-jedrilice","9":"first","10":"instock","11":"shipping-taxable","12":"purchasable","13":"product-type-simple"},"_links":{"self":[{"href":"https:\/\/stoic-curie.212-227-153-4.plesk.page\/hr\/wp-json\/wp\/v2\/product\/739307","targetHints":{"allow":["GET"]}}],"collection":[{"href":"https:\/\/stoic-curie.212-227-153-4.plesk.page\/hr\/wp-json\/wp\/v2\/product"}],"about":[{"href":"https:\/\/stoic-curie.212-227-153-4.plesk.page\/hr\/wp-json\/wp\/v2\/types\/product"}],"replies":[{"embeddable":true,"href":"https:\/\/stoic-curie.212-227-153-4.plesk.page\/hr\/wp-json\/wp\/v2\/comments?post=739307"}],"version-history":[{"count":0,"href":"https:\/\/stoic-curie.212-227-153-4.plesk.page\/hr\/wp-json\/wp\/v2\/product\/739307\/revisions"}],"wp:featuredmedia":[{"embeddable":true,"href":"https:\/\/stoic-curie.212-227-153-4.plesk.page\/hr\/wp-json\/wp\/v2\/media\/5936205"}],"wp:attachment":[{"href":"https:\/\/stoic-curie.212-227-153-4.plesk.page\/hr\/wp-json\/wp\/v2\/media?parent=739307"}],"wp:term":[{"taxonomy":"product_brand","embeddable":true,"href":"https:\/\/stoic-curie.212-227-153-4.plesk.page\/hr\/wp-json\/wp\/v2\/product_brand?post=739307"},{"taxonomy":"product_cat","embeddable":true,"href":"https:\/\/stoic-curie.212-227-153-4.plesk.page\/hr\/wp-json\/wp\/v2\/product_cat?post=739307"},{"taxonomy":"product_tag","embeddable":true,"href":"https:\/\/stoic-curie.212-227-153-4.plesk.page\/hr\/wp-json\/wp\/v2\/product_tag?post=739307"}],"curies":[{"name":"wp","href":"https:\/\/api.w.org\/{rel}","templated":true}]}}